{"id":5021,"date":"2025-07-01T13:01:28","date_gmt":"2025-07-01T11:01:28","guid":{"rendered":"https:\/\/tornyos.eu\/?post_type=product&#038;p=5021"},"modified":"2025-07-17T15:19:23","modified_gmt":"2025-07-17T13:19:23","slug":"vanilias-kepviselofank","status":"publish","type":"product","link":"https:\/\/tornyos.eu\/hr\/termek\/vanilias-kepviselofank\/","title":{"rendered":"Van\u00edli\u00e1s k\u00e9pvisel\u0151f\u00e1nk"},"content":{"rendered":"","protected":false},"excerpt":{"rendered":"<h3 class=\"wp-block-heading\">\u00c1tlagos t\u00e1p\u00e9rt\u00e9k 100 g term\u00e9kben<\/h3>\n<p><!-- \/wp:heading --><\/p>\n<p><!-- wp:table --><\/p>\n<figure class=\"wp-block-table\">\n<table class=\"has-fixed-layout\">\n<tbody>\n<tr>\n<td>Energia:<\/td>\n<td>201,9 kCal \/ 847 kJ<\/td>\n<\/tr>\n<tr>\n<td>Zs\u00edr:<\/td>\n<td>10,7 g<\/td>\n<\/tr>\n<tr>\n<td>amelyb\u0151l tel\u00edtett zs\u00edrsavak:<\/td>\n<td>6,8 g<\/td>\n<\/tr>\n<tr>\n<td>Sz\u00e9nhidr\u00e1t:<\/td>\n<td>13,8 g<\/td>\n<\/tr>\n<tr>\n<td>amelyb\u0151l cukrok:<\/td>\n<td>30,00 g<\/td>\n<\/tr>\n<tr>\n<td>Feh\u00e9rje:<\/td>\n<td>3,0 g<\/td>\n<\/tr>\n<tr>\n<td>S\u00f3:<\/td>\n<td>0,3 g<\/td>\n<\/tr>\n<\/tbody>\n<\/table><figcaption><\/figcaption><figcaption class=\"wp-element-caption\"><\/figcaption><\/figure>\n<p><!-- \/wp:table --><\/p>\n<p><!-- wp:separator --><!-- \/wp:paragraph --><\/p>\n<p><!-- wp:separator --><\/p>\n<hr class=\"wp-block-separator has-alpha-channel-opacity\" \/>\n<p><!-- \/wp:separator --><\/p>\n<p><!-- wp:heading {\"level\":3} --><\/p>\n<h3 class=\"wp-block-heading\"><strong>\u00d6sszetev\u0151k<\/strong><\/h3>\n<p><!-- \/wp:heading --><\/p>\n<p><!-- wp:paragraph --><\/p>\n<p>v\u00edz, kr\u00e9mpor (cukor, <strong>tejsav\u00f3por<\/strong>, m\u00f3dos\u00edtott kem\u00e9ny\u00edt\u0151 (E1414),<br \/>\np\u00e1lmazs\u00edr, emulge\u00e1l\u00f3szer (E472a), s\u0171r\u00edt\u0151anyag (E401), zselatin (marhah\u00fas),<br \/>\nsz\u00ednez\u00e9k (karotinok (E160a), paprikakivonat (E160c)), s\u00f3, aroma), <strong>toj\u00e1s<\/strong>, foly\u00e9kony<br \/>\nn\u00f6v\u00e9nyi cukr\u00e1sz habalap (v\u00edz, p\u00e1lmamagolaj (teljes m\u00e9rt\u00e9kben hidrog\u00e9nezett), cukor,<br \/>\n<strong>tejfeh\u00e9rje<\/strong>, emulge\u00e1l\u00f3szer E472b, E322 (<strong>sz\u00f3ja<\/strong>), E472e, stabiliz\u00e1tor E460, E466,<br \/>\nE340, aroma, sz\u00ednez\u00e9k E160a), <strong>b\u00fazaliszt<\/strong>, margarin (n\u00f6v\u00e9nyi zs\u00edrok \u00e9s olajok<br \/>\n(p\u00e1lma, k\u00f3kusz, repce, napraforg\u00f3), teljes m\u00e9rt\u00e9kben hidrog\u00e9nezett n\u00f6v\u00e9nyi zs\u00edr<br \/>\n(k\u00f3kusz), <strong>vajzs\u00edr<\/strong>, emulge\u00e1torok (E322, E471, E472c, E475, E476), tart\u00f3s\u00edt\u00f3szer<br \/>\n(E202), s\u00f3 (0,1%), aroma, \u00e9tkez\u00e9si sav (E330, E331), sz\u00ednez\u00e9k (E160a), s\u00f3,<br \/>\namm\u00f3nium-hidrog\u00e9nkarbon\u00e1t, van\u00edli\u00e1s cukor, k\u00e1lium-szorb\u00e1t.<\/p>\n<p><!-- wp:separator --><\/p>\n<hr class=\"wp-block-separator has-alpha-channel-opacity\" \/>\n<p><!-- \/wp:separator --><\/p>\n<h3 class=\"wp-block-heading\">Allerg\u00e9n inform\u00e1ci\u00f3k, GMO inform\u00e1ci\u00f3<\/h3>\n<p><!-- \/wp:heading --><\/p>\n<p><!-- wp:paragraph --><\/p>\n<p>A term\u00e9k tartalmaz: glut\u00e9nt, sz\u00f3j\u00e1t, tejet, toj\u00e1st. Nyomokban tartalmazhat csonth\u00e9jas term\u00e9s, f\u00f6ldimogyor\u00f3, csillagf\u00fcrt \u00e9s szez\u00e1mmag sz\u00e1rmaz\u00e9kait.<br \/>\nAz \u00e9lelmiszer el\u0151\u00e1ll\u00edt\u00e1s\u00e1hoz g\u00e9ntechnol\u00f3gi\u00e1val m\u00f3dos\u00edtott szervezetet, anyagot nem haszn\u00e1lunk.<\/p>\n<p><!-- \/wp:paragraph --><\/p>\n<p><!-- wp:separator --><\/p>\n<hr class=\"wp-block-separator has-alpha-channel-opacity\" \/>\n<p><!-- \/wp:separator --><\/p>\n<p><!-- wp:heading {\"level\":3} --><\/p>\n<h3 class=\"wp-block-heading\">T\u00e1rol\u00e1s<\/h3>\n<p><!-- \/wp:heading --><\/p>\n<p><!-- wp:paragraph --><\/p>\n<p>0-5 \u00b0C<\/p>\n<p><!-- \/wp:paragraph --><\/p>\n<p><!-- wp:separator --><\/p>\n<p><!-- wp:separator --><\/p>\n<hr class=\"wp-block-separator has-alpha-channel-opacity\" \/>\n<p><!-- \/wp:separator --><\/p>\n<h3 class=\"wp-block-heading\">Logisztikai adatok<\/h3>\n<p><!-- \/wp:heading --><\/p>\n<p><!-- wp:table --><\/p>\n<figure class=\"wp-block-table\">\n<table class=\"has-fixed-layout\">\n<tbody>\n<tr>\n<td><strong>Nett\u00f3 t\u00f6meg<\/strong><\/td>\n<td>240 g<\/td>\n<\/tr>\n<tr>\n<td>\n<p class=\"wp-block-heading\"><strong>Min\u0151s\u00e9gmeg\u0151rz\u00e9si id\u0151<\/strong><\/p>\n<\/td>\n<td>10 nap<\/td>\n<\/tr>\n<tr>\n<td>\n<p class=\"wp-block-heading\"><strong>Darab \/ csomag<\/strong><\/p>\n<\/td>\n<td>4<\/td>\n<\/tr>\n<tr>\n<td><strong style=\"font-family: inherit; font-size: inherit;\">Csomag \/ karton<\/strong><\/td>\n<td>8<\/td>\n<\/tr>\n<tr>\n<td><strong>Karton \/ raklap<\/strong><\/td>\n<td>80<\/td>\n<\/tr>\n<tr>\n<td><strong>CCA. m\u00e9retek<\/strong><\/td>\n<td><\/td>\n<\/tr>\n<\/tbody>\n<\/table>\n<\/figure>\n","protected":false},"featured_media":5048,"comment_status":"open","ping_status":"closed","template":"","meta":[],"product_brand":[],"product_cat":[70,87],"product_tag":[90],"class_list":{"0":"post-5021","1":"product","2":"type-product","3":"status-publish","4":"has-post-thumbnail","6":"product_cat-slasticarski-proizvodi","7":"product_cat-novi-proizvodi","8":"product_tag-cukraszati-termek","10":"first","11":"instock","12":"shipping-taxable","13":"product-type-simple"},"yoast_head":"<!-- This site is optimized with the Yoast SEO plugin v27.0 - https:\/\/yoast.com\/product\/yoast-seo-wordpress\/ -->\n<title>Van\u00edli\u00e1s k\u00e9pvisel\u0151f\u00e1nk - Tornyos P\u00e9ks\u00e9g<\/title>\n<meta name=\"robots\" content=\"index, follow, max-snippet:-1, max-image-preview:large, max-video-preview:-1\" \/>\n<link rel=\"canonical\" href=\"https:\/\/tornyos.eu\/hr\/termek\/vanilias-kepviselofank\/\" \/>\n<meta property=\"og:locale\" content=\"hr_HR\" \/>\n<meta property=\"og:type\" content=\"article\" \/>\n<meta property=\"og:title\" content=\"Van\u00edli\u00e1s k\u00e9pvisel\u0151f\u00e1nk - Tornyos P\u00e9ks\u00e9g\" \/>\n<meta property=\"og:description\" content=\"\u00c1tlagos t\u00e1p\u00e9rt\u00e9k 100 g term\u00e9kben        Energia: 201,9 kCal \/ 847 kJ   Zs\u00edr: 10,7 g   amelyb\u0151l tel\u00edtett zs\u00edrsavak: 6,8 g   Sz\u00e9nhidr\u00e1t: 13,8 g   amelyb\u0151l cukrok: 30,00 g   Feh\u00e9rje: 3,0 g   S\u00f3: 0,3 g                \u00d6sszetev\u0151k     v\u00edz, kr\u00e9mpor (cukor, tejsav\u00f3por, m\u00f3dos\u00edtott kem\u00e9ny\u00edt\u0151 (E1414), p\u00e1lmazs\u00edr, emulge\u00e1l\u00f3szer (E472a), s\u0171r\u00edt\u0151anyag (E401), zselatin (marhah\u00fas), sz\u00ednez\u00e9k (karotinok (E160a), paprikakivonat (E160c)), s\u00f3, aroma), toj\u00e1s, foly\u00e9kony n\u00f6v\u00e9nyi cukr\u00e1sz habalap (v\u00edz, p\u00e1lmamagolaj (teljes m\u00e9rt\u00e9kben hidrog\u00e9nezett), cukor, tejfeh\u00e9rje, emulge\u00e1l\u00f3szer E472b, E322 (sz\u00f3ja), E472e, stabiliz\u00e1tor E460, E466, E340, aroma, sz\u00ednez\u00e9k E160a), b\u00fazaliszt, margarin (n\u00f6v\u00e9nyi zs\u00edrok \u00e9s olajok (p\u00e1lma, k\u00f3kusz, repce, napraforg\u00f3), teljes m\u00e9rt\u00e9kben hidrog\u00e9nezett n\u00f6v\u00e9nyi zs\u00edr (k\u00f3kusz), vajzs\u00edr, emulge\u00e1torok (E322, E471, E472c, E475, E476), tart\u00f3s\u00edt\u00f3szer (E202), s\u00f3 (0,1%), aroma, \u00e9tkez\u00e9si sav (E330, E331), sz\u00ednez\u00e9k (E160a), s\u00f3, amm\u00f3nium-hidrog\u00e9nkarbon\u00e1t, van\u00edli\u00e1s cukor, k\u00e1lium-szorb\u00e1t.       Allerg\u00e9n inform\u00e1ci\u00f3k, GMO inform\u00e1ci\u00f3     A term\u00e9k tartalmaz: glut\u00e9nt, sz\u00f3j\u00e1t, tejet, toj\u00e1st. Nyomokban tartalmazhat csonth\u00e9jas term\u00e9s, f\u00f6ldimogyor\u00f3, csillagf\u00fcrt \u00e9s szez\u00e1mmag sz\u00e1rmaz\u00e9kait. Az \u00e9lelmiszer el\u0151\u00e1ll\u00edt\u00e1s\u00e1hoz g\u00e9ntechnol\u00f3gi\u00e1val m\u00f3dos\u00edtott szervezetet, anyagot nem haszn\u00e1lunk.           T\u00e1rol\u00e1s     0-5 \u00b0C           Logisztikai adatok        Nett\u00f3 t\u00f6meg 240 g    Min\u0151s\u00e9gmeg\u0151rz\u00e9si id\u0151  10 nap    Darab \/ csomag  4   Csomag \/ karton 8   Karton \/ raklap 80   CCA. m\u00e9retek\" \/>\n<meta property=\"og:url\" content=\"https:\/\/tornyos.eu\/hr\/termek\/vanilias-kepviselofank\/\" \/>\n<meta property=\"og:site_name\" content=\"Tornyos P\u00e9ks\u00e9g\" \/>\n<meta property=\"article:publisher\" content=\"https:\/\/www.facebook.com\/tornyos\" \/>\n<meta property=\"article:modified_time\" content=\"2025-07-17T13:19:23+00:00\" \/>\n<meta property=\"og:image\" content=\"https:\/\/tornyos.eu\/wp-content\/uploads\/2025\/07\/DDS_6485jk.jpg\" \/>\n\t<meta property=\"og:image:width\" content=\"1600\" \/>\n\t<meta property=\"og:image:height\" content=\"1065\" \/>\n\t<meta property=\"og:image:type\" content=\"image\/jpeg\" \/>\n<meta name=\"twitter:card\" content=\"summary_large_image\" \/>\n<meta name=\"twitter:label1\" content=\"Procijenjeno vrijeme \u010ditanja\" \/>\n\t<meta name=\"twitter:data1\" content=\"1 minuta\" \/>\n<script type=\"application\/ld+json\" class=\"yoast-schema-graph\">{\"@context\":\"https:\/\/schema.org\",\"@graph\":[{\"@type\":\"WebPage\",\"@id\":\"https:\/\/tornyos.eu\/hr\/termek\/vanilias-kepviselofank\/\",\"url\":\"https:\/\/tornyos.eu\/hr\/termek\/vanilias-kepviselofank\/\",\"name\":\"Van\u00edli\u00e1s k\u00e9pvisel\u0151f\u00e1nk - Tornyos P\u00e9ks\u00e9g\",\"isPartOf\":{\"@id\":\"https:\/\/tornyos.eu\/hr\/#website\"},\"primaryImageOfPage\":{\"@id\":\"https:\/\/tornyos.eu\/hr\/termek\/vanilias-kepviselofank\/#primaryimage\"},\"image\":{\"@id\":\"https:\/\/tornyos.eu\/hr\/termek\/vanilias-kepviselofank\/#primaryimage\"},\"thumbnailUrl\":\"https:\/\/tornyos.eu\/wp-content\/uploads\/2025\/07\/DDS_6485jk.jpg\",\"datePublished\":\"2025-07-01T11:01:28+00:00\",\"dateModified\":\"2025-07-17T13:19:23+00:00\",\"breadcrumb\":{\"@id\":\"https:\/\/tornyos.eu\/hr\/termek\/vanilias-kepviselofank\/#breadcrumb\"},\"inLanguage\":\"hr\",\"potentialAction\":[{\"@type\":\"ReadAction\",\"target\":[\"https:\/\/tornyos.eu\/hr\/termek\/vanilias-kepviselofank\/\"]}]},{\"@type\":\"ImageObject\",\"inLanguage\":\"hr\",\"@id\":\"https:\/\/tornyos.eu\/hr\/termek\/vanilias-kepviselofank\/#primaryimage\",\"url\":\"https:\/\/tornyos.eu\/wp-content\/uploads\/2025\/07\/DDS_6485jk.jpg\",\"contentUrl\":\"https:\/\/tornyos.eu\/wp-content\/uploads\/2025\/07\/DDS_6485jk.jpg\",\"width\":1600,\"height\":1065},{\"@type\":\"BreadcrumbList\",\"@id\":\"https:\/\/tornyos.eu\/hr\/termek\/vanilias-kepviselofank\/#breadcrumb\",\"itemListElement\":[{\"@type\":\"ListItem\",\"position\":1,\"name\":\"Kezd\u0151lap\",\"item\":\"https:\/\/tornyos.eu\/hr\/\"},{\"@type\":\"ListItem\",\"position\":2,\"name\":\"Proizvodi\",\"item\":\"https:\/\/tornyos.eu\/hr\/shop\/\"},{\"@type\":\"ListItem\",\"position\":3,\"name\":\"Van\u00edli\u00e1s k\u00e9pvisel\u0151f\u00e1nk\"}]},{\"@type\":\"WebSite\",\"@id\":\"https:\/\/tornyos.eu\/hr\/#website\",\"url\":\"https:\/\/tornyos.eu\/hr\/\",\"name\":\"Tornyos P\u00e9ks\u00e9g\",\"description\":\"Tele pocak, boldog pocak!\",\"publisher\":{\"@id\":\"https:\/\/tornyos.eu\/hr\/#organization\"},\"potentialAction\":[{\"@type\":\"SearchAction\",\"target\":{\"@type\":\"EntryPoint\",\"urlTemplate\":\"https:\/\/tornyos.eu\/hr\/?s={search_term_string}\"},\"query-input\":{\"@type\":\"PropertyValueSpecification\",\"valueRequired\":true,\"valueName\":\"search_term_string\"}}],\"inLanguage\":\"hr\"},{\"@type\":\"Organization\",\"@id\":\"https:\/\/tornyos.eu\/hr\/#organization\",\"name\":\"Tornyos P\u00e9ks\u00e9g\",\"url\":\"https:\/\/tornyos.eu\/hr\/\",\"logo\":{\"@type\":\"ImageObject\",\"inLanguage\":\"hr\",\"@id\":\"https:\/\/tornyos.eu\/hr\/#\/schema\/logo\/image\/\",\"url\":\"https:\/\/tornyos.eu\/wp-content\/uploads\/2024\/08\/tornyos-color1.svg\",\"contentUrl\":\"https:\/\/tornyos.eu\/wp-content\/uploads\/2024\/08\/tornyos-color1.svg\",\"width\":770,\"height\":134,\"caption\":\"Tornyos P\u00e9ks\u00e9g\"},\"image\":{\"@id\":\"https:\/\/tornyos.eu\/hr\/#\/schema\/logo\/image\/\"},\"sameAs\":[\"https:\/\/www.facebook.com\/tornyos\",\"https:\/\/www.instagram.com\/tornyospekseg\/\",\"https:\/\/www.youtube.com\/@tornyospeksegcukraszda8788\"]}]}<\/script>\n<!-- \/ Yoast SEO plugin. -->","yoast_head_json":{"title":"Van\u00edli\u00e1s k\u00e9pvisel\u0151f\u00e1nk - Tornyos P\u00e9ks\u00e9g","robots":{"index":"index","follow":"follow","max-snippet":"max-snippet:-1","max-image-preview":"max-image-preview:large","max-video-preview":"max-video-preview:-1"},"canonical":"https:\/\/tornyos.eu\/hr\/termek\/vanilias-kepviselofank\/","og_locale":"hr_HR","og_type":"article","og_title":"Van\u00edli\u00e1s k\u00e9pvisel\u0151f\u00e1nk - Tornyos P\u00e9ks\u00e9g","og_description":"\u00c1tlagos t\u00e1p\u00e9rt\u00e9k 100 g term\u00e9kben        Energia: 201,9 kCal \/ 847 kJ   Zs\u00edr: 10,7 g   amelyb\u0151l tel\u00edtett zs\u00edrsavak: 6,8 g   Sz\u00e9nhidr\u00e1t: 13,8 g   amelyb\u0151l cukrok: 30,00 g   Feh\u00e9rje: 3,0 g   S\u00f3: 0,3 g                \u00d6sszetev\u0151k     v\u00edz, kr\u00e9mpor (cukor, tejsav\u00f3por, m\u00f3dos\u00edtott kem\u00e9ny\u00edt\u0151 (E1414), p\u00e1lmazs\u00edr, emulge\u00e1l\u00f3szer (E472a), s\u0171r\u00edt\u0151anyag (E401), zselatin (marhah\u00fas), sz\u00ednez\u00e9k (karotinok (E160a), paprikakivonat (E160c)), s\u00f3, aroma), toj\u00e1s, foly\u00e9kony n\u00f6v\u00e9nyi cukr\u00e1sz habalap (v\u00edz, p\u00e1lmamagolaj (teljes m\u00e9rt\u00e9kben hidrog\u00e9nezett), cukor, tejfeh\u00e9rje, emulge\u00e1l\u00f3szer E472b, E322 (sz\u00f3ja), E472e, stabiliz\u00e1tor E460, E466, E340, aroma, sz\u00ednez\u00e9k E160a), b\u00fazaliszt, margarin (n\u00f6v\u00e9nyi zs\u00edrok \u00e9s olajok (p\u00e1lma, k\u00f3kusz, repce, napraforg\u00f3), teljes m\u00e9rt\u00e9kben hidrog\u00e9nezett n\u00f6v\u00e9nyi zs\u00edr (k\u00f3kusz), vajzs\u00edr, emulge\u00e1torok (E322, E471, E472c, E475, E476), tart\u00f3s\u00edt\u00f3szer (E202), s\u00f3 (0,1%), aroma, \u00e9tkez\u00e9si sav (E330, E331), sz\u00ednez\u00e9k (E160a), s\u00f3, amm\u00f3nium-hidrog\u00e9nkarbon\u00e1t, van\u00edli\u00e1s cukor, k\u00e1lium-szorb\u00e1t.       Allerg\u00e9n inform\u00e1ci\u00f3k, GMO inform\u00e1ci\u00f3     A term\u00e9k tartalmaz: glut\u00e9nt, sz\u00f3j\u00e1t, tejet, toj\u00e1st. Nyomokban tartalmazhat csonth\u00e9jas term\u00e9s, f\u00f6ldimogyor\u00f3, csillagf\u00fcrt \u00e9s szez\u00e1mmag sz\u00e1rmaz\u00e9kait. Az \u00e9lelmiszer el\u0151\u00e1ll\u00edt\u00e1s\u00e1hoz g\u00e9ntechnol\u00f3gi\u00e1val m\u00f3dos\u00edtott szervezetet, anyagot nem haszn\u00e1lunk.           T\u00e1rol\u00e1s     0-5 \u00b0C           Logisztikai adatok        Nett\u00f3 t\u00f6meg 240 g    Min\u0151s\u00e9gmeg\u0151rz\u00e9si id\u0151  10 nap    Darab \/ csomag  4   Csomag \/ karton 8   Karton \/ raklap 80   CCA. m\u00e9retek","og_url":"https:\/\/tornyos.eu\/hr\/termek\/vanilias-kepviselofank\/","og_site_name":"Tornyos P\u00e9ks\u00e9g","article_publisher":"https:\/\/www.facebook.com\/tornyos","article_modified_time":"2025-07-17T13:19:23+00:00","og_image":[{"width":1600,"height":1065,"url":"https:\/\/tornyos.eu\/wp-content\/uploads\/2025\/07\/DDS_6485jk.jpg","type":"image\/jpeg"}],"twitter_card":"summary_large_image","twitter_misc":{"Procijenjeno vrijeme \u010ditanja":"1 minuta"},"schema":{"@context":"https:\/\/schema.org","@graph":[{"@type":"WebPage","@id":"https:\/\/tornyos.eu\/hr\/termek\/vanilias-kepviselofank\/","url":"https:\/\/tornyos.eu\/hr\/termek\/vanilias-kepviselofank\/","name":"Van\u00edli\u00e1s k\u00e9pvisel\u0151f\u00e1nk - Tornyos P\u00e9ks\u00e9g","isPartOf":{"@id":"https:\/\/tornyos.eu\/hr\/#website"},"primaryImageOfPage":{"@id":"https:\/\/tornyos.eu\/hr\/termek\/vanilias-kepviselofank\/#primaryimage"},"image":{"@id":"https:\/\/tornyos.eu\/hr\/termek\/vanilias-kepviselofank\/#primaryimage"},"thumbnailUrl":"https:\/\/tornyos.eu\/wp-content\/uploads\/2025\/07\/DDS_6485jk.jpg","datePublished":"2025-07-01T11:01:28+00:00","dateModified":"2025-07-17T13:19:23+00:00","breadcrumb":{"@id":"https:\/\/tornyos.eu\/hr\/termek\/vanilias-kepviselofank\/#breadcrumb"},"inLanguage":"hr","potentialAction":[{"@type":"ReadAction","target":["https:\/\/tornyos.eu\/hr\/termek\/vanilias-kepviselofank\/"]}]},{"@type":"ImageObject","inLanguage":"hr","@id":"https:\/\/tornyos.eu\/hr\/termek\/vanilias-kepviselofank\/#primaryimage","url":"https:\/\/tornyos.eu\/wp-content\/uploads\/2025\/07\/DDS_6485jk.jpg","contentUrl":"https:\/\/tornyos.eu\/wp-content\/uploads\/2025\/07\/DDS_6485jk.jpg","width":1600,"height":1065},{"@type":"BreadcrumbList","@id":"https:\/\/tornyos.eu\/hr\/termek\/vanilias-kepviselofank\/#breadcrumb","itemListElement":[{"@type":"ListItem","position":1,"name":"Kezd\u0151lap","item":"https:\/\/tornyos.eu\/hr\/"},{"@type":"ListItem","position":2,"name":"Proizvodi","item":"https:\/\/tornyos.eu\/hr\/shop\/"},{"@type":"ListItem","position":3,"name":"Van\u00edli\u00e1s k\u00e9pvisel\u0151f\u00e1nk"}]},{"@type":"WebSite","@id":"https:\/\/tornyos.eu\/hr\/#website","url":"https:\/\/tornyos.eu\/hr\/","name":"Tornyos P\u00e9ks\u00e9g","description":"Tele pocak, boldog pocak!","publisher":{"@id":"https:\/\/tornyos.eu\/hr\/#organization"},"potentialAction":[{"@type":"SearchAction","target":{"@type":"EntryPoint","urlTemplate":"https:\/\/tornyos.eu\/hr\/?s={search_term_string}"},"query-input":{"@type":"PropertyValueSpecification","valueRequired":true,"valueName":"search_term_string"}}],"inLanguage":"hr"},{"@type":"Organization","@id":"https:\/\/tornyos.eu\/hr\/#organization","name":"Tornyos P\u00e9ks\u00e9g","url":"https:\/\/tornyos.eu\/hr\/","logo":{"@type":"ImageObject","inLanguage":"hr","@id":"https:\/\/tornyos.eu\/hr\/#\/schema\/logo\/image\/","url":"https:\/\/tornyos.eu\/wp-content\/uploads\/2024\/08\/tornyos-color1.svg","contentUrl":"https:\/\/tornyos.eu\/wp-content\/uploads\/2024\/08\/tornyos-color1.svg","width":770,"height":134,"caption":"Tornyos P\u00e9ks\u00e9g"},"image":{"@id":"https:\/\/tornyos.eu\/hr\/#\/schema\/logo\/image\/"},"sameAs":["https:\/\/www.facebook.com\/tornyos","https:\/\/www.instagram.com\/tornyospekseg\/","https:\/\/www.youtube.com\/@tornyospeksegcukraszda8788"]}]}},"_links":{"self":[{"href":"https:\/\/tornyos.eu\/hr\/wp-json\/wp\/v2\/product\/5021","targetHints":{"allow":["GET"]}}],"collection":[{"href":"https:\/\/tornyos.eu\/hr\/wp-json\/wp\/v2\/product"}],"about":[{"href":"https:\/\/tornyos.eu\/hr\/wp-json\/wp\/v2\/types\/product"}],"replies":[{"embeddable":true,"href":"https:\/\/tornyos.eu\/hr\/wp-json\/wp\/v2\/comments?post=5021"}],"wp:featuredmedia":[{"embeddable":true,"href":"https:\/\/tornyos.eu\/hr\/wp-json\/wp\/v2\/media\/5048"}],"wp:attachment":[{"href":"https:\/\/tornyos.eu\/hr\/wp-json\/wp\/v2\/media?parent=5021"}],"wp:term":[{"taxonomy":"product_brand","embeddable":true,"href":"https:\/\/tornyos.eu\/hr\/wp-json\/wp\/v2\/product_brand?post=5021"},{"taxonomy":"product_cat","embeddable":true,"href":"https:\/\/tornyos.eu\/hr\/wp-json\/wp\/v2\/product_cat?post=5021"},{"taxonomy":"product_tag","embeddable":true,"href":"https:\/\/tornyos.eu\/hr\/wp-json\/wp\/v2\/product_tag?post=5021"}],"curies":[{"name":"wp","href":"https:\/\/api.w.org\/{rel}","templated":true}]}}