{"id":3678,"date":"2024-08-13T14:04:25","date_gmt":"2024-08-13T12:04:25","guid":{"rendered":"https:\/\/tornyos.eu\/termek\/tornyos-makos-pite\/"},"modified":"2025-02-14T13:55:17","modified_gmt":"2025-02-14T12:55:17","slug":"tornyos-pita-od-maka","status":"publish","type":"product","link":"https:\/\/tornyos.eu\/hr\/proizvod\/tornyos-pita-od-maka\/","title":{"rendered":"Tornyos pita od maka"},"content":{"rendered":"","protected":false},"excerpt":{"rendered":"<p><!-- wp:heading {\"level\":3} --><\/p>\n<h3 class=\"wp-block-heading\">Prosje\u010dne hranjive vrijednosti<\/h3>\n<p><!-- \/wp:heading --><\/p>\n<p><!-- wp:table --><\/p>\n<figure class=\"wp-block-table\">\n<table class=\"has-fixed-layout\">\n<tbody>\n<tr>\n<td>Energija:<\/td>\n<td>1780 kJ \/ 411 kcal<\/td>\n<\/tr>\n<tr>\n<td>Masti:<\/td>\n<td>24,3 g<\/td>\n<\/tr>\n<tr>\n<td>od kojih zasi\u0107ene masne kiseline:<\/td>\n<td>9,8 g<\/td>\n<\/tr>\n<tr>\n<td>Ugljikohidrati:<\/td>\n<td>45,9 g<\/td>\n<\/tr>\n<tr>\n<td>od kojih \u0161e\u0107eri:<\/td>\n<td>21,4 g<\/td>\n<\/tr>\n<tr>\n<td>Bjelan\u010devine:<\/td>\n<td>5,2 g<\/td>\n<\/tr>\n<tr>\n<td>Sol:<\/td>\n<td>0,15 g<\/td>\n<\/tr>\n<\/tbody>\n<\/table><figcaption><\/figcaption><figcaption class=\"wp-element-caption\"><\/figcaption><\/figure>\n<p><!-- \/wp:table --><\/p>\n<p><!-- wp:separator --><!-- \/wp:paragraph --><\/p>\n<p><!-- wp:separator --><\/p>\n<hr class=\"wp-block-separator has-alpha-channel-opacity\" \/>\n<p><!-- \/wp:separator --><\/p>\n<p><!-- wp:heading {\"level\":3} --><\/p>\n<h3 class=\"wp-block-heading\">Sastojci<\/h3>\n<p><!-- \/wp:heading --><\/p>\n<p><!-- wp:paragraph --><\/p>\n<p>P\u0160ENI\u010cNO BRA\u0160NO (gluten), margarin (biljne masti i ulja (palma, kokos, repica, suncokret u razli\u010ditim omjerima), voda, potpuno hidrogenizirana biljna mast (kokos), mlije\u010dna mast (laktoza), emulgatori (E322, E471, E472c, E475, E476), konzervans E202, kuhinjska sol, aroma, regulator kiselosti (E330, E331), bojilo E160a), \u0161e\u0107er u prahu, voda, mak, (p\u0161eni\u010dno bra\u0161no (gluten), \u0161e\u0107er, pra\u0161ak od jaja, sredstva protiv zgrudnjavanja i prianjanja: E339, E500; mlije\u010dni \u0161e\u0107er (laktoza), emulgatori: E475, E470, zgu\u0161njiva\u010d: E415, kuhinjska sol, za\u010dini, aroma), jestivo ulje, pahuljice krumpira, cijela teku\u0107a jaja, vanilin \u0161e\u0107er (\u0161e\u0107er, aroma vanilije), prirodno limunovo ulje, kukuruzno bra\u0161no, dekstroza, kukuruzni \u0161krob, soda bikarbona, sredstvo za rahljenje (natrijev hidrogenkarbonat, kukuruzni \u0161krob, stabilizator: ksantan), kalijev sorbat.<\/p>\n<p><!-- wp:separator --><\/p>\n<hr class=\"wp-block-separator has-alpha-channel-opacity\" \/>\n<p><!-- \/wp:separator --><\/p>\n<h3 class=\"wp-block-heading\">Informacije o alergenima i GMO<\/h3>\n<p><!-- \/wp:heading --><\/p>\n<p><!-- wp:paragraph --><\/p>\n<p>Proizvod sadr\u017ei: gluten, jaja, mlijeko i mlije\u010dne proizvode (laktoza).<br \/>\nMo\u017ee sadr\u017eavati tragove soje, ora\u0161astih plodova, sezama i njihovih derivata. Za proizvodnju ove namirnice ne koriste se genetski modificirani organizmi ni materijali.<\/p>\n<p><!-- \/wp:paragraph --><\/p>\n<p><!-- wp:separator --><\/p>\n<hr class=\"wp-block-separator has-alpha-channel-opacity\" \/>\n<p><!-- \/wp:separator --><\/p>\n<p><!-- wp:heading {\"level\":3} --><\/p>\n<h3 class=\"wp-block-heading\">\u010cuvanje<\/h3>\n<p><!-- \/wp:heading --><\/p>\n<p><!-- wp:paragraph --><\/p>\n<p>0-5 \u00b0C<\/p>\n<p><!-- \/wp:paragraph --><\/p>\n<p><!-- wp:separator --><\/p>\n<p><!-- wp:separator --><\/p>\n<hr class=\"wp-block-separator has-alpha-channel-opacity\" \/>\n<p><!-- \/wp:separator --><\/p>\n<h3 class=\"wp-block-heading\">Logisti\u010dki podaci<\/h3>\n<p><!-- \/wp:heading --><\/p>\n<p><!-- wp:table --><\/p>\n<figure class=\"wp-block-table\">\n<table class=\"has-fixed-layout\">\n<tbody>\n<tr>\n<td><strong>Neto te\u017eina<\/strong><\/td>\n<td>350 g<\/td>\n<\/tr>\n<tr>\n<td>\n<p class=\"wp-block-heading\"><strong>Rok trajanja<\/strong><\/p>\n<\/td>\n<td>10 dana<\/td>\n<\/tr>\n<tr>\n<td>\n<p class=\"wp-block-heading\"><strong>Komada \/ pakiranje<\/strong><\/p>\n<\/td>\n<td><\/td>\n<\/tr>\n<tr>\n<td><strong>Pakiranja \/ karton<\/strong><\/td>\n<td>8<\/td>\n<\/tr>\n<tr>\n<td><strong>Kartona \/ paleta<\/strong><\/td>\n<td>100<\/td>\n<\/tr>\n<tr>\n<td><strong>Pribl. dimenzije<\/strong><\/td>\n<td><\/td>\n<\/tr>\n<\/tbody>\n<\/table>\n<\/figure>\n<p><!-- \/wp:paragraph --><\/p>\n","protected":false},"featured_media":3680,"comment_status":"closed","ping_status":"closed","template":"","meta":[],"product_brand":[],"product_cat":[70],"product_tag":[],"class_list":{"0":"post-3678","1":"product","2":"type-product","3":"status-publish","4":"has-post-thumbnail","6":"product_cat-slasticarski-proizvodi","8":"first","9":"instock","10":"shipping-taxable","11":"product-type-simple"},"yoast_head":"<!-- This site is optimized with the Yoast SEO plugin v27.0 - https:\/\/yoast.com\/product\/yoast-seo-wordpress\/ -->\n<title>Tornyos pita od maka - Tornyos P\u00e9ks\u00e9g<\/title>\n<meta name=\"robots\" content=\"index, follow, max-snippet:-1, max-image-preview:large, max-video-preview:-1\" \/>\n<link rel=\"canonical\" href=\"https:\/\/tornyos.eu\/hr\/proizvod\/tornyos-pita-od-maka\/\" \/>\n<meta property=\"og:locale\" content=\"hr_HR\" \/>\n<meta property=\"og:type\" content=\"article\" \/>\n<meta property=\"og:title\" content=\"Tornyos pita od maka - Tornyos P\u00e9ks\u00e9g\" \/>\n<meta property=\"og:description\" content=\"Prosje\u010dne hranjive vrijednosti        Energija: 1780 kJ \/ 411 kcal   Masti: 24,3 g   od kojih zasi\u0107ene masne kiseline: 9,8 g   Ugljikohidrati: 45,9 g   od kojih \u0161e\u0107eri: 21,4 g   Bjelan\u010devine: 5,2 g   Sol: 0,15 g                Sastojci     P\u0160ENI\u010cNO BRA\u0160NO (gluten), margarin (biljne masti i ulja (palma, kokos, repica, suncokret u razli\u010ditim omjerima), voda, potpuno hidrogenizirana biljna mast (kokos), mlije\u010dna mast (laktoza), emulgatori (E322, E471, E472c, E475, E476), konzervans E202, kuhinjska sol, aroma, regulator kiselosti (E330, E331), bojilo E160a), \u0161e\u0107er u prahu, voda, mak, (p\u0161eni\u010dno bra\u0161no (gluten), \u0161e\u0107er, pra\u0161ak od jaja, sredstva protiv zgrudnjavanja i prianjanja: E339, E500; mlije\u010dni \u0161e\u0107er (laktoza), emulgatori: E475, E470, zgu\u0161njiva\u010d: E415, kuhinjska sol, za\u010dini, aroma), jestivo ulje, pahuljice krumpira, cijela teku\u0107a jaja, vanilin \u0161e\u0107er (\u0161e\u0107er, aroma vanilije), prirodno limunovo ulje, kukuruzno bra\u0161no, dekstroza, kukuruzni \u0161krob, soda bikarbona, sredstvo za rahljenje (natrijev hidrogenkarbonat, kukuruzni \u0161krob, stabilizator: ksantan), kalijev sorbat.       Informacije o alergenima i GMO     Proizvod sadr\u017ei: gluten, jaja, mlijeko i mlije\u010dne proizvode (laktoza). Mo\u017ee sadr\u017eavati tragove soje, ora\u0161astih plodova, sezama i njihovih derivata. Za proizvodnju ove namirnice ne koriste se genetski modificirani organizmi ni materijali.           \u010cuvanje     0-5 \u00b0C           Logisti\u010dki podaci        Neto te\u017eina 350 g    Rok trajanja  10 dana    Komada \/ pakiranje     Pakiranja \/ karton 8   Kartona \/ paleta 100   Pribl. dimenzije\" \/>\n<meta property=\"og:url\" content=\"https:\/\/tornyos.eu\/hr\/proizvod\/tornyos-pita-od-maka\/\" \/>\n<meta property=\"og:site_name\" content=\"Tornyos P\u00e9ks\u00e9g\" \/>\n<meta property=\"article:publisher\" content=\"https:\/\/www.facebook.com\/tornyos\" \/>\n<meta property=\"article:modified_time\" content=\"2025-02-14T12:55:17+00:00\" \/>\n<meta property=\"og:image\" content=\"https:\/\/tornyos.eu\/wp-content\/uploads\/2024\/08\/tornyos-makos-pite-3-.jpg\" \/>\n\t<meta property=\"og:image:width\" content=\"1500\" \/>\n\t<meta property=\"og:image:height\" content=\"1500\" \/>\n\t<meta property=\"og:image:type\" content=\"image\/jpeg\" \/>\n<meta name=\"twitter:card\" content=\"summary_large_image\" \/>\n<meta name=\"twitter:label1\" content=\"Procijenjeno vrijeme \u010ditanja\" \/>\n\t<meta name=\"twitter:data1\" content=\"1 minuta\" \/>\n<script type=\"application\/ld+json\" class=\"yoast-schema-graph\">{\"@context\":\"https:\/\/schema.org\",\"@graph\":[{\"@type\":\"WebPage\",\"@id\":\"https:\/\/tornyos.eu\/hr\/proizvod\/tornyos-pita-od-maka\/\",\"url\":\"https:\/\/tornyos.eu\/hr\/proizvod\/tornyos-pita-od-maka\/\",\"name\":\"Tornyos pita od maka - Tornyos P\u00e9ks\u00e9g\",\"isPartOf\":{\"@id\":\"https:\/\/tornyos.eu\/hr\/#website\"},\"primaryImageOfPage\":{\"@id\":\"https:\/\/tornyos.eu\/hr\/proizvod\/tornyos-pita-od-maka\/#primaryimage\"},\"image\":{\"@id\":\"https:\/\/tornyos.eu\/hr\/proizvod\/tornyos-pita-od-maka\/#primaryimage\"},\"thumbnailUrl\":\"https:\/\/tornyos.eu\/wp-content\/uploads\/2024\/08\/tornyos-makos-pite-3-.jpg\",\"datePublished\":\"2024-08-13T12:04:25+00:00\",\"dateModified\":\"2025-02-14T12:55:17+00:00\",\"breadcrumb\":{\"@id\":\"https:\/\/tornyos.eu\/hr\/proizvod\/tornyos-pita-od-maka\/#breadcrumb\"},\"inLanguage\":\"hr\",\"potentialAction\":[{\"@type\":\"ReadAction\",\"target\":[\"https:\/\/tornyos.eu\/hr\/proizvod\/tornyos-pita-od-maka\/\"]}]},{\"@type\":\"ImageObject\",\"inLanguage\":\"hr\",\"@id\":\"https:\/\/tornyos.eu\/hr\/proizvod\/tornyos-pita-od-maka\/#primaryimage\",\"url\":\"https:\/\/tornyos.eu\/wp-content\/uploads\/2024\/08\/tornyos-makos-pite-3-.jpg\",\"contentUrl\":\"https:\/\/tornyos.eu\/wp-content\/uploads\/2024\/08\/tornyos-makos-pite-3-.jpg\",\"width\":1500,\"height\":1500},{\"@type\":\"BreadcrumbList\",\"@id\":\"https:\/\/tornyos.eu\/hr\/proizvod\/tornyos-pita-od-maka\/#breadcrumb\",\"itemListElement\":[{\"@type\":\"ListItem\",\"position\":1,\"name\":\"Kezd\u0151lap\",\"item\":\"https:\/\/tornyos.eu\/hr\/\"},{\"@type\":\"ListItem\",\"position\":2,\"name\":\"Proizvodi\",\"item\":\"https:\/\/tornyos.eu\/hr\/shop\/\"},{\"@type\":\"ListItem\",\"position\":3,\"name\":\"Tornyos pita od maka\"}]},{\"@type\":\"WebSite\",\"@id\":\"https:\/\/tornyos.eu\/hr\/#website\",\"url\":\"https:\/\/tornyos.eu\/hr\/\",\"name\":\"Tornyos P\u00e9ks\u00e9g\",\"description\":\"Tele pocak, boldog pocak!\",\"publisher\":{\"@id\":\"https:\/\/tornyos.eu\/hr\/#organization\"},\"potentialAction\":[{\"@type\":\"SearchAction\",\"target\":{\"@type\":\"EntryPoint\",\"urlTemplate\":\"https:\/\/tornyos.eu\/hr\/?s={search_term_string}\"},\"query-input\":{\"@type\":\"PropertyValueSpecification\",\"valueRequired\":true,\"valueName\":\"search_term_string\"}}],\"inLanguage\":\"hr\"},{\"@type\":\"Organization\",\"@id\":\"https:\/\/tornyos.eu\/hr\/#organization\",\"name\":\"Tornyos P\u00e9ks\u00e9g\",\"url\":\"https:\/\/tornyos.eu\/hr\/\",\"logo\":{\"@type\":\"ImageObject\",\"inLanguage\":\"hr\",\"@id\":\"https:\/\/tornyos.eu\/hr\/#\/schema\/logo\/image\/\",\"url\":\"https:\/\/tornyos.eu\/wp-content\/uploads\/2024\/08\/tornyos-color1.svg\",\"contentUrl\":\"https:\/\/tornyos.eu\/wp-content\/uploads\/2024\/08\/tornyos-color1.svg\",\"width\":770,\"height\":134,\"caption\":\"Tornyos P\u00e9ks\u00e9g\"},\"image\":{\"@id\":\"https:\/\/tornyos.eu\/hr\/#\/schema\/logo\/image\/\"},\"sameAs\":[\"https:\/\/www.facebook.com\/tornyos\",\"https:\/\/www.instagram.com\/tornyospekseg\/\",\"https:\/\/www.youtube.com\/@tornyospeksegcukraszda8788\"]}]}<\/script>\n<!-- \/ Yoast SEO plugin. -->","yoast_head_json":{"title":"Tornyos pita od maka - Tornyos P\u00e9ks\u00e9g","robots":{"index":"index","follow":"follow","max-snippet":"max-snippet:-1","max-image-preview":"max-image-preview:large","max-video-preview":"max-video-preview:-1"},"canonical":"https:\/\/tornyos.eu\/hr\/proizvod\/tornyos-pita-od-maka\/","og_locale":"hr_HR","og_type":"article","og_title":"Tornyos pita od maka - Tornyos P\u00e9ks\u00e9g","og_description":"Prosje\u010dne hranjive vrijednosti        Energija: 1780 kJ \/ 411 kcal   Masti: 24,3 g   od kojih zasi\u0107ene masne kiseline: 9,8 g   Ugljikohidrati: 45,9 g   od kojih \u0161e\u0107eri: 21,4 g   Bjelan\u010devine: 5,2 g   Sol: 0,15 g                Sastojci     P\u0160ENI\u010cNO BRA\u0160NO (gluten), margarin (biljne masti i ulja (palma, kokos, repica, suncokret u razli\u010ditim omjerima), voda, potpuno hidrogenizirana biljna mast (kokos), mlije\u010dna mast (laktoza), emulgatori (E322, E471, E472c, E475, E476), konzervans E202, kuhinjska sol, aroma, regulator kiselosti (E330, E331), bojilo E160a), \u0161e\u0107er u prahu, voda, mak, (p\u0161eni\u010dno bra\u0161no (gluten), \u0161e\u0107er, pra\u0161ak od jaja, sredstva protiv zgrudnjavanja i prianjanja: E339, E500; mlije\u010dni \u0161e\u0107er (laktoza), emulgatori: E475, E470, zgu\u0161njiva\u010d: E415, kuhinjska sol, za\u010dini, aroma), jestivo ulje, pahuljice krumpira, cijela teku\u0107a jaja, vanilin \u0161e\u0107er (\u0161e\u0107er, aroma vanilije), prirodno limunovo ulje, kukuruzno bra\u0161no, dekstroza, kukuruzni \u0161krob, soda bikarbona, sredstvo za rahljenje (natrijev hidrogenkarbonat, kukuruzni \u0161krob, stabilizator: ksantan), kalijev sorbat.       Informacije o alergenima i GMO     Proizvod sadr\u017ei: gluten, jaja, mlijeko i mlije\u010dne proizvode (laktoza). Mo\u017ee sadr\u017eavati tragove soje, ora\u0161astih plodova, sezama i njihovih derivata. Za proizvodnju ove namirnice ne koriste se genetski modificirani organizmi ni materijali.           \u010cuvanje     0-5 \u00b0C           Logisti\u010dki podaci        Neto te\u017eina 350 g    Rok trajanja  10 dana    Komada \/ pakiranje     Pakiranja \/ karton 8   Kartona \/ paleta 100   Pribl. dimenzije","og_url":"https:\/\/tornyos.eu\/hr\/proizvod\/tornyos-pita-od-maka\/","og_site_name":"Tornyos P\u00e9ks\u00e9g","article_publisher":"https:\/\/www.facebook.com\/tornyos","article_modified_time":"2025-02-14T12:55:17+00:00","og_image":[{"width":1500,"height":1500,"url":"https:\/\/tornyos.eu\/wp-content\/uploads\/2024\/08\/tornyos-makos-pite-3-.jpg","type":"image\/jpeg"}],"twitter_card":"summary_large_image","twitter_misc":{"Procijenjeno vrijeme \u010ditanja":"1 minuta"},"schema":{"@context":"https:\/\/schema.org","@graph":[{"@type":"WebPage","@id":"https:\/\/tornyos.eu\/hr\/proizvod\/tornyos-pita-od-maka\/","url":"https:\/\/tornyos.eu\/hr\/proizvod\/tornyos-pita-od-maka\/","name":"Tornyos pita od maka - Tornyos P\u00e9ks\u00e9g","isPartOf":{"@id":"https:\/\/tornyos.eu\/hr\/#website"},"primaryImageOfPage":{"@id":"https:\/\/tornyos.eu\/hr\/proizvod\/tornyos-pita-od-maka\/#primaryimage"},"image":{"@id":"https:\/\/tornyos.eu\/hr\/proizvod\/tornyos-pita-od-maka\/#primaryimage"},"thumbnailUrl":"https:\/\/tornyos.eu\/wp-content\/uploads\/2024\/08\/tornyos-makos-pite-3-.jpg","datePublished":"2024-08-13T12:04:25+00:00","dateModified":"2025-02-14T12:55:17+00:00","breadcrumb":{"@id":"https:\/\/tornyos.eu\/hr\/proizvod\/tornyos-pita-od-maka\/#breadcrumb"},"inLanguage":"hr","potentialAction":[{"@type":"ReadAction","target":["https:\/\/tornyos.eu\/hr\/proizvod\/tornyos-pita-od-maka\/"]}]},{"@type":"ImageObject","inLanguage":"hr","@id":"https:\/\/tornyos.eu\/hr\/proizvod\/tornyos-pita-od-maka\/#primaryimage","url":"https:\/\/tornyos.eu\/wp-content\/uploads\/2024\/08\/tornyos-makos-pite-3-.jpg","contentUrl":"https:\/\/tornyos.eu\/wp-content\/uploads\/2024\/08\/tornyos-makos-pite-3-.jpg","width":1500,"height":1500},{"@type":"BreadcrumbList","@id":"https:\/\/tornyos.eu\/hr\/proizvod\/tornyos-pita-od-maka\/#breadcrumb","itemListElement":[{"@type":"ListItem","position":1,"name":"Kezd\u0151lap","item":"https:\/\/tornyos.eu\/hr\/"},{"@type":"ListItem","position":2,"name":"Proizvodi","item":"https:\/\/tornyos.eu\/hr\/shop\/"},{"@type":"ListItem","position":3,"name":"Tornyos pita od maka"}]},{"@type":"WebSite","@id":"https:\/\/tornyos.eu\/hr\/#website","url":"https:\/\/tornyos.eu\/hr\/","name":"Tornyos P\u00e9ks\u00e9g","description":"Tele pocak, boldog pocak!","publisher":{"@id":"https:\/\/tornyos.eu\/hr\/#organization"},"potentialAction":[{"@type":"SearchAction","target":{"@type":"EntryPoint","urlTemplate":"https:\/\/tornyos.eu\/hr\/?s={search_term_string}"},"query-input":{"@type":"PropertyValueSpecification","valueRequired":true,"valueName":"search_term_string"}}],"inLanguage":"hr"},{"@type":"Organization","@id":"https:\/\/tornyos.eu\/hr\/#organization","name":"Tornyos P\u00e9ks\u00e9g","url":"https:\/\/tornyos.eu\/hr\/","logo":{"@type":"ImageObject","inLanguage":"hr","@id":"https:\/\/tornyos.eu\/hr\/#\/schema\/logo\/image\/","url":"https:\/\/tornyos.eu\/wp-content\/uploads\/2024\/08\/tornyos-color1.svg","contentUrl":"https:\/\/tornyos.eu\/wp-content\/uploads\/2024\/08\/tornyos-color1.svg","width":770,"height":134,"caption":"Tornyos P\u00e9ks\u00e9g"},"image":{"@id":"https:\/\/tornyos.eu\/hr\/#\/schema\/logo\/image\/"},"sameAs":["https:\/\/www.facebook.com\/tornyos","https:\/\/www.instagram.com\/tornyospekseg\/","https:\/\/www.youtube.com\/@tornyospeksegcukraszda8788"]}]}},"_links":{"self":[{"href":"https:\/\/tornyos.eu\/hr\/wp-json\/wp\/v2\/product\/3678","targetHints":{"allow":["GET"]}}],"collection":[{"href":"https:\/\/tornyos.eu\/hr\/wp-json\/wp\/v2\/product"}],"about":[{"href":"https:\/\/tornyos.eu\/hr\/wp-json\/wp\/v2\/types\/product"}],"replies":[{"embeddable":true,"href":"https:\/\/tornyos.eu\/hr\/wp-json\/wp\/v2\/comments?post=3678"}],"wp:featuredmedia":[{"embeddable":true,"href":"https:\/\/tornyos.eu\/hr\/wp-json\/wp\/v2\/media\/3680"}],"wp:attachment":[{"href":"https:\/\/tornyos.eu\/hr\/wp-json\/wp\/v2\/media?parent=3678"}],"wp:term":[{"taxonomy":"product_brand","embeddable":true,"href":"https:\/\/tornyos.eu\/hr\/wp-json\/wp\/v2\/product_brand?post=3678"},{"taxonomy":"product_cat","embeddable":true,"href":"https:\/\/tornyos.eu\/hr\/wp-json\/wp\/v2\/product_cat?post=3678"},{"taxonomy":"product_tag","embeddable":true,"href":"https:\/\/tornyos.eu\/hr\/wp-json\/wp\/v2\/product_tag?post=3678"}],"curies":[{"name":"wp","href":"https:\/\/api.w.org\/{rel}","templated":true}]}}