{"id":3663,"date":"2024-10-09T15:37:09","date_gmt":"2024-10-09T13:37:09","guid":{"rendered":"https:\/\/tornyos.eu\/termek\/tornyos-kokuszgolyo\/"},"modified":"2025-02-14T13:39:38","modified_gmt":"2025-02-14T12:39:38","slug":"tornyos-kokos-kuglice","status":"publish","type":"product","link":"https:\/\/tornyos.eu\/hr\/proizvod\/tornyos-kokos-kuglice\/","title":{"rendered":"Tornyos kokos kuglice"},"content":{"rendered":"","protected":false},"excerpt":{"rendered":"<p><!-- wp:heading {\"level\":3} --><\/p>\n<h3 class=\"wp-block-heading\">Prosje\u010dne hranjive vrijednosti<\/h3>\n<p><!-- \/wp:heading --><\/p>\n<p><!-- wp:table --><\/p>\n<figure class=\"wp-block-table\">\n<table class=\"has-fixed-layout\">\n<tbody>\n<tr>\n<td>Energija:<\/td>\n<td>1434 kJ \/ 342 kcal<\/td>\n<\/tr>\n<tr>\n<td>Masti:<\/td>\n<td>17,6 g<\/td>\n<\/tr>\n<tr>\n<td>od kojih zasi\u0107ene masne kiseline:<\/td>\n<td>10,3 g<\/td>\n<\/tr>\n<tr>\n<td>Ugljikohidrati:<\/td>\n<td>41,8 g<\/td>\n<\/tr>\n<tr>\n<td>od kojih \u0161e\u0107eri:<\/td>\n<td>23,5 g<\/td>\n<\/tr>\n<tr>\n<td>Bjelan\u010devine:<\/td>\n<td>4,4 g<\/td>\n<\/tr>\n<tr>\n<td>Sol:<\/td>\n<td>0,12 g<\/td>\n<\/tr>\n<\/tbody>\n<\/table><figcaption><\/figcaption><figcaption class=\"wp-element-caption\"><\/figcaption><\/figure>\n<p><!-- \/wp:table --><\/p>\n<p><!-- wp:separator --><!-- \/wp:paragraph --><\/p>\n<p><!-- wp:separator --><\/p>\n<hr class=\"wp-block-separator has-alpha-channel-opacity\" \/>\n<p><!-- \/wp:separator --><\/p>\n<p><!-- wp:heading {\"level\":3} --><\/p>\n<h3 class=\"wp-block-heading\">Sastojci<\/h3>\n<p><!-- \/wp:heading --><\/p>\n<p><!-- wp:paragraph --><\/p>\n<p>Slatke mrvice (p\u0161eni\u010dno bra\u0161no, voda, \u0161e\u0107er, palmina mast, cvjetni med, cimet, natrijev bikarbonat, pra\u0161ak za pecivo, kalijev sorbat, amonijev bikarbonat), aroma ruma, voda, MARGARIN (biljne masti i ulja: palma, kokos, repica, suncokret, voda, potpuno hidrogenizirana biljna mast (kokos), mlije\u010dna mast, emulgatori: (E322, E471, E472c, E475, E476), konzervans (E202), sol, 0,1% aroma, kuhinjska sol (0,1%), aroma, regulator kiselosti (E330, E331), bojilo E160a), jabu\u010dna pulpa, pasta od \u0161ljive, vi\u0161nja u pireu, \u0161e\u0107er, izocukor, zgu\u0161njiva\u010d (pektin), kiselina (limunska kiselina), konzervans (K-sorbat), aroma, bojilo (ekstrakt ko\u017eice gro\u017e\u0111a), \u0161e\u0107er u prahu; kakao u prahu, mlijeko u prahu, ribani kokos.<\/p>\n<p><!-- wp:separator --><\/p>\n<hr class=\"wp-block-separator has-alpha-channel-opacity\" \/>\n<p><!-- \/wp:separator --><\/p>\n<h3 class=\"wp-block-heading\">Informacije o alergenima i GMO<\/h3>\n<p><!-- \/wp:heading --><\/p>\n<p><!-- wp:paragraph --><\/p>\n<p>Proizvod sadr\u017ei: gluten, mlijeko. Mo\u017ee sadr\u017eavati tragove jaja, soje, ora\u0161astih plodova, kikirikija, lupine i sezama.<br \/>\nZa proizvodnju ove namirnice ne koriste se genetski modificirani organizmi ni materijali.<\/p>\n<p><!-- \/wp:paragraph --><\/p>\n<p><!-- wp:separator --><\/p>\n<hr class=\"wp-block-separator has-alpha-channel-opacity\" \/>\n<p><!-- \/wp:separator --><\/p>\n<p><!-- wp:heading {\"level\":3} --><\/p>\n<h3 class=\"wp-block-heading\">\u010cuvanje<\/h3>\n<p><!-- \/wp:heading --><\/p>\n<p><!-- wp:paragraph --><\/p>\n<p>0-5 \u00b0C<\/p>\n<p><!-- \/wp:paragraph --><\/p>\n<p><!-- wp:separator --><\/p>\n<p><!-- wp:separator --><\/p>\n<hr class=\"wp-block-separator has-alpha-channel-opacity\" \/>\n<p><!-- \/wp:separator --><\/p>\n<h3 class=\"wp-block-heading\">Logisti\u010dki podaci<\/h3>\n<p><!-- \/wp:heading --><\/p>\n<p><!-- wp:table --><\/p>\n<figure class=\"wp-block-table\">\n<table class=\"has-fixed-layout\">\n<tbody>\n<tr>\n<td><strong>Neto te\u017eina<\/strong><\/td>\n<td>300 g<\/td>\n<\/tr>\n<tr>\n<td>\n<p class=\"wp-block-heading\"><strong>Rok trajanja<\/strong><\/p>\n<\/td>\n<td>15 dana<\/td>\n<\/tr>\n<tr>\n<td>\n<p class=\"wp-block-heading\"><strong>Komada \/ pakiranje<\/strong><\/p>\n<\/td>\n<td><\/td>\n<\/tr>\n<tr>\n<td><strong>Pakiranja \/ karton<\/strong><\/td>\n<td>8<\/td>\n<\/tr>\n<tr>\n<td><strong>Kartona \/ paleta<\/strong><\/td>\n<td>100<\/td>\n<\/tr>\n<tr>\n<td><strong>Pribl. dimenzije<\/strong><\/td>\n<td><\/td>\n<\/tr>\n<\/tbody>\n<\/table>\n<\/figure>\n<p><!-- \/wp:paragraph --><\/p>\n","protected":false},"featured_media":3665,"comment_status":"closed","ping_status":"closed","template":"","meta":[],"product_brand":[],"product_cat":[70],"product_tag":[],"class_list":{"0":"post-3663","1":"product","2":"type-product","3":"status-publish","4":"has-post-thumbnail","6":"product_cat-slasticarski-proizvodi","8":"first","9":"instock","10":"shipping-taxable","11":"product-type-simple"},"yoast_head":"<!-- This site is optimized with the Yoast SEO plugin v27.0 - https:\/\/yoast.com\/product\/yoast-seo-wordpress\/ -->\n<title>Tornyos kokos kuglice - Tornyos P\u00e9ks\u00e9g<\/title>\n<meta name=\"robots\" content=\"index, follow, max-snippet:-1, max-image-preview:large, max-video-preview:-1\" \/>\n<link rel=\"canonical\" href=\"https:\/\/tornyos.eu\/hr\/proizvod\/tornyos-kokos-kuglice\/\" \/>\n<meta property=\"og:locale\" content=\"hr_HR\" \/>\n<meta property=\"og:type\" content=\"article\" \/>\n<meta property=\"og:title\" content=\"Tornyos kokos kuglice - Tornyos P\u00e9ks\u00e9g\" \/>\n<meta property=\"og:description\" content=\"Prosje\u010dne hranjive vrijednosti        Energija: 1434 kJ \/ 342 kcal   Masti: 17,6 g   od kojih zasi\u0107ene masne kiseline: 10,3 g   Ugljikohidrati: 41,8 g   od kojih \u0161e\u0107eri: 23,5 g   Bjelan\u010devine: 4,4 g   Sol: 0,12 g                Sastojci     Slatke mrvice (p\u0161eni\u010dno bra\u0161no, voda, \u0161e\u0107er, palmina mast, cvjetni med, cimet, natrijev bikarbonat, pra\u0161ak za pecivo, kalijev sorbat, amonijev bikarbonat), aroma ruma, voda, MARGARIN (biljne masti i ulja: palma, kokos, repica, suncokret, voda, potpuno hidrogenizirana biljna mast (kokos), mlije\u010dna mast, emulgatori: (E322, E471, E472c, E475, E476), konzervans (E202), sol, 0,1% aroma, kuhinjska sol (0,1%), aroma, regulator kiselosti (E330, E331), bojilo E160a), jabu\u010dna pulpa, pasta od \u0161ljive, vi\u0161nja u pireu, \u0161e\u0107er, izocukor, zgu\u0161njiva\u010d (pektin), kiselina (limunska kiselina), konzervans (K-sorbat), aroma, bojilo (ekstrakt ko\u017eice gro\u017e\u0111a), \u0161e\u0107er u prahu; kakao u prahu, mlijeko u prahu, ribani kokos.       Informacije o alergenima i GMO     Proizvod sadr\u017ei: gluten, mlijeko. Mo\u017ee sadr\u017eavati tragove jaja, soje, ora\u0161astih plodova, kikirikija, lupine i sezama. Za proizvodnju ove namirnice ne koriste se genetski modificirani organizmi ni materijali.           \u010cuvanje     0-5 \u00b0C           Logisti\u010dki podaci        Neto te\u017eina 300 g    Rok trajanja  15 dana    Komada \/ pakiranje     Pakiranja \/ karton 8   Kartona \/ paleta 100   Pribl. dimenzije\" \/>\n<meta property=\"og:url\" content=\"https:\/\/tornyos.eu\/hr\/proizvod\/tornyos-kokos-kuglice\/\" \/>\n<meta property=\"og:site_name\" content=\"Tornyos P\u00e9ks\u00e9g\" \/>\n<meta property=\"article:publisher\" content=\"https:\/\/www.facebook.com\/tornyos\" \/>\n<meta property=\"article:modified_time\" content=\"2025-02-14T12:39:38+00:00\" \/>\n<meta property=\"og:image\" content=\"https:\/\/tornyos.eu\/wp-content\/uploads\/2024\/10\/tornyos-kokuszgolyo-3.jpg\" \/>\n\t<meta property=\"og:image:width\" content=\"1500\" \/>\n\t<meta property=\"og:image:height\" content=\"1500\" \/>\n\t<meta property=\"og:image:type\" content=\"image\/jpeg\" \/>\n<meta name=\"twitter:card\" content=\"summary_large_image\" \/>\n<meta name=\"twitter:label1\" content=\"Procijenjeno vrijeme \u010ditanja\" \/>\n\t<meta name=\"twitter:data1\" content=\"1 minuta\" \/>\n<script type=\"application\/ld+json\" class=\"yoast-schema-graph\">{\"@context\":\"https:\/\/schema.org\",\"@graph\":[{\"@type\":\"WebPage\",\"@id\":\"https:\/\/tornyos.eu\/hr\/proizvod\/tornyos-kokos-kuglice\/\",\"url\":\"https:\/\/tornyos.eu\/hr\/proizvod\/tornyos-kokos-kuglice\/\",\"name\":\"Tornyos kokos kuglice - Tornyos P\u00e9ks\u00e9g\",\"isPartOf\":{\"@id\":\"https:\/\/tornyos.eu\/hr\/#website\"},\"primaryImageOfPage\":{\"@id\":\"https:\/\/tornyos.eu\/hr\/proizvod\/tornyos-kokos-kuglice\/#primaryimage\"},\"image\":{\"@id\":\"https:\/\/tornyos.eu\/hr\/proizvod\/tornyos-kokos-kuglice\/#primaryimage\"},\"thumbnailUrl\":\"https:\/\/tornyos.eu\/wp-content\/uploads\/2024\/10\/tornyos-kokuszgolyo-3.jpg\",\"datePublished\":\"2024-10-09T13:37:09+00:00\",\"dateModified\":\"2025-02-14T12:39:38+00:00\",\"breadcrumb\":{\"@id\":\"https:\/\/tornyos.eu\/hr\/proizvod\/tornyos-kokos-kuglice\/#breadcrumb\"},\"inLanguage\":\"hr\",\"potentialAction\":[{\"@type\":\"ReadAction\",\"target\":[\"https:\/\/tornyos.eu\/hr\/proizvod\/tornyos-kokos-kuglice\/\"]}]},{\"@type\":\"ImageObject\",\"inLanguage\":\"hr\",\"@id\":\"https:\/\/tornyos.eu\/hr\/proizvod\/tornyos-kokos-kuglice\/#primaryimage\",\"url\":\"https:\/\/tornyos.eu\/wp-content\/uploads\/2024\/10\/tornyos-kokuszgolyo-3.jpg\",\"contentUrl\":\"https:\/\/tornyos.eu\/wp-content\/uploads\/2024\/10\/tornyos-kokuszgolyo-3.jpg\",\"width\":1500,\"height\":1500},{\"@type\":\"BreadcrumbList\",\"@id\":\"https:\/\/tornyos.eu\/hr\/proizvod\/tornyos-kokos-kuglice\/#breadcrumb\",\"itemListElement\":[{\"@type\":\"ListItem\",\"position\":1,\"name\":\"Kezd\u0151lap\",\"item\":\"https:\/\/tornyos.eu\/hr\/\"},{\"@type\":\"ListItem\",\"position\":2,\"name\":\"Proizvodi\",\"item\":\"https:\/\/tornyos.eu\/hr\/shop\/\"},{\"@type\":\"ListItem\",\"position\":3,\"name\":\"Tornyos kokos kuglice\"}]},{\"@type\":\"WebSite\",\"@id\":\"https:\/\/tornyos.eu\/hr\/#website\",\"url\":\"https:\/\/tornyos.eu\/hr\/\",\"name\":\"Tornyos P\u00e9ks\u00e9g\",\"description\":\"Tele pocak, boldog pocak!\",\"publisher\":{\"@id\":\"https:\/\/tornyos.eu\/hr\/#organization\"},\"potentialAction\":[{\"@type\":\"SearchAction\",\"target\":{\"@type\":\"EntryPoint\",\"urlTemplate\":\"https:\/\/tornyos.eu\/hr\/?s={search_term_string}\"},\"query-input\":{\"@type\":\"PropertyValueSpecification\",\"valueRequired\":true,\"valueName\":\"search_term_string\"}}],\"inLanguage\":\"hr\"},{\"@type\":\"Organization\",\"@id\":\"https:\/\/tornyos.eu\/hr\/#organization\",\"name\":\"Tornyos P\u00e9ks\u00e9g\",\"url\":\"https:\/\/tornyos.eu\/hr\/\",\"logo\":{\"@type\":\"ImageObject\",\"inLanguage\":\"hr\",\"@id\":\"https:\/\/tornyos.eu\/hr\/#\/schema\/logo\/image\/\",\"url\":\"https:\/\/tornyos.eu\/wp-content\/uploads\/2024\/08\/tornyos-color1.svg\",\"contentUrl\":\"https:\/\/tornyos.eu\/wp-content\/uploads\/2024\/08\/tornyos-color1.svg\",\"width\":770,\"height\":134,\"caption\":\"Tornyos P\u00e9ks\u00e9g\"},\"image\":{\"@id\":\"https:\/\/tornyos.eu\/hr\/#\/schema\/logo\/image\/\"},\"sameAs\":[\"https:\/\/www.facebook.com\/tornyos\",\"https:\/\/www.instagram.com\/tornyospekseg\/\",\"https:\/\/www.youtube.com\/@tornyospeksegcukraszda8788\"]}]}<\/script>\n<!-- \/ Yoast SEO plugin. -->","yoast_head_json":{"title":"Tornyos kokos kuglice - Tornyos P\u00e9ks\u00e9g","robots":{"index":"index","follow":"follow","max-snippet":"max-snippet:-1","max-image-preview":"max-image-preview:large","max-video-preview":"max-video-preview:-1"},"canonical":"https:\/\/tornyos.eu\/hr\/proizvod\/tornyos-kokos-kuglice\/","og_locale":"hr_HR","og_type":"article","og_title":"Tornyos kokos kuglice - Tornyos P\u00e9ks\u00e9g","og_description":"Prosje\u010dne hranjive vrijednosti        Energija: 1434 kJ \/ 342 kcal   Masti: 17,6 g   od kojih zasi\u0107ene masne kiseline: 10,3 g   Ugljikohidrati: 41,8 g   od kojih \u0161e\u0107eri: 23,5 g   Bjelan\u010devine: 4,4 g   Sol: 0,12 g                Sastojci     Slatke mrvice (p\u0161eni\u010dno bra\u0161no, voda, \u0161e\u0107er, palmina mast, cvjetni med, cimet, natrijev bikarbonat, pra\u0161ak za pecivo, kalijev sorbat, amonijev bikarbonat), aroma ruma, voda, MARGARIN (biljne masti i ulja: palma, kokos, repica, suncokret, voda, potpuno hidrogenizirana biljna mast (kokos), mlije\u010dna mast, emulgatori: (E322, E471, E472c, E475, E476), konzervans (E202), sol, 0,1% aroma, kuhinjska sol (0,1%), aroma, regulator kiselosti (E330, E331), bojilo E160a), jabu\u010dna pulpa, pasta od \u0161ljive, vi\u0161nja u pireu, \u0161e\u0107er, izocukor, zgu\u0161njiva\u010d (pektin), kiselina (limunska kiselina), konzervans (K-sorbat), aroma, bojilo (ekstrakt ko\u017eice gro\u017e\u0111a), \u0161e\u0107er u prahu; kakao u prahu, mlijeko u prahu, ribani kokos.       Informacije o alergenima i GMO     Proizvod sadr\u017ei: gluten, mlijeko. Mo\u017ee sadr\u017eavati tragove jaja, soje, ora\u0161astih plodova, kikirikija, lupine i sezama. Za proizvodnju ove namirnice ne koriste se genetski modificirani organizmi ni materijali.           \u010cuvanje     0-5 \u00b0C           Logisti\u010dki podaci        Neto te\u017eina 300 g    Rok trajanja  15 dana    Komada \/ pakiranje     Pakiranja \/ karton 8   Kartona \/ paleta 100   Pribl. dimenzije","og_url":"https:\/\/tornyos.eu\/hr\/proizvod\/tornyos-kokos-kuglice\/","og_site_name":"Tornyos P\u00e9ks\u00e9g","article_publisher":"https:\/\/www.facebook.com\/tornyos","article_modified_time":"2025-02-14T12:39:38+00:00","og_image":[{"width":1500,"height":1500,"url":"https:\/\/tornyos.eu\/wp-content\/uploads\/2024\/10\/tornyos-kokuszgolyo-3.jpg","type":"image\/jpeg"}],"twitter_card":"summary_large_image","twitter_misc":{"Procijenjeno vrijeme \u010ditanja":"1 minuta"},"schema":{"@context":"https:\/\/schema.org","@graph":[{"@type":"WebPage","@id":"https:\/\/tornyos.eu\/hr\/proizvod\/tornyos-kokos-kuglice\/","url":"https:\/\/tornyos.eu\/hr\/proizvod\/tornyos-kokos-kuglice\/","name":"Tornyos kokos kuglice - Tornyos P\u00e9ks\u00e9g","isPartOf":{"@id":"https:\/\/tornyos.eu\/hr\/#website"},"primaryImageOfPage":{"@id":"https:\/\/tornyos.eu\/hr\/proizvod\/tornyos-kokos-kuglice\/#primaryimage"},"image":{"@id":"https:\/\/tornyos.eu\/hr\/proizvod\/tornyos-kokos-kuglice\/#primaryimage"},"thumbnailUrl":"https:\/\/tornyos.eu\/wp-content\/uploads\/2024\/10\/tornyos-kokuszgolyo-3.jpg","datePublished":"2024-10-09T13:37:09+00:00","dateModified":"2025-02-14T12:39:38+00:00","breadcrumb":{"@id":"https:\/\/tornyos.eu\/hr\/proizvod\/tornyos-kokos-kuglice\/#breadcrumb"},"inLanguage":"hr","potentialAction":[{"@type":"ReadAction","target":["https:\/\/tornyos.eu\/hr\/proizvod\/tornyos-kokos-kuglice\/"]}]},{"@type":"ImageObject","inLanguage":"hr","@id":"https:\/\/tornyos.eu\/hr\/proizvod\/tornyos-kokos-kuglice\/#primaryimage","url":"https:\/\/tornyos.eu\/wp-content\/uploads\/2024\/10\/tornyos-kokuszgolyo-3.jpg","contentUrl":"https:\/\/tornyos.eu\/wp-content\/uploads\/2024\/10\/tornyos-kokuszgolyo-3.jpg","width":1500,"height":1500},{"@type":"BreadcrumbList","@id":"https:\/\/tornyos.eu\/hr\/proizvod\/tornyos-kokos-kuglice\/#breadcrumb","itemListElement":[{"@type":"ListItem","position":1,"name":"Kezd\u0151lap","item":"https:\/\/tornyos.eu\/hr\/"},{"@type":"ListItem","position":2,"name":"Proizvodi","item":"https:\/\/tornyos.eu\/hr\/shop\/"},{"@type":"ListItem","position":3,"name":"Tornyos kokos kuglice"}]},{"@type":"WebSite","@id":"https:\/\/tornyos.eu\/hr\/#website","url":"https:\/\/tornyos.eu\/hr\/","name":"Tornyos P\u00e9ks\u00e9g","description":"Tele pocak, boldog pocak!","publisher":{"@id":"https:\/\/tornyos.eu\/hr\/#organization"},"potentialAction":[{"@type":"SearchAction","target":{"@type":"EntryPoint","urlTemplate":"https:\/\/tornyos.eu\/hr\/?s={search_term_string}"},"query-input":{"@type":"PropertyValueSpecification","valueRequired":true,"valueName":"search_term_string"}}],"inLanguage":"hr"},{"@type":"Organization","@id":"https:\/\/tornyos.eu\/hr\/#organization","name":"Tornyos P\u00e9ks\u00e9g","url":"https:\/\/tornyos.eu\/hr\/","logo":{"@type":"ImageObject","inLanguage":"hr","@id":"https:\/\/tornyos.eu\/hr\/#\/schema\/logo\/image\/","url":"https:\/\/tornyos.eu\/wp-content\/uploads\/2024\/08\/tornyos-color1.svg","contentUrl":"https:\/\/tornyos.eu\/wp-content\/uploads\/2024\/08\/tornyos-color1.svg","width":770,"height":134,"caption":"Tornyos P\u00e9ks\u00e9g"},"image":{"@id":"https:\/\/tornyos.eu\/hr\/#\/schema\/logo\/image\/"},"sameAs":["https:\/\/www.facebook.com\/tornyos","https:\/\/www.instagram.com\/tornyospekseg\/","https:\/\/www.youtube.com\/@tornyospeksegcukraszda8788"]}]}},"_links":{"self":[{"href":"https:\/\/tornyos.eu\/hr\/wp-json\/wp\/v2\/product\/3663","targetHints":{"allow":["GET"]}}],"collection":[{"href":"https:\/\/tornyos.eu\/hr\/wp-json\/wp\/v2\/product"}],"about":[{"href":"https:\/\/tornyos.eu\/hr\/wp-json\/wp\/v2\/types\/product"}],"replies":[{"embeddable":true,"href":"https:\/\/tornyos.eu\/hr\/wp-json\/wp\/v2\/comments?post=3663"}],"wp:featuredmedia":[{"embeddable":true,"href":"https:\/\/tornyos.eu\/hr\/wp-json\/wp\/v2\/media\/3665"}],"wp:attachment":[{"href":"https:\/\/tornyos.eu\/hr\/wp-json\/wp\/v2\/media?parent=3663"}],"wp:term":[{"taxonomy":"product_brand","embeddable":true,"href":"https:\/\/tornyos.eu\/hr\/wp-json\/wp\/v2\/product_brand?post=3663"},{"taxonomy":"product_cat","embeddable":true,"href":"https:\/\/tornyos.eu\/hr\/wp-json\/wp\/v2\/product_cat?post=3663"},{"taxonomy":"product_tag","embeddable":true,"href":"https:\/\/tornyos.eu\/hr\/wp-json\/wp\/v2\/product_tag?post=3663"}],"curies":[{"name":"wp","href":"https:\/\/api.w.org\/{rel}","templated":true}]}}