{"id":3638,"date":"2024-10-09T15:55:34","date_gmt":"2024-10-09T13:55:34","guid":{"rendered":"https:\/\/tornyos.eu\/termek\/tornyos-puncs-szelet\/"},"modified":"2025-02-14T13:05:38","modified_gmt":"2025-02-14T12:05:38","slug":"tornyos-punc-slice","status":"publish","type":"product","link":"https:\/\/tornyos.eu\/hr\/proizvod\/tornyos-punc-slice\/","title":{"rendered":"Tornyos pun\u010d sli\u010de"},"content":{"rendered":"","protected":false},"excerpt":{"rendered":"<p><!-- wp:heading {\"level\":3} --><\/p>\n<h3 class=\"wp-block-heading\">Prosje\u010dne hranjive vrijednosti<\/h3>\n<p><!-- \/wp:heading --><\/p>\n<p><!-- wp:table --><\/p>\n<figure class=\"wp-block-table\">\n<table class=\"has-fixed-layout\">\n<tbody>\n<tr>\n<td>Energija:<\/td>\n<td>1642 kJ \/ 393 kcal<\/td>\n<\/tr>\n<tr>\n<td>Masti:<\/td>\n<td>\u00a015,92 g<\/td>\n<\/tr>\n<tr>\n<td>od kojih zasi\u0107ene masne kiseline:<\/td>\n<td>9,1 g<\/td>\n<\/tr>\n<tr>\n<td>Ugljikohidrati:<\/td>\n<td>54,08 g<\/td>\n<\/tr>\n<tr>\n<td>od kojih \u0161e\u0107eri:<\/td>\n<td>23,17 g<\/td>\n<\/tr>\n<tr>\n<td>Bjelan\u010devine:<\/td>\n<td>6,64 g<\/td>\n<\/tr>\n<tr>\n<td>Sol:<\/td>\n<td>0,34 g<\/td>\n<\/tr>\n<\/tbody>\n<\/table><figcaption><\/figcaption><figcaption class=\"wp-element-caption\"><\/figcaption><\/figure>\n<p><!-- \/wp:table --><\/p>\n<p><!-- wp:separator --><!-- \/wp:paragraph --><\/p>\n<p><!-- wp:separator --><\/p>\n<hr class=\"wp-block-separator has-alpha-channel-opacity\" \/>\n<p><!-- \/wp:separator --><\/p>\n<p><!-- wp:heading {\"level\":3} --><\/p>\n<h3 class=\"wp-block-heading\">Sastojci<\/h3>\n<p><!-- \/wp:heading --><\/p>\n<p><!-- wp:paragraph --><\/p>\n<p>Slatke mrvice (p\u0161eni\u010dno bra\u0161no, \u0161e\u0107er, palmina mast, voda), margarin (rafinirana biljna ulja i masti: kokos, suncokret, palma, repica u razli\u010ditim omjerima, voda, emulgator: monogliceridi i digliceridi masnih kiselina, sol, konzervansi: sorbinska kiselina i kalijev sorbat, regulator kiselosti: limunska kiselina, aroma, bojilo: karoteni), vo\u0107ni namaz (jabu\u010dna pulpa, glukozno-fruktozni sirup, zgu\u0161njiva\u010d: pektin, kiselina: limunska kiselina, konzervans: kalijev sorbat, aroma, antioksidans: askorbinska kiselina, bojilo: repa i bundeva), p\u0161eni\u010dno bra\u0161no, jaja, \u0161e\u0107er, voda, bijela glazura (\u0161e\u0107er, djelomi\u010dno hidrogenizirana biljna mast: palmino jezgro, slatka sirutka u prahu, obrano mlijeko u prahu, emulgator: sojin lecitin, aroma), dodatak (dekstroza, p\u0161eni\u010dni \u0161krob, sirutka u prahu, sredstva za rahljenje: E500; E336 i E450, emulgatori: E472b i E477, sojino bra\u0161no, glukozni sirup, obrano mlijeko u prahu, sol, konzervans: E282, zgu\u0161njiva\u010di: E450; E339 i E516, kiselina: E330, zgu\u0161njiva\u010d: E401, aroma), kakao u prahu, nadjev od marelice (glukozno-fruktozni sirup, jabu\u010dna pulpa, \u0161e\u0107er, pire od marelice, modificirani \u0161krob: E1442, zgu\u0161njiva\u010di: E460 i E415, kiselina: E330, aroma, konzervans: E202, koncentrat crne mrkve, bojilo: E160a, voda), punomasno mlijeko u prahu, aroma ruma (prirodne aromati\u010dne tvari, voda, nosa\u010d: E1520, rum, karamel sirup, zgu\u0161njiva\u010d: E413), jestivo ulje, aroma \u201epuncs\u201c (prirodne aromati\u010dne tvari, arome dima, etil-alkohol, nosa\u010d: propilen-glikol, voda, antioksidansi: BHA i askorbinska kiselina).<\/p>\n<p><!-- wp:separator --><\/p>\n<hr class=\"wp-block-separator has-alpha-channel-opacity\" \/>\n<p><!-- \/wp:separator --><\/p>\n<h3 class=\"wp-block-heading\">Informacije o alergenima i GMO<\/h3>\n<p><!-- \/wp:heading --><\/p>\n<p><!-- wp:paragraph --><\/p>\n<p>Proizvod sadr\u017ei: gluten, soju, mlijeko, jaja. Mo\u017ee sadr\u017eavati tragove ora\u0161astih plodova, kikirikija, lupine i sezama.<br \/>\nZa proizvodnju ove namirnice ne koriste se genetski modificirani organizmi ni materijali.<\/p>\n<p><!-- \/wp:paragraph --><\/p>\n<p><!-- wp:separator --><\/p>\n<hr class=\"wp-block-separator has-alpha-channel-opacity\" \/>\n<p><!-- \/wp:separator --><\/p>\n<p><!-- wp:heading {\"level\":3} --><\/p>\n<h3 class=\"wp-block-heading\">\u010cuvanje<\/h3>\n<p><!-- \/wp:heading --><\/p>\n<p><!-- wp:paragraph --><\/p>\n<p>0-5 \u00b0C<\/p>\n<p><!-- \/wp:paragraph --><\/p>\n<p><!-- wp:separator --><\/p>\n<p><!-- wp:separator --><\/p>\n<hr class=\"wp-block-separator has-alpha-channel-opacity\" \/>\n<p><!-- \/wp:separator --><\/p>\n<h3 class=\"wp-block-heading\">Logisti\u010dki podaci<\/h3>\n<p><!-- \/wp:heading --><\/p>\n<p><!-- wp:table --><\/p>\n<figure class=\"wp-block-table\">\n<table class=\"has-fixed-layout\">\n<tbody>\n<tr>\n<td><strong>Neto te\u017eina<\/strong><\/td>\n<td>270 g<\/td>\n<\/tr>\n<tr>\n<td>\n<p class=\"wp-block-heading\"><strong>Rok trajanja<\/strong><\/p>\n<\/td>\n<td>11 dana<\/td>\n<\/tr>\n<tr>\n<td>\n<p class=\"wp-block-heading\"><strong>Komada \/ pakiranje<\/strong><\/p>\n<\/td>\n<td><\/td>\n<\/tr>\n<tr>\n<td><strong>Pakiranja \/ karton<\/strong><\/td>\n<td>8<\/td>\n<\/tr>\n<tr>\n<td><strong>Kartona \/ paleta<\/strong><\/td>\n<td>100<\/td>\n<\/tr>\n<tr>\n<td><strong>Pribl. dimenzije<\/strong><\/td>\n<td><\/td>\n<\/tr>\n<\/tbody>\n<\/table>\n<\/figure>\n<p><!-- \/wp:paragraph --><\/p>\n","protected":false},"featured_media":3640,"comment_status":"closed","ping_status":"closed","template":"","meta":[],"product_brand":[],"product_cat":[70],"product_tag":[],"class_list":{"0":"post-3638","1":"product","2":"type-product","3":"status-publish","4":"has-post-thumbnail","6":"product_cat-slasticarski-proizvodi","8":"first","9":"instock","10":"shipping-taxable","11":"product-type-simple"},"yoast_head":"<!-- This site is optimized with the Yoast SEO plugin v27.0 - https:\/\/yoast.com\/product\/yoast-seo-wordpress\/ -->\n<title>Tornyos pun\u010d sli\u010de - Tornyos P\u00e9ks\u00e9g<\/title>\n<meta name=\"robots\" content=\"index, follow, max-snippet:-1, max-image-preview:large, max-video-preview:-1\" \/>\n<link rel=\"canonical\" href=\"https:\/\/tornyos.eu\/hr\/proizvod\/tornyos-punc-slice\/\" \/>\n<meta property=\"og:locale\" content=\"hr_HR\" \/>\n<meta property=\"og:type\" content=\"article\" \/>\n<meta property=\"og:title\" content=\"Tornyos pun\u010d sli\u010de - Tornyos P\u00e9ks\u00e9g\" \/>\n<meta property=\"og:description\" content=\"Prosje\u010dne hranjive vrijednosti        Energija: 1642 kJ \/ 393 kcal   Masti: \u00a015,92 g   od kojih zasi\u0107ene masne kiseline: 9,1 g   Ugljikohidrati: 54,08 g   od kojih \u0161e\u0107eri: 23,17 g   Bjelan\u010devine: 6,64 g   Sol: 0,34 g                Sastojci     Slatke mrvice (p\u0161eni\u010dno bra\u0161no, \u0161e\u0107er, palmina mast, voda), margarin (rafinirana biljna ulja i masti: kokos, suncokret, palma, repica u razli\u010ditim omjerima, voda, emulgator: monogliceridi i digliceridi masnih kiselina, sol, konzervansi: sorbinska kiselina i kalijev sorbat, regulator kiselosti: limunska kiselina, aroma, bojilo: karoteni), vo\u0107ni namaz (jabu\u010dna pulpa, glukozno-fruktozni sirup, zgu\u0161njiva\u010d: pektin, kiselina: limunska kiselina, konzervans: kalijev sorbat, aroma, antioksidans: askorbinska kiselina, bojilo: repa i bundeva), p\u0161eni\u010dno bra\u0161no, jaja, \u0161e\u0107er, voda, bijela glazura (\u0161e\u0107er, djelomi\u010dno hidrogenizirana biljna mast: palmino jezgro, slatka sirutka u prahu, obrano mlijeko u prahu, emulgator: sojin lecitin, aroma), dodatak (dekstroza, p\u0161eni\u010dni \u0161krob, sirutka u prahu, sredstva za rahljenje: E500; E336 i E450, emulgatori: E472b i E477, sojino bra\u0161no, glukozni sirup, obrano mlijeko u prahu, sol, konzervans: E282, zgu\u0161njiva\u010di: E450; E339 i E516, kiselina: E330, zgu\u0161njiva\u010d: E401, aroma), kakao u prahu, nadjev od marelice (glukozno-fruktozni sirup, jabu\u010dna pulpa, \u0161e\u0107er, pire od marelice, modificirani \u0161krob: E1442, zgu\u0161njiva\u010di: E460 i E415, kiselina: E330, aroma, konzervans: E202, koncentrat crne mrkve, bojilo: E160a, voda), punomasno mlijeko u prahu, aroma ruma (prirodne aromati\u010dne tvari, voda, nosa\u010d: E1520, rum, karamel sirup, zgu\u0161njiva\u010d: E413), jestivo ulje, aroma \u201epuncs\u201c (prirodne aromati\u010dne tvari, arome dima, etil-alkohol, nosa\u010d: propilen-glikol, voda, antioksidansi: BHA i askorbinska kiselina).       Informacije o alergenima i GMO     Proizvod sadr\u017ei: gluten, soju, mlijeko, jaja. Mo\u017ee sadr\u017eavati tragove ora\u0161astih plodova, kikirikija, lupine i sezama. Za proizvodnju ove namirnice ne koriste se genetski modificirani organizmi ni materijali.           \u010cuvanje     0-5 \u00b0C           Logisti\u010dki podaci        Neto te\u017eina 270 g    Rok trajanja  11 dana    Komada \/ pakiranje     Pakiranja \/ karton 8   Kartona \/ paleta 100   Pribl. dimenzije\" \/>\n<meta property=\"og:url\" content=\"https:\/\/tornyos.eu\/hr\/proizvod\/tornyos-punc-slice\/\" \/>\n<meta property=\"og:site_name\" content=\"Tornyos P\u00e9ks\u00e9g\" \/>\n<meta property=\"article:publisher\" content=\"https:\/\/www.facebook.com\/tornyos\" \/>\n<meta property=\"article:modified_time\" content=\"2025-02-14T12:05:38+00:00\" \/>\n<meta property=\"og:image\" content=\"https:\/\/tornyos.eu\/wp-content\/uploads\/2024\/10\/tornyos-puncs-szelet-3.jpg\" \/>\n\t<meta property=\"og:image:width\" content=\"1500\" \/>\n\t<meta property=\"og:image:height\" content=\"1500\" \/>\n\t<meta property=\"og:image:type\" content=\"image\/jpeg\" \/>\n<meta name=\"twitter:card\" content=\"summary_large_image\" \/>\n<meta name=\"twitter:label1\" content=\"Procijenjeno vrijeme \u010ditanja\" \/>\n\t<meta name=\"twitter:data1\" content=\"1 minuta\" \/>\n<script type=\"application\/ld+json\" class=\"yoast-schema-graph\">{\"@context\":\"https:\/\/schema.org\",\"@graph\":[{\"@type\":\"WebPage\",\"@id\":\"https:\/\/tornyos.eu\/hr\/proizvod\/tornyos-punc-slice\/\",\"url\":\"https:\/\/tornyos.eu\/hr\/proizvod\/tornyos-punc-slice\/\",\"name\":\"Tornyos pun\u010d sli\u010de - Tornyos P\u00e9ks\u00e9g\",\"isPartOf\":{\"@id\":\"https:\/\/tornyos.eu\/hr\/#website\"},\"primaryImageOfPage\":{\"@id\":\"https:\/\/tornyos.eu\/hr\/proizvod\/tornyos-punc-slice\/#primaryimage\"},\"image\":{\"@id\":\"https:\/\/tornyos.eu\/hr\/proizvod\/tornyos-punc-slice\/#primaryimage\"},\"thumbnailUrl\":\"https:\/\/tornyos.eu\/wp-content\/uploads\/2024\/10\/tornyos-puncs-szelet-3.jpg\",\"datePublished\":\"2024-10-09T13:55:34+00:00\",\"dateModified\":\"2025-02-14T12:05:38+00:00\",\"breadcrumb\":{\"@id\":\"https:\/\/tornyos.eu\/hr\/proizvod\/tornyos-punc-slice\/#breadcrumb\"},\"inLanguage\":\"hr\",\"potentialAction\":[{\"@type\":\"ReadAction\",\"target\":[\"https:\/\/tornyos.eu\/hr\/proizvod\/tornyos-punc-slice\/\"]}]},{\"@type\":\"ImageObject\",\"inLanguage\":\"hr\",\"@id\":\"https:\/\/tornyos.eu\/hr\/proizvod\/tornyos-punc-slice\/#primaryimage\",\"url\":\"https:\/\/tornyos.eu\/wp-content\/uploads\/2024\/10\/tornyos-puncs-szelet-3.jpg\",\"contentUrl\":\"https:\/\/tornyos.eu\/wp-content\/uploads\/2024\/10\/tornyos-puncs-szelet-3.jpg\",\"width\":1500,\"height\":1500},{\"@type\":\"BreadcrumbList\",\"@id\":\"https:\/\/tornyos.eu\/hr\/proizvod\/tornyos-punc-slice\/#breadcrumb\",\"itemListElement\":[{\"@type\":\"ListItem\",\"position\":1,\"name\":\"Kezd\u0151lap\",\"item\":\"https:\/\/tornyos.eu\/hr\/\"},{\"@type\":\"ListItem\",\"position\":2,\"name\":\"Proizvodi\",\"item\":\"https:\/\/tornyos.eu\/hr\/shop\/\"},{\"@type\":\"ListItem\",\"position\":3,\"name\":\"Tornyos pun\u010d sli\u010de\"}]},{\"@type\":\"WebSite\",\"@id\":\"https:\/\/tornyos.eu\/hr\/#website\",\"url\":\"https:\/\/tornyos.eu\/hr\/\",\"name\":\"Tornyos P\u00e9ks\u00e9g\",\"description\":\"Tele pocak, boldog pocak!\",\"publisher\":{\"@id\":\"https:\/\/tornyos.eu\/hr\/#organization\"},\"potentialAction\":[{\"@type\":\"SearchAction\",\"target\":{\"@type\":\"EntryPoint\",\"urlTemplate\":\"https:\/\/tornyos.eu\/hr\/?s={search_term_string}\"},\"query-input\":{\"@type\":\"PropertyValueSpecification\",\"valueRequired\":true,\"valueName\":\"search_term_string\"}}],\"inLanguage\":\"hr\"},{\"@type\":\"Organization\",\"@id\":\"https:\/\/tornyos.eu\/hr\/#organization\",\"name\":\"Tornyos P\u00e9ks\u00e9g\",\"url\":\"https:\/\/tornyos.eu\/hr\/\",\"logo\":{\"@type\":\"ImageObject\",\"inLanguage\":\"hr\",\"@id\":\"https:\/\/tornyos.eu\/hr\/#\/schema\/logo\/image\/\",\"url\":\"https:\/\/tornyos.eu\/wp-content\/uploads\/2024\/08\/tornyos-color1.svg\",\"contentUrl\":\"https:\/\/tornyos.eu\/wp-content\/uploads\/2024\/08\/tornyos-color1.svg\",\"width\":770,\"height\":134,\"caption\":\"Tornyos P\u00e9ks\u00e9g\"},\"image\":{\"@id\":\"https:\/\/tornyos.eu\/hr\/#\/schema\/logo\/image\/\"},\"sameAs\":[\"https:\/\/www.facebook.com\/tornyos\",\"https:\/\/www.instagram.com\/tornyospekseg\/\",\"https:\/\/www.youtube.com\/@tornyospeksegcukraszda8788\"]}]}<\/script>\n<!-- \/ Yoast SEO plugin. -->","yoast_head_json":{"title":"Tornyos pun\u010d sli\u010de - Tornyos P\u00e9ks\u00e9g","robots":{"index":"index","follow":"follow","max-snippet":"max-snippet:-1","max-image-preview":"max-image-preview:large","max-video-preview":"max-video-preview:-1"},"canonical":"https:\/\/tornyos.eu\/hr\/proizvod\/tornyos-punc-slice\/","og_locale":"hr_HR","og_type":"article","og_title":"Tornyos pun\u010d sli\u010de - Tornyos P\u00e9ks\u00e9g","og_description":"Prosje\u010dne hranjive vrijednosti        Energija: 1642 kJ \/ 393 kcal   Masti: \u00a015,92 g   od kojih zasi\u0107ene masne kiseline: 9,1 g   Ugljikohidrati: 54,08 g   od kojih \u0161e\u0107eri: 23,17 g   Bjelan\u010devine: 6,64 g   Sol: 0,34 g                Sastojci     Slatke mrvice (p\u0161eni\u010dno bra\u0161no, \u0161e\u0107er, palmina mast, voda), margarin (rafinirana biljna ulja i masti: kokos, suncokret, palma, repica u razli\u010ditim omjerima, voda, emulgator: monogliceridi i digliceridi masnih kiselina, sol, konzervansi: sorbinska kiselina i kalijev sorbat, regulator kiselosti: limunska kiselina, aroma, bojilo: karoteni), vo\u0107ni namaz (jabu\u010dna pulpa, glukozno-fruktozni sirup, zgu\u0161njiva\u010d: pektin, kiselina: limunska kiselina, konzervans: kalijev sorbat, aroma, antioksidans: askorbinska kiselina, bojilo: repa i bundeva), p\u0161eni\u010dno bra\u0161no, jaja, \u0161e\u0107er, voda, bijela glazura (\u0161e\u0107er, djelomi\u010dno hidrogenizirana biljna mast: palmino jezgro, slatka sirutka u prahu, obrano mlijeko u prahu, emulgator: sojin lecitin, aroma), dodatak (dekstroza, p\u0161eni\u010dni \u0161krob, sirutka u prahu, sredstva za rahljenje: E500; E336 i E450, emulgatori: E472b i E477, sojino bra\u0161no, glukozni sirup, obrano mlijeko u prahu, sol, konzervans: E282, zgu\u0161njiva\u010di: E450; E339 i E516, kiselina: E330, zgu\u0161njiva\u010d: E401, aroma), kakao u prahu, nadjev od marelice (glukozno-fruktozni sirup, jabu\u010dna pulpa, \u0161e\u0107er, pire od marelice, modificirani \u0161krob: E1442, zgu\u0161njiva\u010di: E460 i E415, kiselina: E330, aroma, konzervans: E202, koncentrat crne mrkve, bojilo: E160a, voda), punomasno mlijeko u prahu, aroma ruma (prirodne aromati\u010dne tvari, voda, nosa\u010d: E1520, rum, karamel sirup, zgu\u0161njiva\u010d: E413), jestivo ulje, aroma \u201epuncs\u201c (prirodne aromati\u010dne tvari, arome dima, etil-alkohol, nosa\u010d: propilen-glikol, voda, antioksidansi: BHA i askorbinska kiselina).       Informacije o alergenima i GMO     Proizvod sadr\u017ei: gluten, soju, mlijeko, jaja. Mo\u017ee sadr\u017eavati tragove ora\u0161astih plodova, kikirikija, lupine i sezama. Za proizvodnju ove namirnice ne koriste se genetski modificirani organizmi ni materijali.           \u010cuvanje     0-5 \u00b0C           Logisti\u010dki podaci        Neto te\u017eina 270 g    Rok trajanja  11 dana    Komada \/ pakiranje     Pakiranja \/ karton 8   Kartona \/ paleta 100   Pribl. dimenzije","og_url":"https:\/\/tornyos.eu\/hr\/proizvod\/tornyos-punc-slice\/","og_site_name":"Tornyos P\u00e9ks\u00e9g","article_publisher":"https:\/\/www.facebook.com\/tornyos","article_modified_time":"2025-02-14T12:05:38+00:00","og_image":[{"width":1500,"height":1500,"url":"https:\/\/tornyos.eu\/wp-content\/uploads\/2024\/10\/tornyos-puncs-szelet-3.jpg","type":"image\/jpeg"}],"twitter_card":"summary_large_image","twitter_misc":{"Procijenjeno vrijeme \u010ditanja":"1 minuta"},"schema":{"@context":"https:\/\/schema.org","@graph":[{"@type":"WebPage","@id":"https:\/\/tornyos.eu\/hr\/proizvod\/tornyos-punc-slice\/","url":"https:\/\/tornyos.eu\/hr\/proizvod\/tornyos-punc-slice\/","name":"Tornyos pun\u010d sli\u010de - Tornyos P\u00e9ks\u00e9g","isPartOf":{"@id":"https:\/\/tornyos.eu\/hr\/#website"},"primaryImageOfPage":{"@id":"https:\/\/tornyos.eu\/hr\/proizvod\/tornyos-punc-slice\/#primaryimage"},"image":{"@id":"https:\/\/tornyos.eu\/hr\/proizvod\/tornyos-punc-slice\/#primaryimage"},"thumbnailUrl":"https:\/\/tornyos.eu\/wp-content\/uploads\/2024\/10\/tornyos-puncs-szelet-3.jpg","datePublished":"2024-10-09T13:55:34+00:00","dateModified":"2025-02-14T12:05:38+00:00","breadcrumb":{"@id":"https:\/\/tornyos.eu\/hr\/proizvod\/tornyos-punc-slice\/#breadcrumb"},"inLanguage":"hr","potentialAction":[{"@type":"ReadAction","target":["https:\/\/tornyos.eu\/hr\/proizvod\/tornyos-punc-slice\/"]}]},{"@type":"ImageObject","inLanguage":"hr","@id":"https:\/\/tornyos.eu\/hr\/proizvod\/tornyos-punc-slice\/#primaryimage","url":"https:\/\/tornyos.eu\/wp-content\/uploads\/2024\/10\/tornyos-puncs-szelet-3.jpg","contentUrl":"https:\/\/tornyos.eu\/wp-content\/uploads\/2024\/10\/tornyos-puncs-szelet-3.jpg","width":1500,"height":1500},{"@type":"BreadcrumbList","@id":"https:\/\/tornyos.eu\/hr\/proizvod\/tornyos-punc-slice\/#breadcrumb","itemListElement":[{"@type":"ListItem","position":1,"name":"Kezd\u0151lap","item":"https:\/\/tornyos.eu\/hr\/"},{"@type":"ListItem","position":2,"name":"Proizvodi","item":"https:\/\/tornyos.eu\/hr\/shop\/"},{"@type":"ListItem","position":3,"name":"Tornyos pun\u010d sli\u010de"}]},{"@type":"WebSite","@id":"https:\/\/tornyos.eu\/hr\/#website","url":"https:\/\/tornyos.eu\/hr\/","name":"Tornyos P\u00e9ks\u00e9g","description":"Tele pocak, boldog pocak!","publisher":{"@id":"https:\/\/tornyos.eu\/hr\/#organization"},"potentialAction":[{"@type":"SearchAction","target":{"@type":"EntryPoint","urlTemplate":"https:\/\/tornyos.eu\/hr\/?s={search_term_string}"},"query-input":{"@type":"PropertyValueSpecification","valueRequired":true,"valueName":"search_term_string"}}],"inLanguage":"hr"},{"@type":"Organization","@id":"https:\/\/tornyos.eu\/hr\/#organization","name":"Tornyos P\u00e9ks\u00e9g","url":"https:\/\/tornyos.eu\/hr\/","logo":{"@type":"ImageObject","inLanguage":"hr","@id":"https:\/\/tornyos.eu\/hr\/#\/schema\/logo\/image\/","url":"https:\/\/tornyos.eu\/wp-content\/uploads\/2024\/08\/tornyos-color1.svg","contentUrl":"https:\/\/tornyos.eu\/wp-content\/uploads\/2024\/08\/tornyos-color1.svg","width":770,"height":134,"caption":"Tornyos P\u00e9ks\u00e9g"},"image":{"@id":"https:\/\/tornyos.eu\/hr\/#\/schema\/logo\/image\/"},"sameAs":["https:\/\/www.facebook.com\/tornyos","https:\/\/www.instagram.com\/tornyospekseg\/","https:\/\/www.youtube.com\/@tornyospeksegcukraszda8788"]}]}},"_links":{"self":[{"href":"https:\/\/tornyos.eu\/hr\/wp-json\/wp\/v2\/product\/3638","targetHints":{"allow":["GET"]}}],"collection":[{"href":"https:\/\/tornyos.eu\/hr\/wp-json\/wp\/v2\/product"}],"about":[{"href":"https:\/\/tornyos.eu\/hr\/wp-json\/wp\/v2\/types\/product"}],"replies":[{"embeddable":true,"href":"https:\/\/tornyos.eu\/hr\/wp-json\/wp\/v2\/comments?post=3638"}],"wp:featuredmedia":[{"embeddable":true,"href":"https:\/\/tornyos.eu\/hr\/wp-json\/wp\/v2\/media\/3640"}],"wp:attachment":[{"href":"https:\/\/tornyos.eu\/hr\/wp-json\/wp\/v2\/media?parent=3638"}],"wp:term":[{"taxonomy":"product_brand","embeddable":true,"href":"https:\/\/tornyos.eu\/hr\/wp-json\/wp\/v2\/product_brand?post=3638"},{"taxonomy":"product_cat","embeddable":true,"href":"https:\/\/tornyos.eu\/hr\/wp-json\/wp\/v2\/product_cat?post=3638"},{"taxonomy":"product_tag","embeddable":true,"href":"https:\/\/tornyos.eu\/hr\/wp-json\/wp\/v2\/product_tag?post=3638"}],"curies":[{"name":"wp","href":"https:\/\/api.w.org\/{rel}","templated":true}]}}