{"id":3618,"date":"2024-10-10T09:47:40","date_gmt":"2024-10-10T07:47:40","guid":{"rendered":"https:\/\/tornyos.eu\/termek\/tornyos-sutemenylap\/"},"modified":"2025-02-14T14:34:16","modified_gmt":"2025-02-14T13:34:16","slug":"tornyos-kore-za-madjaricu","status":"publish","type":"product","link":"https:\/\/tornyos.eu\/hr\/proizvod\/tornyos-kore-za-madjaricu\/","title":{"rendered":"Tornyos kore za madjaricu"},"content":{"rendered":"","protected":false},"excerpt":{"rendered":"<p><!-- wp:heading {\"level\":3} --><\/p>\n<h3 class=\"wp-block-heading\">Prosje\u010dne hranjive vrijednosti<\/h3>\n<p><!-- \/wp:heading --><\/p>\n<p><!-- wp:table --><\/p>\n<figure class=\"wp-block-table\">\n<table class=\"has-fixed-layout\">\n<tbody>\n<tr>\n<td>Energija:<\/td>\n<td>1342kJ \/ 319 kcal<\/td>\n<\/tr>\n<tr>\n<td>Masti:<\/td>\n<td>\u00a09,3 g<\/td>\n<\/tr>\n<tr>\n<td>od kojih zasi\u0107ene masne kiseline:<\/td>\n<td>4,4 g<\/td>\n<\/tr>\n<tr>\n<td>Ugljikohidrati:<\/td>\n<td>52,8 g<\/td>\n<\/tr>\n<tr>\n<td>od kojih \u0161e\u0107eri:<\/td>\n<td>16,3 g<\/td>\n<\/tr>\n<tr>\n<td>Bjelan\u010devine:<\/td>\n<td>6,2 g<\/td>\n<\/tr>\n<tr>\n<td>Sol:<\/td>\n<td>0,08 g<\/td>\n<\/tr>\n<\/tbody>\n<\/table><figcaption><\/figcaption><figcaption class=\"wp-element-caption\"><\/figcaption><\/figure>\n<p><!-- \/wp:table --><\/p>\n<p><!-- wp:separator --><!-- \/wp:paragraph --><\/p>\n<p><!-- wp:separator --><\/p>\n<hr class=\"wp-block-separator has-alpha-channel-opacity\" \/>\n<p><!-- \/wp:separator --><\/p>\n<p><!-- wp:heading {\"level\":3} --><\/p>\n<h3 class=\"wp-block-heading\">Sastojci<\/h3>\n<p><!-- \/wp:heading --><\/p>\n<p><!-- wp:paragraph --><\/p>\n<p>P\u0161eni\u010dno bra\u0161no (gluten), voda, \u0161e\u0107er, palmina mast (100% palmino ulje), vanilin-\u0161e\u0107er (\u0161e\u0107er, aroma vanilije), soda bikarbona (E500i), pra\u0161ak za pecivo (natrijev hidrogenkarbonat, kukuruzni \u0161krob, stabilizator: ksantan), kalijev sorbat (E202), amonijev hidrogenkarbonat (E503).<\/p>\n<p><!-- wp:separator --><\/p>\n<hr class=\"wp-block-separator has-alpha-channel-opacity\" \/>\n<p><!-- \/wp:separator --><\/p>\n<h3 class=\"wp-block-heading\">Informacije o alergenima i GMO<\/h3>\n<p><!-- \/wp:heading --><\/p>\n<p><!-- wp:paragraph --><\/p>\n<p>Proizvod sadr\u017ei: gluten. Mo\u017ee sadr\u017eavati tragove soje, cimeta, ora\u0161astih plodova, kikirikija, lupine i sezama.<br \/>\nZa proizvodnju ove namirnice ne koriste se genetski modificirani organizmi ni materijali.<\/p>\n<p><!-- \/wp:paragraph --><\/p>\n<p><!-- wp:separator --><\/p>\n<hr class=\"wp-block-separator has-alpha-channel-opacity\" \/>\n<p><!-- \/wp:separator --><\/p>\n<p><!-- wp:heading {\"level\":3} --><\/p>\n<h3 class=\"wp-block-heading\">\u010cuvanje<\/h3>\n<p><!-- \/wp:heading --><\/p>\n<p><!-- wp:paragraph --><\/p>\n<p>Na suhom i hladnom mjestu<\/p>\n<p><!-- \/wp:paragraph --><\/p>\n<p><!-- wp:separator --><\/p>\n<p><!-- wp:separator --><\/p>\n<hr class=\"wp-block-separator has-alpha-channel-opacity\" \/>\n<p><!-- \/wp:separator --><\/p>\n<h3 class=\"wp-block-heading\">Logisti\u010dki podaci<\/h3>\n<p><!-- \/wp:heading --><\/p>\n<p><!-- wp:table --><\/p>\n<figure class=\"wp-block-table\">\n<table class=\"has-fixed-layout\">\n<tbody>\n<tr>\n<td><strong>Neto te\u017eina<\/strong><\/td>\n<td>420 g<\/td>\n<\/tr>\n<tr>\n<td>\n<p class=\"wp-block-heading\"><strong>Rok trajanja<\/strong><\/p>\n<\/td>\n<td>270 dana<\/td>\n<\/tr>\n<tr>\n<td>\n<p class=\"wp-block-heading\"><strong>Komada \/ pakiranje<\/strong><\/p>\n<\/td>\n<td>6<\/td>\n<\/tr>\n<tr>\n<td><strong>Pakiranja \/ karton<\/strong><\/td>\n<td>16<\/td>\n<\/tr>\n<tr>\n<td><strong>Kartona \/ paleta<\/strong><\/td>\n<td>48<\/td>\n<\/tr>\n<tr>\n<td><strong>Pribl. dimenzije<\/strong><\/td>\n<td>290 x 155 mm<\/td>\n<\/tr>\n<\/tbody>\n<\/table>\n<\/figure>\n<p><!-- \/wp:paragraph --><\/p>\n","protected":false},"featured_media":3620,"comment_status":"closed","ping_status":"closed","template":"","meta":[],"product_brand":[],"product_cat":[79],"product_tag":[],"class_list":{"0":"post-3618","1":"product","2":"type-product","3":"status-publish","4":"has-post-thumbnail","6":"product_cat-polugotovi-slasticarski-proizvodi","8":"first","9":"instock","10":"shipping-taxable","11":"product-type-simple"},"yoast_head":"<!-- This site is optimized with the Yoast SEO plugin v27.0 - https:\/\/yoast.com\/product\/yoast-seo-wordpress\/ -->\n<title>Tornyos kore za madjaricu - Tornyos P\u00e9ks\u00e9g<\/title>\n<meta name=\"robots\" content=\"index, follow, max-snippet:-1, max-image-preview:large, max-video-preview:-1\" \/>\n<link rel=\"canonical\" href=\"https:\/\/tornyos.eu\/hr\/proizvod\/tornyos-kore-za-madjaricu\/\" \/>\n<meta property=\"og:locale\" content=\"hr_HR\" \/>\n<meta property=\"og:type\" content=\"article\" \/>\n<meta property=\"og:title\" content=\"Tornyos kore za madjaricu - Tornyos P\u00e9ks\u00e9g\" \/>\n<meta property=\"og:description\" content=\"Prosje\u010dne hranjive vrijednosti        Energija: 1342kJ \/ 319 kcal   Masti: \u00a09,3 g   od kojih zasi\u0107ene masne kiseline: 4,4 g   Ugljikohidrati: 52,8 g   od kojih \u0161e\u0107eri: 16,3 g   Bjelan\u010devine: 6,2 g   Sol: 0,08 g                Sastojci     P\u0161eni\u010dno bra\u0161no (gluten), voda, \u0161e\u0107er, palmina mast (100% palmino ulje), vanilin-\u0161e\u0107er (\u0161e\u0107er, aroma vanilije), soda bikarbona (E500i), pra\u0161ak za pecivo (natrijev hidrogenkarbonat, kukuruzni \u0161krob, stabilizator: ksantan), kalijev sorbat (E202), amonijev hidrogenkarbonat (E503).       Informacije o alergenima i GMO     Proizvod sadr\u017ei: gluten. Mo\u017ee sadr\u017eavati tragove soje, cimeta, ora\u0161astih plodova, kikirikija, lupine i sezama. Za proizvodnju ove namirnice ne koriste se genetski modificirani organizmi ni materijali.           \u010cuvanje     Na suhom i hladnom mjestu           Logisti\u010dki podaci        Neto te\u017eina 420 g    Rok trajanja  270 dana    Komada \/ pakiranje  6   Pakiranja \/ karton 16   Kartona \/ paleta 48   Pribl. dimenzije 290 x 155 mm\" \/>\n<meta property=\"og:url\" content=\"https:\/\/tornyos.eu\/hr\/proizvod\/tornyos-kore-za-madjaricu\/\" \/>\n<meta property=\"og:site_name\" content=\"Tornyos P\u00e9ks\u00e9g\" \/>\n<meta property=\"article:publisher\" content=\"https:\/\/www.facebook.com\/tornyos\" \/>\n<meta property=\"article:modified_time\" content=\"2025-02-14T13:34:16+00:00\" \/>\n<meta property=\"og:image\" content=\"https:\/\/tornyos.eu\/wp-content\/uploads\/2024\/10\/Tornyos-Sutemenylap.jpg\" \/>\n\t<meta property=\"og:image:width\" content=\"1500\" \/>\n\t<meta property=\"og:image:height\" content=\"1500\" \/>\n\t<meta property=\"og:image:type\" content=\"image\/jpeg\" \/>\n<meta name=\"twitter:card\" content=\"summary_large_image\" \/>\n<meta name=\"twitter:label1\" content=\"Procijenjeno vrijeme \u010ditanja\" \/>\n\t<meta name=\"twitter:data1\" content=\"1 minuta\" \/>\n<script type=\"application\/ld+json\" class=\"yoast-schema-graph\">{\"@context\":\"https:\/\/schema.org\",\"@graph\":[{\"@type\":\"WebPage\",\"@id\":\"https:\/\/tornyos.eu\/hr\/proizvod\/tornyos-kore-za-madjaricu\/\",\"url\":\"https:\/\/tornyos.eu\/hr\/proizvod\/tornyos-kore-za-madjaricu\/\",\"name\":\"Tornyos kore za madjaricu - Tornyos P\u00e9ks\u00e9g\",\"isPartOf\":{\"@id\":\"https:\/\/tornyos.eu\/hr\/#website\"},\"primaryImageOfPage\":{\"@id\":\"https:\/\/tornyos.eu\/hr\/proizvod\/tornyos-kore-za-madjaricu\/#primaryimage\"},\"image\":{\"@id\":\"https:\/\/tornyos.eu\/hr\/proizvod\/tornyos-kore-za-madjaricu\/#primaryimage\"},\"thumbnailUrl\":\"https:\/\/tornyos.eu\/wp-content\/uploads\/2024\/10\/Tornyos-Sutemenylap.jpg\",\"datePublished\":\"2024-10-10T07:47:40+00:00\",\"dateModified\":\"2025-02-14T13:34:16+00:00\",\"breadcrumb\":{\"@id\":\"https:\/\/tornyos.eu\/hr\/proizvod\/tornyos-kore-za-madjaricu\/#breadcrumb\"},\"inLanguage\":\"hr\",\"potentialAction\":[{\"@type\":\"ReadAction\",\"target\":[\"https:\/\/tornyos.eu\/hr\/proizvod\/tornyos-kore-za-madjaricu\/\"]}]},{\"@type\":\"ImageObject\",\"inLanguage\":\"hr\",\"@id\":\"https:\/\/tornyos.eu\/hr\/proizvod\/tornyos-kore-za-madjaricu\/#primaryimage\",\"url\":\"https:\/\/tornyos.eu\/wp-content\/uploads\/2024\/10\/Tornyos-Sutemenylap.jpg\",\"contentUrl\":\"https:\/\/tornyos.eu\/wp-content\/uploads\/2024\/10\/Tornyos-Sutemenylap.jpg\",\"width\":1500,\"height\":1500},{\"@type\":\"BreadcrumbList\",\"@id\":\"https:\/\/tornyos.eu\/hr\/proizvod\/tornyos-kore-za-madjaricu\/#breadcrumb\",\"itemListElement\":[{\"@type\":\"ListItem\",\"position\":1,\"name\":\"Kezd\u0151lap\",\"item\":\"https:\/\/tornyos.eu\/hr\/\"},{\"@type\":\"ListItem\",\"position\":2,\"name\":\"Proizvodi\",\"item\":\"https:\/\/tornyos.eu\/hr\/shop\/\"},{\"@type\":\"ListItem\",\"position\":3,\"name\":\"Tornyos kore za madjaricu\"}]},{\"@type\":\"WebSite\",\"@id\":\"https:\/\/tornyos.eu\/hr\/#website\",\"url\":\"https:\/\/tornyos.eu\/hr\/\",\"name\":\"Tornyos P\u00e9ks\u00e9g\",\"description\":\"Tele pocak, boldog pocak!\",\"publisher\":{\"@id\":\"https:\/\/tornyos.eu\/hr\/#organization\"},\"potentialAction\":[{\"@type\":\"SearchAction\",\"target\":{\"@type\":\"EntryPoint\",\"urlTemplate\":\"https:\/\/tornyos.eu\/hr\/?s={search_term_string}\"},\"query-input\":{\"@type\":\"PropertyValueSpecification\",\"valueRequired\":true,\"valueName\":\"search_term_string\"}}],\"inLanguage\":\"hr\"},{\"@type\":\"Organization\",\"@id\":\"https:\/\/tornyos.eu\/hr\/#organization\",\"name\":\"Tornyos P\u00e9ks\u00e9g\",\"url\":\"https:\/\/tornyos.eu\/hr\/\",\"logo\":{\"@type\":\"ImageObject\",\"inLanguage\":\"hr\",\"@id\":\"https:\/\/tornyos.eu\/hr\/#\/schema\/logo\/image\/\",\"url\":\"https:\/\/tornyos.eu\/wp-content\/uploads\/2024\/08\/tornyos-color1.svg\",\"contentUrl\":\"https:\/\/tornyos.eu\/wp-content\/uploads\/2024\/08\/tornyos-color1.svg\",\"width\":770,\"height\":134,\"caption\":\"Tornyos P\u00e9ks\u00e9g\"},\"image\":{\"@id\":\"https:\/\/tornyos.eu\/hr\/#\/schema\/logo\/image\/\"},\"sameAs\":[\"https:\/\/www.facebook.com\/tornyos\",\"https:\/\/www.instagram.com\/tornyospekseg\/\",\"https:\/\/www.youtube.com\/@tornyospeksegcukraszda8788\"]}]}<\/script>\n<!-- \/ Yoast SEO plugin. -->","yoast_head_json":{"title":"Tornyos kore za madjaricu - Tornyos P\u00e9ks\u00e9g","robots":{"index":"index","follow":"follow","max-snippet":"max-snippet:-1","max-image-preview":"max-image-preview:large","max-video-preview":"max-video-preview:-1"},"canonical":"https:\/\/tornyos.eu\/hr\/proizvod\/tornyos-kore-za-madjaricu\/","og_locale":"hr_HR","og_type":"article","og_title":"Tornyos kore za madjaricu - Tornyos P\u00e9ks\u00e9g","og_description":"Prosje\u010dne hranjive vrijednosti        Energija: 1342kJ \/ 319 kcal   Masti: \u00a09,3 g   od kojih zasi\u0107ene masne kiseline: 4,4 g   Ugljikohidrati: 52,8 g   od kojih \u0161e\u0107eri: 16,3 g   Bjelan\u010devine: 6,2 g   Sol: 0,08 g                Sastojci     P\u0161eni\u010dno bra\u0161no (gluten), voda, \u0161e\u0107er, palmina mast (100% palmino ulje), vanilin-\u0161e\u0107er (\u0161e\u0107er, aroma vanilije), soda bikarbona (E500i), pra\u0161ak za pecivo (natrijev hidrogenkarbonat, kukuruzni \u0161krob, stabilizator: ksantan), kalijev sorbat (E202), amonijev hidrogenkarbonat (E503).       Informacije o alergenima i GMO     Proizvod sadr\u017ei: gluten. Mo\u017ee sadr\u017eavati tragove soje, cimeta, ora\u0161astih plodova, kikirikija, lupine i sezama. Za proizvodnju ove namirnice ne koriste se genetski modificirani organizmi ni materijali.           \u010cuvanje     Na suhom i hladnom mjestu           Logisti\u010dki podaci        Neto te\u017eina 420 g    Rok trajanja  270 dana    Komada \/ pakiranje  6   Pakiranja \/ karton 16   Kartona \/ paleta 48   Pribl. dimenzije 290 x 155 mm","og_url":"https:\/\/tornyos.eu\/hr\/proizvod\/tornyos-kore-za-madjaricu\/","og_site_name":"Tornyos P\u00e9ks\u00e9g","article_publisher":"https:\/\/www.facebook.com\/tornyos","article_modified_time":"2025-02-14T13:34:16+00:00","og_image":[{"width":1500,"height":1500,"url":"https:\/\/tornyos.eu\/wp-content\/uploads\/2024\/10\/Tornyos-Sutemenylap.jpg","type":"image\/jpeg"}],"twitter_card":"summary_large_image","twitter_misc":{"Procijenjeno vrijeme \u010ditanja":"1 minuta"},"schema":{"@context":"https:\/\/schema.org","@graph":[{"@type":"WebPage","@id":"https:\/\/tornyos.eu\/hr\/proizvod\/tornyos-kore-za-madjaricu\/","url":"https:\/\/tornyos.eu\/hr\/proizvod\/tornyos-kore-za-madjaricu\/","name":"Tornyos kore za madjaricu - Tornyos P\u00e9ks\u00e9g","isPartOf":{"@id":"https:\/\/tornyos.eu\/hr\/#website"},"primaryImageOfPage":{"@id":"https:\/\/tornyos.eu\/hr\/proizvod\/tornyos-kore-za-madjaricu\/#primaryimage"},"image":{"@id":"https:\/\/tornyos.eu\/hr\/proizvod\/tornyos-kore-za-madjaricu\/#primaryimage"},"thumbnailUrl":"https:\/\/tornyos.eu\/wp-content\/uploads\/2024\/10\/Tornyos-Sutemenylap.jpg","datePublished":"2024-10-10T07:47:40+00:00","dateModified":"2025-02-14T13:34:16+00:00","breadcrumb":{"@id":"https:\/\/tornyos.eu\/hr\/proizvod\/tornyos-kore-za-madjaricu\/#breadcrumb"},"inLanguage":"hr","potentialAction":[{"@type":"ReadAction","target":["https:\/\/tornyos.eu\/hr\/proizvod\/tornyos-kore-za-madjaricu\/"]}]},{"@type":"ImageObject","inLanguage":"hr","@id":"https:\/\/tornyos.eu\/hr\/proizvod\/tornyos-kore-za-madjaricu\/#primaryimage","url":"https:\/\/tornyos.eu\/wp-content\/uploads\/2024\/10\/Tornyos-Sutemenylap.jpg","contentUrl":"https:\/\/tornyos.eu\/wp-content\/uploads\/2024\/10\/Tornyos-Sutemenylap.jpg","width":1500,"height":1500},{"@type":"BreadcrumbList","@id":"https:\/\/tornyos.eu\/hr\/proizvod\/tornyos-kore-za-madjaricu\/#breadcrumb","itemListElement":[{"@type":"ListItem","position":1,"name":"Kezd\u0151lap","item":"https:\/\/tornyos.eu\/hr\/"},{"@type":"ListItem","position":2,"name":"Proizvodi","item":"https:\/\/tornyos.eu\/hr\/shop\/"},{"@type":"ListItem","position":3,"name":"Tornyos kore za madjaricu"}]},{"@type":"WebSite","@id":"https:\/\/tornyos.eu\/hr\/#website","url":"https:\/\/tornyos.eu\/hr\/","name":"Tornyos P\u00e9ks\u00e9g","description":"Tele pocak, boldog pocak!","publisher":{"@id":"https:\/\/tornyos.eu\/hr\/#organization"},"potentialAction":[{"@type":"SearchAction","target":{"@type":"EntryPoint","urlTemplate":"https:\/\/tornyos.eu\/hr\/?s={search_term_string}"},"query-input":{"@type":"PropertyValueSpecification","valueRequired":true,"valueName":"search_term_string"}}],"inLanguage":"hr"},{"@type":"Organization","@id":"https:\/\/tornyos.eu\/hr\/#organization","name":"Tornyos P\u00e9ks\u00e9g","url":"https:\/\/tornyos.eu\/hr\/","logo":{"@type":"ImageObject","inLanguage":"hr","@id":"https:\/\/tornyos.eu\/hr\/#\/schema\/logo\/image\/","url":"https:\/\/tornyos.eu\/wp-content\/uploads\/2024\/08\/tornyos-color1.svg","contentUrl":"https:\/\/tornyos.eu\/wp-content\/uploads\/2024\/08\/tornyos-color1.svg","width":770,"height":134,"caption":"Tornyos P\u00e9ks\u00e9g"},"image":{"@id":"https:\/\/tornyos.eu\/hr\/#\/schema\/logo\/image\/"},"sameAs":["https:\/\/www.facebook.com\/tornyos","https:\/\/www.instagram.com\/tornyospekseg\/","https:\/\/www.youtube.com\/@tornyospeksegcukraszda8788"]}]}},"_links":{"self":[{"href":"https:\/\/tornyos.eu\/hr\/wp-json\/wp\/v2\/product\/3618","targetHints":{"allow":["GET"]}}],"collection":[{"href":"https:\/\/tornyos.eu\/hr\/wp-json\/wp\/v2\/product"}],"about":[{"href":"https:\/\/tornyos.eu\/hr\/wp-json\/wp\/v2\/types\/product"}],"replies":[{"embeddable":true,"href":"https:\/\/tornyos.eu\/hr\/wp-json\/wp\/v2\/comments?post=3618"}],"wp:featuredmedia":[{"embeddable":true,"href":"https:\/\/tornyos.eu\/hr\/wp-json\/wp\/v2\/media\/3620"}],"wp:attachment":[{"href":"https:\/\/tornyos.eu\/hr\/wp-json\/wp\/v2\/media?parent=3618"}],"wp:term":[{"taxonomy":"product_brand","embeddable":true,"href":"https:\/\/tornyos.eu\/hr\/wp-json\/wp\/v2\/product_brand?post=3618"},{"taxonomy":"product_cat","embeddable":true,"href":"https:\/\/tornyos.eu\/hr\/wp-json\/wp\/v2\/product_cat?post=3618"},{"taxonomy":"product_tag","embeddable":true,"href":"https:\/\/tornyos.eu\/hr\/wp-json\/wp\/v2\/product_tag?post=3618"}],"curies":[{"name":"wp","href":"https:\/\/api.w.org\/{rel}","templated":true}]}}