{"id":3587,"date":"2024-11-03T15:43:45","date_gmt":"2024-11-03T14:43:45","guid":{"rendered":"https:\/\/tornyos.eu\/termek\/tornyos-brownie-szelet\/"},"modified":"2025-03-11T10:18:47","modified_gmt":"2025-03-11T09:18:47","slug":"tornyos-brownie-kolac","status":"publish","type":"product","link":"https:\/\/tornyos.eu\/hr\/proizvod\/tornyos-brownie-kolac\/","title":{"rendered":"Tornyos brownie kola\u010d"},"content":{"rendered":"<p>Bez \u0161e\u0107era<\/p>\n","protected":false},"excerpt":{"rendered":"<p><!-- wp:heading {\"level\":3} --><\/p>\n<h3 class=\"wp-block-heading\">Prosje\u010dne hranjive vrijednosti<\/h3>\n<p><!-- \/wp:heading --><\/p>\n<p><!-- wp:table --><\/p>\n<figure class=\"wp-block-table\">\n<table class=\"has-fixed-layout\">\n<tbody>\n<tr>\n<td>Energija:<\/td>\n<td>1440 kJ \/ 346 kcal<\/td>\n<\/tr>\n<tr>\n<td>Masti:<\/td>\n<td>21,3 g<\/td>\n<\/tr>\n<tr>\n<td>od kojih zasi\u0107ene masne kiseline:<\/td>\n<td>2,7 g<\/td>\n<\/tr>\n<tr>\n<td>Ugljikohidrati:<\/td>\n<td>44,1 g<\/td>\n<\/tr>\n<tr>\n<td>od kojih \u0161e\u0107eri:<\/td>\n<td>0,4 g<\/td>\n<\/tr>\n<tr>\n<td>Bjelan\u010devine:<\/td>\n<td>4,6 g<\/td>\n<\/tr>\n<tr>\n<td>Sol:<\/td>\n<td>0,46 g<\/td>\n<\/tr>\n<\/tbody>\n<\/table><figcaption><\/figcaption><figcaption class=\"wp-element-caption\"><\/figcaption><\/figure>\n<p><!-- \/wp:table --><\/p>\n<p><!-- wp:separator --><!-- \/wp:paragraph --><\/p>\n<p><!-- wp:separator --><\/p>\n<hr class=\"wp-block-separator has-alpha-channel-opacity\" \/>\n<p><!-- \/wp:separator --><\/p>\n<p><!-- wp:heading {\"level\":3} --><\/p>\n<h3 class=\"wp-block-heading\">Sastojci<\/h3>\n<p><!-- \/wp:heading --><\/p>\n<p><!-- wp:paragraph --><\/p>\n<p>Maltitol, jestivo ulje, voda, bra\u0161no BL-40, koncentrat za brownie (p\u0161eni\u010dno bra\u0161no, kakao u prahu (polumasni), ovla\u017eiva\u010d: sorbitol, ksantan; modificirani \u0161krob: E1422; sredstvo za rahljenje: natrijev difosfat, natrijev bikarbonat, limunska kiselina, kuhinjska sol, aroma), cijela teku\u0107a jaja; pr\u017eeni mljeveni lje\u0161njaci; pra\u0161ak za pecivo (sredstvo za rahljenje: natrijev hidrogenkarbonat, kukuruzni \u0161krob, stabilizator: ksantan).<\/p>\n<p><!-- wp:separator --><\/p>\n<hr class=\"wp-block-separator has-alpha-channel-opacity\" \/>\n<p><!-- \/wp:separator --><\/p>\n<h3 class=\"wp-block-heading\">Informacije o alergenima i GMO<\/h3>\n<p><!-- \/wp:heading --><\/p>\n<p><!-- wp:paragraph --><\/p>\n<p>Proizvod sadr\u017ei: gluten, jaja, kikiriki, ora\u0161aste plodove. Mo\u017ee sadr\u017eavati tragove soje, mlijeka i mlije\u010dnih proizvoda (laktoza), sezama.<br \/>\nZa proizvodnju ove namirnice ne koriste se genetski modificirani organizmi ni materijali.<\/p>\n<p><!-- \/wp:paragraph --><\/p>\n<p><!-- wp:separator --><\/p>\n<hr class=\"wp-block-separator has-alpha-channel-opacity\" \/>\n<p><!-- \/wp:separator --><\/p>\n<p><!-- wp:heading {\"level\":3} --><\/p>\n<h3 class=\"wp-block-heading\">\u010cuvanje<\/h3>\n<p><!-- \/wp:heading --><\/p>\n<p><!-- wp:paragraph --><\/p>\n<p>0-5 \u00b0C<\/p>\n<p><!-- \/wp:paragraph --><\/p>\n<p><!-- wp:separator --><\/p>\n<p><!-- wp:separator --><\/p>\n<hr class=\"wp-block-separator has-alpha-channel-opacity\" \/>\n<p><!-- \/wp:separator --><\/p>\n<h3 class=\"wp-block-heading\">Logisti\u010dki podaci<\/h3>\n<p><!-- \/wp:heading --><\/p>\n<p><!-- wp:table --><\/p>\n<figure class=\"wp-block-table\">\n<table class=\"has-fixed-layout\">\n<tbody>\n<tr>\n<td><strong>Neto te\u017eina<\/strong><\/td>\n<td>200 g<\/td>\n<\/tr>\n<tr>\n<td>\n<p class=\"wp-block-heading\"><strong>Rok trajanja<\/strong><\/p>\n<\/td>\n<td>14 dana<\/td>\n<\/tr>\n<tr>\n<td>\n<p class=\"wp-block-heading\"><strong>Komada \/ pakiranje<\/strong><\/p>\n<\/td>\n<td><\/td>\n<\/tr>\n<tr>\n<td><strong>Pakiranja \/ karton<\/strong><\/td>\n<td>8<\/td>\n<\/tr>\n<tr>\n<td><strong>Kartona \/ paleta<\/strong><\/td>\n<td>100<\/td>\n<\/tr>\n<tr>\n<td><strong>Pribl. dimenzije<\/strong><\/td>\n<td><\/td>\n<\/tr>\n<\/tbody>\n<\/table>\n<\/figure>\n<p><!-- \/wp:paragraph --><\/p>\n","protected":false},"featured_media":4400,"comment_status":"closed","ping_status":"closed","template":"","meta":[],"product_brand":[],"product_cat":[76,70],"product_tag":[],"class_list":{"0":"post-3587","1":"product","2":"type-product","3":"status-publish","4":"has-post-thumbnail","6":"product_cat-bez-secera","7":"product_cat-slasticarski-proizvodi","9":"first","10":"instock","11":"shipping-taxable","12":"product-type-simple"},"yoast_head":"<!-- This site is optimized with the Yoast SEO plugin v27.0 - https:\/\/yoast.com\/product\/yoast-seo-wordpress\/ -->\n<title>Tornyos brownie kola\u010d - Tornyos P\u00e9ks\u00e9g<\/title>\n<meta name=\"robots\" content=\"index, follow, max-snippet:-1, max-image-preview:large, max-video-preview:-1\" \/>\n<link rel=\"canonical\" href=\"https:\/\/tornyos.eu\/hr\/proizvod\/tornyos-brownie-kolac\/\" \/>\n<meta property=\"og:locale\" content=\"hr_HR\" \/>\n<meta property=\"og:type\" content=\"article\" \/>\n<meta property=\"og:title\" content=\"Tornyos brownie kola\u010d - Tornyos P\u00e9ks\u00e9g\" \/>\n<meta property=\"og:description\" content=\"Prosje\u010dne hranjive vrijednosti        Energija: 1440 kJ \/ 346 kcal   Masti: 21,3 g   od kojih zasi\u0107ene masne kiseline: 2,7 g   Ugljikohidrati: 44,1 g   od kojih \u0161e\u0107eri: 0,4 g   Bjelan\u010devine: 4,6 g   Sol: 0,46 g                Sastojci     Maltitol, jestivo ulje, voda, bra\u0161no BL-40, koncentrat za brownie (p\u0161eni\u010dno bra\u0161no, kakao u prahu (polumasni), ovla\u017eiva\u010d: sorbitol, ksantan; modificirani \u0161krob: E1422; sredstvo za rahljenje: natrijev difosfat, natrijev bikarbonat, limunska kiselina, kuhinjska sol, aroma), cijela teku\u0107a jaja; pr\u017eeni mljeveni lje\u0161njaci; pra\u0161ak za pecivo (sredstvo za rahljenje: natrijev hidrogenkarbonat, kukuruzni \u0161krob, stabilizator: ksantan).       Informacije o alergenima i GMO     Proizvod sadr\u017ei: gluten, jaja, kikiriki, ora\u0161aste plodove. Mo\u017ee sadr\u017eavati tragove soje, mlijeka i mlije\u010dnih proizvoda (laktoza), sezama. Za proizvodnju ove namirnice ne koriste se genetski modificirani organizmi ni materijali.           \u010cuvanje     0-5 \u00b0C           Logisti\u010dki podaci        Neto te\u017eina 200 g    Rok trajanja  14 dana    Komada \/ pakiranje     Pakiranja \/ karton 8   Kartona \/ paleta 100   Pribl. dimenzije\" \/>\n<meta property=\"og:url\" content=\"https:\/\/tornyos.eu\/hr\/proizvod\/tornyos-brownie-kolac\/\" \/>\n<meta property=\"og:site_name\" content=\"Tornyos P\u00e9ks\u00e9g\" \/>\n<meta property=\"article:publisher\" content=\"https:\/\/www.facebook.com\/tornyos\" \/>\n<meta property=\"article:modified_time\" content=\"2025-03-11T09:18:47+00:00\" \/>\n<meta property=\"og:image\" content=\"https:\/\/tornyos.eu\/wp-content\/uploads\/2024\/11\/tornyos-brownie-szelet-hr.jpg\" \/>\n\t<meta property=\"og:image:width\" content=\"1500\" \/>\n\t<meta property=\"og:image:height\" content=\"1500\" \/>\n\t<meta property=\"og:image:type\" content=\"image\/jpeg\" \/>\n<meta name=\"twitter:card\" content=\"summary_large_image\" \/>\n<meta name=\"twitter:label1\" content=\"Procijenjeno vrijeme \u010ditanja\" \/>\n\t<meta name=\"twitter:data1\" content=\"1 minuta\" \/>\n<script type=\"application\/ld+json\" class=\"yoast-schema-graph\">{\"@context\":\"https:\/\/schema.org\",\"@graph\":[{\"@type\":\"WebPage\",\"@id\":\"https:\/\/tornyos.eu\/hr\/proizvod\/tornyos-brownie-kolac\/\",\"url\":\"https:\/\/tornyos.eu\/hr\/proizvod\/tornyos-brownie-kolac\/\",\"name\":\"Tornyos brownie kola\u010d - Tornyos P\u00e9ks\u00e9g\",\"isPartOf\":{\"@id\":\"https:\/\/tornyos.eu\/hr\/#website\"},\"primaryImageOfPage\":{\"@id\":\"https:\/\/tornyos.eu\/hr\/proizvod\/tornyos-brownie-kolac\/#primaryimage\"},\"image\":{\"@id\":\"https:\/\/tornyos.eu\/hr\/proizvod\/tornyos-brownie-kolac\/#primaryimage\"},\"thumbnailUrl\":\"https:\/\/tornyos.eu\/wp-content\/uploads\/2024\/11\/tornyos-brownie-szelet-hr.jpg\",\"datePublished\":\"2024-11-03T14:43:45+00:00\",\"dateModified\":\"2025-03-11T09:18:47+00:00\",\"breadcrumb\":{\"@id\":\"https:\/\/tornyos.eu\/hr\/proizvod\/tornyos-brownie-kolac\/#breadcrumb\"},\"inLanguage\":\"hr\",\"potentialAction\":[{\"@type\":\"ReadAction\",\"target\":[\"https:\/\/tornyos.eu\/hr\/proizvod\/tornyos-brownie-kolac\/\"]}]},{\"@type\":\"ImageObject\",\"inLanguage\":\"hr\",\"@id\":\"https:\/\/tornyos.eu\/hr\/proizvod\/tornyos-brownie-kolac\/#primaryimage\",\"url\":\"https:\/\/tornyos.eu\/wp-content\/uploads\/2024\/11\/tornyos-brownie-szelet-hr.jpg\",\"contentUrl\":\"https:\/\/tornyos.eu\/wp-content\/uploads\/2024\/11\/tornyos-brownie-szelet-hr.jpg\",\"width\":1500,\"height\":1500,\"caption\":\"Tornyos brownie kola\u010d\"},{\"@type\":\"BreadcrumbList\",\"@id\":\"https:\/\/tornyos.eu\/hr\/proizvod\/tornyos-brownie-kolac\/#breadcrumb\",\"itemListElement\":[{\"@type\":\"ListItem\",\"position\":1,\"name\":\"Kezd\u0151lap\",\"item\":\"https:\/\/tornyos.eu\/hr\/\"},{\"@type\":\"ListItem\",\"position\":2,\"name\":\"Proizvodi\",\"item\":\"https:\/\/tornyos.eu\/hr\/shop\/\"},{\"@type\":\"ListItem\",\"position\":3,\"name\":\"Tornyos brownie kola\u010d\"}]},{\"@type\":\"WebSite\",\"@id\":\"https:\/\/tornyos.eu\/hr\/#website\",\"url\":\"https:\/\/tornyos.eu\/hr\/\",\"name\":\"Tornyos P\u00e9ks\u00e9g\",\"description\":\"Tele pocak, boldog pocak!\",\"publisher\":{\"@id\":\"https:\/\/tornyos.eu\/hr\/#organization\"},\"potentialAction\":[{\"@type\":\"SearchAction\",\"target\":{\"@type\":\"EntryPoint\",\"urlTemplate\":\"https:\/\/tornyos.eu\/hr\/?s={search_term_string}\"},\"query-input\":{\"@type\":\"PropertyValueSpecification\",\"valueRequired\":true,\"valueName\":\"search_term_string\"}}],\"inLanguage\":\"hr\"},{\"@type\":\"Organization\",\"@id\":\"https:\/\/tornyos.eu\/hr\/#organization\",\"name\":\"Tornyos P\u00e9ks\u00e9g\",\"url\":\"https:\/\/tornyos.eu\/hr\/\",\"logo\":{\"@type\":\"ImageObject\",\"inLanguage\":\"hr\",\"@id\":\"https:\/\/tornyos.eu\/hr\/#\/schema\/logo\/image\/\",\"url\":\"https:\/\/tornyos.eu\/wp-content\/uploads\/2024\/08\/tornyos-color1.svg\",\"contentUrl\":\"https:\/\/tornyos.eu\/wp-content\/uploads\/2024\/08\/tornyos-color1.svg\",\"width\":770,\"height\":134,\"caption\":\"Tornyos P\u00e9ks\u00e9g\"},\"image\":{\"@id\":\"https:\/\/tornyos.eu\/hr\/#\/schema\/logo\/image\/\"},\"sameAs\":[\"https:\/\/www.facebook.com\/tornyos\",\"https:\/\/www.instagram.com\/tornyospekseg\/\",\"https:\/\/www.youtube.com\/@tornyospeksegcukraszda8788\"]}]}<\/script>\n<!-- \/ Yoast SEO plugin. -->","yoast_head_json":{"title":"Tornyos brownie kola\u010d - Tornyos P\u00e9ks\u00e9g","robots":{"index":"index","follow":"follow","max-snippet":"max-snippet:-1","max-image-preview":"max-image-preview:large","max-video-preview":"max-video-preview:-1"},"canonical":"https:\/\/tornyos.eu\/hr\/proizvod\/tornyos-brownie-kolac\/","og_locale":"hr_HR","og_type":"article","og_title":"Tornyos brownie kola\u010d - Tornyos P\u00e9ks\u00e9g","og_description":"Prosje\u010dne hranjive vrijednosti        Energija: 1440 kJ \/ 346 kcal   Masti: 21,3 g   od kojih zasi\u0107ene masne kiseline: 2,7 g   Ugljikohidrati: 44,1 g   od kojih \u0161e\u0107eri: 0,4 g   Bjelan\u010devine: 4,6 g   Sol: 0,46 g                Sastojci     Maltitol, jestivo ulje, voda, bra\u0161no BL-40, koncentrat za brownie (p\u0161eni\u010dno bra\u0161no, kakao u prahu (polumasni), ovla\u017eiva\u010d: sorbitol, ksantan; modificirani \u0161krob: E1422; sredstvo za rahljenje: natrijev difosfat, natrijev bikarbonat, limunska kiselina, kuhinjska sol, aroma), cijela teku\u0107a jaja; pr\u017eeni mljeveni lje\u0161njaci; pra\u0161ak za pecivo (sredstvo za rahljenje: natrijev hidrogenkarbonat, kukuruzni \u0161krob, stabilizator: ksantan).       Informacije o alergenima i GMO     Proizvod sadr\u017ei: gluten, jaja, kikiriki, ora\u0161aste plodove. Mo\u017ee sadr\u017eavati tragove soje, mlijeka i mlije\u010dnih proizvoda (laktoza), sezama. Za proizvodnju ove namirnice ne koriste se genetski modificirani organizmi ni materijali.           \u010cuvanje     0-5 \u00b0C           Logisti\u010dki podaci        Neto te\u017eina 200 g    Rok trajanja  14 dana    Komada \/ pakiranje     Pakiranja \/ karton 8   Kartona \/ paleta 100   Pribl. dimenzije","og_url":"https:\/\/tornyos.eu\/hr\/proizvod\/tornyos-brownie-kolac\/","og_site_name":"Tornyos P\u00e9ks\u00e9g","article_publisher":"https:\/\/www.facebook.com\/tornyos","article_modified_time":"2025-03-11T09:18:47+00:00","og_image":[{"width":1500,"height":1500,"url":"https:\/\/tornyos.eu\/wp-content\/uploads\/2024\/11\/tornyos-brownie-szelet-hr.jpg","type":"image\/jpeg"}],"twitter_card":"summary_large_image","twitter_misc":{"Procijenjeno vrijeme \u010ditanja":"1 minuta"},"schema":{"@context":"https:\/\/schema.org","@graph":[{"@type":"WebPage","@id":"https:\/\/tornyos.eu\/hr\/proizvod\/tornyos-brownie-kolac\/","url":"https:\/\/tornyos.eu\/hr\/proizvod\/tornyos-brownie-kolac\/","name":"Tornyos brownie kola\u010d - Tornyos P\u00e9ks\u00e9g","isPartOf":{"@id":"https:\/\/tornyos.eu\/hr\/#website"},"primaryImageOfPage":{"@id":"https:\/\/tornyos.eu\/hr\/proizvod\/tornyos-brownie-kolac\/#primaryimage"},"image":{"@id":"https:\/\/tornyos.eu\/hr\/proizvod\/tornyos-brownie-kolac\/#primaryimage"},"thumbnailUrl":"https:\/\/tornyos.eu\/wp-content\/uploads\/2024\/11\/tornyos-brownie-szelet-hr.jpg","datePublished":"2024-11-03T14:43:45+00:00","dateModified":"2025-03-11T09:18:47+00:00","breadcrumb":{"@id":"https:\/\/tornyos.eu\/hr\/proizvod\/tornyos-brownie-kolac\/#breadcrumb"},"inLanguage":"hr","potentialAction":[{"@type":"ReadAction","target":["https:\/\/tornyos.eu\/hr\/proizvod\/tornyos-brownie-kolac\/"]}]},{"@type":"ImageObject","inLanguage":"hr","@id":"https:\/\/tornyos.eu\/hr\/proizvod\/tornyos-brownie-kolac\/#primaryimage","url":"https:\/\/tornyos.eu\/wp-content\/uploads\/2024\/11\/tornyos-brownie-szelet-hr.jpg","contentUrl":"https:\/\/tornyos.eu\/wp-content\/uploads\/2024\/11\/tornyos-brownie-szelet-hr.jpg","width":1500,"height":1500,"caption":"Tornyos brownie kola\u010d"},{"@type":"BreadcrumbList","@id":"https:\/\/tornyos.eu\/hr\/proizvod\/tornyos-brownie-kolac\/#breadcrumb","itemListElement":[{"@type":"ListItem","position":1,"name":"Kezd\u0151lap","item":"https:\/\/tornyos.eu\/hr\/"},{"@type":"ListItem","position":2,"name":"Proizvodi","item":"https:\/\/tornyos.eu\/hr\/shop\/"},{"@type":"ListItem","position":3,"name":"Tornyos brownie kola\u010d"}]},{"@type":"WebSite","@id":"https:\/\/tornyos.eu\/hr\/#website","url":"https:\/\/tornyos.eu\/hr\/","name":"Tornyos P\u00e9ks\u00e9g","description":"Tele pocak, boldog pocak!","publisher":{"@id":"https:\/\/tornyos.eu\/hr\/#organization"},"potentialAction":[{"@type":"SearchAction","target":{"@type":"EntryPoint","urlTemplate":"https:\/\/tornyos.eu\/hr\/?s={search_term_string}"},"query-input":{"@type":"PropertyValueSpecification","valueRequired":true,"valueName":"search_term_string"}}],"inLanguage":"hr"},{"@type":"Organization","@id":"https:\/\/tornyos.eu\/hr\/#organization","name":"Tornyos P\u00e9ks\u00e9g","url":"https:\/\/tornyos.eu\/hr\/","logo":{"@type":"ImageObject","inLanguage":"hr","@id":"https:\/\/tornyos.eu\/hr\/#\/schema\/logo\/image\/","url":"https:\/\/tornyos.eu\/wp-content\/uploads\/2024\/08\/tornyos-color1.svg","contentUrl":"https:\/\/tornyos.eu\/wp-content\/uploads\/2024\/08\/tornyos-color1.svg","width":770,"height":134,"caption":"Tornyos P\u00e9ks\u00e9g"},"image":{"@id":"https:\/\/tornyos.eu\/hr\/#\/schema\/logo\/image\/"},"sameAs":["https:\/\/www.facebook.com\/tornyos","https:\/\/www.instagram.com\/tornyospekseg\/","https:\/\/www.youtube.com\/@tornyospeksegcukraszda8788"]}]}},"_links":{"self":[{"href":"https:\/\/tornyos.eu\/hr\/wp-json\/wp\/v2\/product\/3587","targetHints":{"allow":["GET"]}}],"collection":[{"href":"https:\/\/tornyos.eu\/hr\/wp-json\/wp\/v2\/product"}],"about":[{"href":"https:\/\/tornyos.eu\/hr\/wp-json\/wp\/v2\/types\/product"}],"replies":[{"embeddable":true,"href":"https:\/\/tornyos.eu\/hr\/wp-json\/wp\/v2\/comments?post=3587"}],"wp:featuredmedia":[{"embeddable":true,"href":"https:\/\/tornyos.eu\/hr\/wp-json\/wp\/v2\/media\/4400"}],"wp:attachment":[{"href":"https:\/\/tornyos.eu\/hr\/wp-json\/wp\/v2\/media?parent=3587"}],"wp:term":[{"taxonomy":"product_brand","embeddable":true,"href":"https:\/\/tornyos.eu\/hr\/wp-json\/wp\/v2\/product_brand?post=3587"},{"taxonomy":"product_cat","embeddable":true,"href":"https:\/\/tornyos.eu\/hr\/wp-json\/wp\/v2\/product_cat?post=3587"},{"taxonomy":"product_tag","embeddable":true,"href":"https:\/\/tornyos.eu\/hr\/wp-json\/wp\/v2\/product_tag?post=3587"}],"curies":[{"name":"wp","href":"https:\/\/api.w.org\/{rel}","templated":true}]}}