{"id":3577,"date":"2024-11-05T08:51:23","date_gmt":"2024-11-05T07:51:23","guid":{"rendered":"https:\/\/tornyos.eu\/termek\/tornyos-repas-szelet\/"},"modified":"2025-03-11T10:14:42","modified_gmt":"2025-03-11T09:14:42","slug":"tornyos-kolac-s-mrkvom","status":"publish","type":"product","link":"https:\/\/tornyos.eu\/hr\/proizvod\/tornyos-kolac-s-mrkvom\/","title":{"rendered":"Tornyos kola\u010d s mrkvom"},"content":{"rendered":"<p>Veganski<\/p>\n","protected":false},"excerpt":{"rendered":"<p><!-- wp:heading {\"level\":3} --><\/p>\n<h3 class=\"wp-block-heading\">Prosje\u010dne hranjive vrijednosti<\/h3>\n<p><!-- \/wp:heading --><\/p>\n<p><!-- wp:table --><\/p>\n<figure class=\"wp-block-table\">\n<table class=\"has-fixed-layout\">\n<tbody>\n<tr>\n<td>Energija:<\/td>\n<td>1585 kJ \/ 379 kcal<\/td>\n<\/tr>\n<tr>\n<td>Masti:<\/td>\n<td>\u00a020,54 g<\/td>\n<\/tr>\n<tr>\n<td>od kojih zasi\u0107ene masne kiseline:<\/td>\n<td>5,27 g<\/td>\n<\/tr>\n<tr>\n<td>Ugljikohidrati:<\/td>\n<td>43,5 g<\/td>\n<\/tr>\n<tr>\n<td>od kojih \u0161e\u0107eri:<\/td>\n<td>25,28 g<\/td>\n<\/tr>\n<tr>\n<td>Bjelan\u010devine:<\/td>\n<td>4,44 g<\/td>\n<\/tr>\n<tr>\n<td>Sol:<\/td>\n<td>1,65 g<\/td>\n<\/tr>\n<\/tbody>\n<\/table><figcaption><\/figcaption><figcaption class=\"wp-element-caption\"><\/figcaption><\/figure>\n<p><!-- \/wp:table --><\/p>\n<p><!-- wp:separator --><!-- \/wp:paragraph --><\/p>\n<p><!-- wp:separator --><\/p>\n<hr class=\"wp-block-separator has-alpha-channel-opacity\" \/>\n<p><!-- \/wp:separator --><\/p>\n<p><!-- wp:heading {\"level\":3} --><\/p>\n<h3 class=\"wp-block-heading\">Sastojci<\/h3>\n<p><!-- \/wp:heading --><\/p>\n<p><!-- wp:paragraph --><\/p>\n<p>Mje\u0161avina bra\u0161na (\u0161e\u0107er, p\u0161eni\u010dno bra\u0161no, su\u0161ena naribana mrkva, p\u0161eni\u010dni gluten, modificirani \u0161krob, sredstva za rahljenje: E500 i E450, mljeveni cimet, repi\u010dino ulje, sol, aroma, enzimi), nadjev od jabuke (jabuka, \u0161e\u0107er, krumpirov \u0161krob, konzervans: kalijev sorbat, regulator kiselosti: limunska kiselina), voda, jestivo ulje, \u010dokoladna glazura (\u0161e\u0107er, hidrogenizirana palmina mast, kakao u prahu, emulgatori: sojin lecitin i E476, aroma vanilije), p\u0161eni\u010dno bra\u0161no, baza za \u0161lag (voda, hidrogenizirano palmino ulje, ovla\u017eiva\u010d: E420, glukozni sirup, emulgatori: E472e i E435, stabilizator: E464, sol, aroma).<\/p>\n<p><!-- wp:separator --><\/p>\n<hr class=\"wp-block-separator has-alpha-channel-opacity\" \/>\n<p><!-- \/wp:separator --><\/p>\n<h3 class=\"wp-block-heading\">Informacije o alergenima i GMO<\/h3>\n<p><!-- \/wp:heading --><\/p>\n<p><!-- wp:paragraph --><\/p>\n<p>Proizvod sadr\u017ei: gluten, soju. Mo\u017ee sadr\u017eavati tragove mlijeka, jaja, ora\u0161astih plodova, kikirikija, lupine i sezama.<br \/>\nZa proizvodnju ove namirnice ne koriste se genetski modificirani organizmi ni materijali.<\/p>\n<p><!-- \/wp:paragraph --><\/p>\n<p><!-- wp:separator --><\/p>\n<hr class=\"wp-block-separator has-alpha-channel-opacity\" \/>\n<p><!-- \/wp:separator --><\/p>\n<p><!-- wp:heading {\"level\":3} --><\/p>\n<h3 class=\"wp-block-heading\">\u010cuvanje<\/h3>\n<p><!-- \/wp:heading --><\/p>\n<p><!-- wp:paragraph --><\/p>\n<p>0-5 \u00b0C<\/p>\n<p><!-- \/wp:paragraph --><\/p>\n<p><!-- wp:separator --><\/p>\n<p><!-- wp:separator --><\/p>\n<hr class=\"wp-block-separator has-alpha-channel-opacity\" \/>\n<p><!-- \/wp:separator --><\/p>\n<h3 class=\"wp-block-heading\">Logisti\u010dki podaci<\/h3>\n<p><!-- \/wp:heading --><\/p>\n<p><!-- wp:table --><\/p>\n<figure class=\"wp-block-table\">\n<table class=\"has-fixed-layout\">\n<tbody>\n<tr>\n<td><strong>Neto te\u017eina<\/strong><\/td>\n<td>200 g<\/td>\n<\/tr>\n<tr>\n<td>\n<p class=\"wp-block-heading\"><strong>Rok trajanja<\/strong><\/p>\n<\/td>\n<td>10 dana<\/td>\n<\/tr>\n<tr>\n<td>\n<p class=\"wp-block-heading\"><strong>Komada \/ pakiranje<\/strong><\/p>\n<\/td>\n<td><\/td>\n<\/tr>\n<tr>\n<td><strong>Pakiranja \/ karton<\/strong><\/td>\n<td>8<\/td>\n<\/tr>\n<tr>\n<td><strong>Kartona \/ paleta<\/strong><\/td>\n<td>100<\/td>\n<\/tr>\n<tr>\n<td><strong>Pribl. dimenzije<\/strong><\/td>\n<td><\/td>\n<\/tr>\n<\/tbody>\n<\/table>\n<\/figure>\n<p><!-- \/wp:paragraph --><\/p>\n","protected":false},"featured_media":4392,"comment_status":"closed","ping_status":"closed","template":"","meta":[],"product_brand":[],"product_cat":[70,71],"product_tag":[],"class_list":{"0":"post-3577","1":"product","2":"type-product","3":"status-publish","4":"has-post-thumbnail","6":"product_cat-slasticarski-proizvodi","7":"product_cat-veganski","9":"first","10":"instock","11":"shipping-taxable","12":"product-type-simple"},"yoast_head":"<!-- This site is optimized with the Yoast SEO plugin v27.0 - https:\/\/yoast.com\/product\/yoast-seo-wordpress\/ -->\n<title>Tornyos kola\u010d s mrkvom - Tornyos P\u00e9ks\u00e9g<\/title>\n<meta name=\"robots\" content=\"index, follow, max-snippet:-1, max-image-preview:large, max-video-preview:-1\" \/>\n<link rel=\"canonical\" href=\"https:\/\/tornyos.eu\/hr\/proizvod\/tornyos-kolac-s-mrkvom\/\" \/>\n<meta property=\"og:locale\" content=\"hr_HR\" \/>\n<meta property=\"og:type\" content=\"article\" \/>\n<meta property=\"og:title\" content=\"Tornyos kola\u010d s mrkvom - Tornyos P\u00e9ks\u00e9g\" \/>\n<meta property=\"og:description\" content=\"Prosje\u010dne hranjive vrijednosti        Energija: 1585 kJ \/ 379 kcal   Masti: \u00a020,54 g   od kojih zasi\u0107ene masne kiseline: 5,27 g   Ugljikohidrati: 43,5 g   od kojih \u0161e\u0107eri: 25,28 g   Bjelan\u010devine: 4,44 g   Sol: 1,65 g                Sastojci     Mje\u0161avina bra\u0161na (\u0161e\u0107er, p\u0161eni\u010dno bra\u0161no, su\u0161ena naribana mrkva, p\u0161eni\u010dni gluten, modificirani \u0161krob, sredstva za rahljenje: E500 i E450, mljeveni cimet, repi\u010dino ulje, sol, aroma, enzimi), nadjev od jabuke (jabuka, \u0161e\u0107er, krumpirov \u0161krob, konzervans: kalijev sorbat, regulator kiselosti: limunska kiselina), voda, jestivo ulje, \u010dokoladna glazura (\u0161e\u0107er, hidrogenizirana palmina mast, kakao u prahu, emulgatori: sojin lecitin i E476, aroma vanilije), p\u0161eni\u010dno bra\u0161no, baza za \u0161lag (voda, hidrogenizirano palmino ulje, ovla\u017eiva\u010d: E420, glukozni sirup, emulgatori: E472e i E435, stabilizator: E464, sol, aroma).       Informacije o alergenima i GMO     Proizvod sadr\u017ei: gluten, soju. Mo\u017ee sadr\u017eavati tragove mlijeka, jaja, ora\u0161astih plodova, kikirikija, lupine i sezama. Za proizvodnju ove namirnice ne koriste se genetski modificirani organizmi ni materijali.           \u010cuvanje     0-5 \u00b0C           Logisti\u010dki podaci        Neto te\u017eina 200 g    Rok trajanja  10 dana    Komada \/ pakiranje     Pakiranja \/ karton 8   Kartona \/ paleta 100   Pribl. dimenzije\" \/>\n<meta property=\"og:url\" content=\"https:\/\/tornyos.eu\/hr\/proizvod\/tornyos-kolac-s-mrkvom\/\" \/>\n<meta property=\"og:site_name\" content=\"Tornyos P\u00e9ks\u00e9g\" \/>\n<meta property=\"article:publisher\" content=\"https:\/\/www.facebook.com\/tornyos\" \/>\n<meta property=\"article:modified_time\" content=\"2025-03-11T09:14:42+00:00\" \/>\n<meta property=\"og:image\" content=\"https:\/\/tornyos.eu\/wp-content\/uploads\/2024\/11\/tornyos-repas-szelet-hr.jpg\" \/>\n\t<meta property=\"og:image:width\" content=\"1500\" \/>\n\t<meta property=\"og:image:height\" content=\"1500\" \/>\n\t<meta property=\"og:image:type\" content=\"image\/jpeg\" \/>\n<meta name=\"twitter:card\" content=\"summary_large_image\" \/>\n<meta name=\"twitter:label1\" content=\"Procijenjeno vrijeme \u010ditanja\" \/>\n\t<meta name=\"twitter:data1\" content=\"1 minuta\" \/>\n<script type=\"application\/ld+json\" class=\"yoast-schema-graph\">{\"@context\":\"https:\/\/schema.org\",\"@graph\":[{\"@type\":\"WebPage\",\"@id\":\"https:\/\/tornyos.eu\/hr\/proizvod\/tornyos-kolac-s-mrkvom\/\",\"url\":\"https:\/\/tornyos.eu\/hr\/proizvod\/tornyos-kolac-s-mrkvom\/\",\"name\":\"Tornyos kola\u010d s mrkvom - Tornyos P\u00e9ks\u00e9g\",\"isPartOf\":{\"@id\":\"https:\/\/tornyos.eu\/hr\/#website\"},\"primaryImageOfPage\":{\"@id\":\"https:\/\/tornyos.eu\/hr\/proizvod\/tornyos-kolac-s-mrkvom\/#primaryimage\"},\"image\":{\"@id\":\"https:\/\/tornyos.eu\/hr\/proizvod\/tornyos-kolac-s-mrkvom\/#primaryimage\"},\"thumbnailUrl\":\"https:\/\/tornyos.eu\/wp-content\/uploads\/2024\/11\/tornyos-repas-szelet-hr.jpg\",\"datePublished\":\"2024-11-05T07:51:23+00:00\",\"dateModified\":\"2025-03-11T09:14:42+00:00\",\"breadcrumb\":{\"@id\":\"https:\/\/tornyos.eu\/hr\/proizvod\/tornyos-kolac-s-mrkvom\/#breadcrumb\"},\"inLanguage\":\"hr\",\"potentialAction\":[{\"@type\":\"ReadAction\",\"target\":[\"https:\/\/tornyos.eu\/hr\/proizvod\/tornyos-kolac-s-mrkvom\/\"]}]},{\"@type\":\"ImageObject\",\"inLanguage\":\"hr\",\"@id\":\"https:\/\/tornyos.eu\/hr\/proizvod\/tornyos-kolac-s-mrkvom\/#primaryimage\",\"url\":\"https:\/\/tornyos.eu\/wp-content\/uploads\/2024\/11\/tornyos-repas-szelet-hr.jpg\",\"contentUrl\":\"https:\/\/tornyos.eu\/wp-content\/uploads\/2024\/11\/tornyos-repas-szelet-hr.jpg\",\"width\":1500,\"height\":1500,\"caption\":\"Tornyos kola\u010d s mrkvom\"},{\"@type\":\"BreadcrumbList\",\"@id\":\"https:\/\/tornyos.eu\/hr\/proizvod\/tornyos-kolac-s-mrkvom\/#breadcrumb\",\"itemListElement\":[{\"@type\":\"ListItem\",\"position\":1,\"name\":\"Kezd\u0151lap\",\"item\":\"https:\/\/tornyos.eu\/hr\/\"},{\"@type\":\"ListItem\",\"position\":2,\"name\":\"Proizvodi\",\"item\":\"https:\/\/tornyos.eu\/hr\/shop\/\"},{\"@type\":\"ListItem\",\"position\":3,\"name\":\"Tornyos kola\u010d s mrkvom\"}]},{\"@type\":\"WebSite\",\"@id\":\"https:\/\/tornyos.eu\/hr\/#website\",\"url\":\"https:\/\/tornyos.eu\/hr\/\",\"name\":\"Tornyos P\u00e9ks\u00e9g\",\"description\":\"Tele pocak, boldog pocak!\",\"publisher\":{\"@id\":\"https:\/\/tornyos.eu\/hr\/#organization\"},\"potentialAction\":[{\"@type\":\"SearchAction\",\"target\":{\"@type\":\"EntryPoint\",\"urlTemplate\":\"https:\/\/tornyos.eu\/hr\/?s={search_term_string}\"},\"query-input\":{\"@type\":\"PropertyValueSpecification\",\"valueRequired\":true,\"valueName\":\"search_term_string\"}}],\"inLanguage\":\"hr\"},{\"@type\":\"Organization\",\"@id\":\"https:\/\/tornyos.eu\/hr\/#organization\",\"name\":\"Tornyos P\u00e9ks\u00e9g\",\"url\":\"https:\/\/tornyos.eu\/hr\/\",\"logo\":{\"@type\":\"ImageObject\",\"inLanguage\":\"hr\",\"@id\":\"https:\/\/tornyos.eu\/hr\/#\/schema\/logo\/image\/\",\"url\":\"https:\/\/tornyos.eu\/wp-content\/uploads\/2024\/08\/tornyos-color1.svg\",\"contentUrl\":\"https:\/\/tornyos.eu\/wp-content\/uploads\/2024\/08\/tornyos-color1.svg\",\"width\":770,\"height\":134,\"caption\":\"Tornyos P\u00e9ks\u00e9g\"},\"image\":{\"@id\":\"https:\/\/tornyos.eu\/hr\/#\/schema\/logo\/image\/\"},\"sameAs\":[\"https:\/\/www.facebook.com\/tornyos\",\"https:\/\/www.instagram.com\/tornyospekseg\/\",\"https:\/\/www.youtube.com\/@tornyospeksegcukraszda8788\"]}]}<\/script>\n<!-- \/ Yoast SEO plugin. -->","yoast_head_json":{"title":"Tornyos kola\u010d s mrkvom - Tornyos P\u00e9ks\u00e9g","robots":{"index":"index","follow":"follow","max-snippet":"max-snippet:-1","max-image-preview":"max-image-preview:large","max-video-preview":"max-video-preview:-1"},"canonical":"https:\/\/tornyos.eu\/hr\/proizvod\/tornyos-kolac-s-mrkvom\/","og_locale":"hr_HR","og_type":"article","og_title":"Tornyos kola\u010d s mrkvom - Tornyos P\u00e9ks\u00e9g","og_description":"Prosje\u010dne hranjive vrijednosti        Energija: 1585 kJ \/ 379 kcal   Masti: \u00a020,54 g   od kojih zasi\u0107ene masne kiseline: 5,27 g   Ugljikohidrati: 43,5 g   od kojih \u0161e\u0107eri: 25,28 g   Bjelan\u010devine: 4,44 g   Sol: 1,65 g                Sastojci     Mje\u0161avina bra\u0161na (\u0161e\u0107er, p\u0161eni\u010dno bra\u0161no, su\u0161ena naribana mrkva, p\u0161eni\u010dni gluten, modificirani \u0161krob, sredstva za rahljenje: E500 i E450, mljeveni cimet, repi\u010dino ulje, sol, aroma, enzimi), nadjev od jabuke (jabuka, \u0161e\u0107er, krumpirov \u0161krob, konzervans: kalijev sorbat, regulator kiselosti: limunska kiselina), voda, jestivo ulje, \u010dokoladna glazura (\u0161e\u0107er, hidrogenizirana palmina mast, kakao u prahu, emulgatori: sojin lecitin i E476, aroma vanilije), p\u0161eni\u010dno bra\u0161no, baza za \u0161lag (voda, hidrogenizirano palmino ulje, ovla\u017eiva\u010d: E420, glukozni sirup, emulgatori: E472e i E435, stabilizator: E464, sol, aroma).       Informacije o alergenima i GMO     Proizvod sadr\u017ei: gluten, soju. Mo\u017ee sadr\u017eavati tragove mlijeka, jaja, ora\u0161astih plodova, kikirikija, lupine i sezama. Za proizvodnju ove namirnice ne koriste se genetski modificirani organizmi ni materijali.           \u010cuvanje     0-5 \u00b0C           Logisti\u010dki podaci        Neto te\u017eina 200 g    Rok trajanja  10 dana    Komada \/ pakiranje     Pakiranja \/ karton 8   Kartona \/ paleta 100   Pribl. dimenzije","og_url":"https:\/\/tornyos.eu\/hr\/proizvod\/tornyos-kolac-s-mrkvom\/","og_site_name":"Tornyos P\u00e9ks\u00e9g","article_publisher":"https:\/\/www.facebook.com\/tornyos","article_modified_time":"2025-03-11T09:14:42+00:00","og_image":[{"width":1500,"height":1500,"url":"https:\/\/tornyos.eu\/wp-content\/uploads\/2024\/11\/tornyos-repas-szelet-hr.jpg","type":"image\/jpeg"}],"twitter_card":"summary_large_image","twitter_misc":{"Procijenjeno vrijeme \u010ditanja":"1 minuta"},"schema":{"@context":"https:\/\/schema.org","@graph":[{"@type":"WebPage","@id":"https:\/\/tornyos.eu\/hr\/proizvod\/tornyos-kolac-s-mrkvom\/","url":"https:\/\/tornyos.eu\/hr\/proizvod\/tornyos-kolac-s-mrkvom\/","name":"Tornyos kola\u010d s mrkvom - Tornyos P\u00e9ks\u00e9g","isPartOf":{"@id":"https:\/\/tornyos.eu\/hr\/#website"},"primaryImageOfPage":{"@id":"https:\/\/tornyos.eu\/hr\/proizvod\/tornyos-kolac-s-mrkvom\/#primaryimage"},"image":{"@id":"https:\/\/tornyos.eu\/hr\/proizvod\/tornyos-kolac-s-mrkvom\/#primaryimage"},"thumbnailUrl":"https:\/\/tornyos.eu\/wp-content\/uploads\/2024\/11\/tornyos-repas-szelet-hr.jpg","datePublished":"2024-11-05T07:51:23+00:00","dateModified":"2025-03-11T09:14:42+00:00","breadcrumb":{"@id":"https:\/\/tornyos.eu\/hr\/proizvod\/tornyos-kolac-s-mrkvom\/#breadcrumb"},"inLanguage":"hr","potentialAction":[{"@type":"ReadAction","target":["https:\/\/tornyos.eu\/hr\/proizvod\/tornyos-kolac-s-mrkvom\/"]}]},{"@type":"ImageObject","inLanguage":"hr","@id":"https:\/\/tornyos.eu\/hr\/proizvod\/tornyos-kolac-s-mrkvom\/#primaryimage","url":"https:\/\/tornyos.eu\/wp-content\/uploads\/2024\/11\/tornyos-repas-szelet-hr.jpg","contentUrl":"https:\/\/tornyos.eu\/wp-content\/uploads\/2024\/11\/tornyos-repas-szelet-hr.jpg","width":1500,"height":1500,"caption":"Tornyos kola\u010d s mrkvom"},{"@type":"BreadcrumbList","@id":"https:\/\/tornyos.eu\/hr\/proizvod\/tornyos-kolac-s-mrkvom\/#breadcrumb","itemListElement":[{"@type":"ListItem","position":1,"name":"Kezd\u0151lap","item":"https:\/\/tornyos.eu\/hr\/"},{"@type":"ListItem","position":2,"name":"Proizvodi","item":"https:\/\/tornyos.eu\/hr\/shop\/"},{"@type":"ListItem","position":3,"name":"Tornyos kola\u010d s mrkvom"}]},{"@type":"WebSite","@id":"https:\/\/tornyos.eu\/hr\/#website","url":"https:\/\/tornyos.eu\/hr\/","name":"Tornyos P\u00e9ks\u00e9g","description":"Tele pocak, boldog pocak!","publisher":{"@id":"https:\/\/tornyos.eu\/hr\/#organization"},"potentialAction":[{"@type":"SearchAction","target":{"@type":"EntryPoint","urlTemplate":"https:\/\/tornyos.eu\/hr\/?s={search_term_string}"},"query-input":{"@type":"PropertyValueSpecification","valueRequired":true,"valueName":"search_term_string"}}],"inLanguage":"hr"},{"@type":"Organization","@id":"https:\/\/tornyos.eu\/hr\/#organization","name":"Tornyos P\u00e9ks\u00e9g","url":"https:\/\/tornyos.eu\/hr\/","logo":{"@type":"ImageObject","inLanguage":"hr","@id":"https:\/\/tornyos.eu\/hr\/#\/schema\/logo\/image\/","url":"https:\/\/tornyos.eu\/wp-content\/uploads\/2024\/08\/tornyos-color1.svg","contentUrl":"https:\/\/tornyos.eu\/wp-content\/uploads\/2024\/08\/tornyos-color1.svg","width":770,"height":134,"caption":"Tornyos P\u00e9ks\u00e9g"},"image":{"@id":"https:\/\/tornyos.eu\/hr\/#\/schema\/logo\/image\/"},"sameAs":["https:\/\/www.facebook.com\/tornyos","https:\/\/www.instagram.com\/tornyospekseg\/","https:\/\/www.youtube.com\/@tornyospeksegcukraszda8788"]}]}},"_links":{"self":[{"href":"https:\/\/tornyos.eu\/hr\/wp-json\/wp\/v2\/product\/3577","targetHints":{"allow":["GET"]}}],"collection":[{"href":"https:\/\/tornyos.eu\/hr\/wp-json\/wp\/v2\/product"}],"about":[{"href":"https:\/\/tornyos.eu\/hr\/wp-json\/wp\/v2\/types\/product"}],"replies":[{"embeddable":true,"href":"https:\/\/tornyos.eu\/hr\/wp-json\/wp\/v2\/comments?post=3577"}],"wp:featuredmedia":[{"embeddable":true,"href":"https:\/\/tornyos.eu\/hr\/wp-json\/wp\/v2\/media\/4392"}],"wp:attachment":[{"href":"https:\/\/tornyos.eu\/hr\/wp-json\/wp\/v2\/media?parent=3577"}],"wp:term":[{"taxonomy":"product_brand","embeddable":true,"href":"https:\/\/tornyos.eu\/hr\/wp-json\/wp\/v2\/product_brand?post=3577"},{"taxonomy":"product_cat","embeddable":true,"href":"https:\/\/tornyos.eu\/hr\/wp-json\/wp\/v2\/product_cat?post=3577"},{"taxonomy":"product_tag","embeddable":true,"href":"https:\/\/tornyos.eu\/hr\/wp-json\/wp\/v2\/product_tag?post=3577"}],"curies":[{"name":"wp","href":"https:\/\/api.w.org\/{rel}","templated":true}]}}