{"id":3488,"date":"2024-08-06T14:17:13","date_gmt":"2024-08-06T12:17:13","guid":{"rendered":"https:\/\/tornyos.eu\/adatkezelesi-tajekoztato\/"},"modified":"2025-03-13T12:19:30","modified_gmt":"2025-03-13T11:19:30","slug":"izjava-o-privatnosti","status":"publish","type":"page","link":"https:\/\/tornyos.eu\/hr\/izjava-o-privatnosti\/","title":{"rendered":"Izjava o privatnosti"},"content":{"rendered":"\n<h4 class=\"wp-block-heading\">Tko smo<\/h4>\n\n\n\n<p>Adresa na\u0161e web stranice: <a href=\"https:\/\/tornyos.e\">https:\/\/tornyos.e<\/a>u.<\/p>\n\n\n\n<h4 class=\"wp-block-heading\">Komentari<\/h4>\n\n\n\n<p>Prilikom slanja komentara, osim podataka navedenih u obrascu za komentiranje, prikuplja se i IP adresa komentatora te niz za identifikaciju preglednika u svrhu filtriranja ne\u017eeljenog sadr\u017eaja.<\/p>\n\n\n\n<p>Niz anonimiziran iz adrese e-po\u0161te (tzv. hash) mo\u017ee se proslijediti Gravatar usluzi ako se koristi na ovoj stranici. Uvjeti usluge Gravatara dostupni su na: <a href=\"https:\/\/automattic.com\/privacy\/\" target=\"_blank\" rel=\"noreferrer noopener\">https:\/\/automattic.com\/privacy\/<\/a>. Nakon \u0161to se komentar prihvati, sadr\u017eaj komentara i na\u0161a profilna slika javno \u0107e se prikazati.<\/p>\n\n\n\n<h4 class=\"wp-block-heading\">Mediji<\/h4>\n\n\n\n<p>Ako registrirani korisnik prenese slike na web stranicu, treba izbjegavati EXIF podatke koji sadr\u017ee GPS poziciju. Posjetitelji web stranice mogu preuzeti i izdvojiti podatke o lokaciji sa slika dostupnih na web stranici.<\/p>\n\n\n\n<h4 class=\"wp-block-heading\">Kola\u010di\u0107i (Cookies)<\/h4>\n\n\n\n<p>Ako pi\u0161emo komentar na web stranici, uneseno ime, e-mail i adresu web stranice pohranjujemo u kola\u010di\u0107e. To je pogodnost kako sljede\u0107i put ne bismo morali ponovno ispunjavati ta polja. Rok trajanja ovih kola\u010di\u0107a je jedna godina.<\/p>\n\n\n\n<p>Ako posjetimo stranicu za prijavu, postavit \u0107emo privremene kola\u010di\u0107e kako bismo utvrdili prihva\u0107a li preglednik kola\u010di\u0107e. Ti kola\u010di\u0107i ne sadr\u017ee osobne podatke i bri\u0161u se nakon zatvaranja preglednika.<\/p>\n\n\n\n<p>Kada se prijavimo na web stranicu, kreiramo nekoliko kola\u010di\u0107a koji spremaju informacije o prijavi i opcije prikaza uredni\u010dkog su\u010delja. Kola\u010di\u0107i za prijavu vrijede dva dana, dok kola\u010di\u0107 za opcije zaslona ure\u0111iva\u010da vrijedi godinu dana. Ako ozna\u010dimo \u201eZapamti me\u201c, prijava traje dva tjedna. <\/p>\n\n\n\n<p>Prilikom odjave, kola\u010di\u0107i za prijavu se uklanjaju.<br>Ako uredimo ili objavimo \u010dlanak ili stranicu, jo\u0161 jedan kola\u010di\u0107 sprema se u na\u0161 preglednik. Taj kola\u010di\u0107 ne sadr\u017ei osobne podatke, ve\u0107 samo ID \u010dlanka koji smo uredili. Istje\u010de nakon jednog dana.<\/p>\n\n\n\n<div style=\"width: 100%;overflow: scroll\"><script type=\"text\/javascript\" charset=\"UTF-8\"  data-cookiescriptreport=\"report\" src=\"\/\/report.cookie-script.com\/r\/271ae5d91d4b74044fe202d12181cc52.js\"><\/script><\/div>\n\n\n\n<h4 class=\"wp-block-heading\">Ugra\u0111eni sadr\u017eaji s drugih web stranica<\/h4>\n\n\n\n<p>Objave na web stranici mogu sadr\u017eavati ugra\u0111ene sadr\u017eaje (npr. videozapise, slike, \u010dlanke itd.) iz vanjskih izvora. Ugra\u0111eni sadr\u017eaj iz vanjskih izvora pona\u0161a se jednako kao da smo posjetili neku drugu web stranicu.<\/p>\n\n\n\n<p>Te web stranice mogu prikupljati podatke o posjetiteljima, koristiti kola\u010di\u0107e ili dodatne kodove za pra\u0107enje tre\u0107ih strana te pratiti interakciju korisnika s ugra\u0111enim sadr\u017eajem, uklju\u010duju\u0107i pra\u0107enje ako imamo korisni\u010dki ra\u010dun i prijavljeni smo na toj stranici.<\/p>\n\n\n\n<h4 class=\"wp-block-heading\">S kime dijelimo korisni\u010dke podatke<\/h4>\n\n\n\n<p>Ako se zatra\u017ei resetiranje lozinke, IP adresa bit \u0107e uklju\u010dena u poruku e-po\u0161te za resetiranje.<\/p>\n\n\n\n<h4 class=\"wp-block-heading\">Koliko dugo \u010duvamo osobne podatke<\/h4>\n\n\n\n<p>Ako ostavimo komentar, komentar i njegovi meta podaci ostaju u sustavu neodre\u0111eno dugo. To je zato da bi svaki naknadni komentar mogao biti automatski prepoznat i odobren, umjesto da se \u010duva na listi za moderiranje.<\/p>\n\n\n\n<p>Za korisnike koji se registriraju na na\u0161oj web stranici (ako ih ima), njihovi osobni podaci tako\u0111er se pohranjuju u korisni\u010dkom profilu. Svi korisnici mogu u svakom trenutku vidjeti, urediti ili izbrisati svoje osobne podatke (osim \u0161to ne mogu promijeniti svoje korisni\u010dko ime). Administratori stranice tako\u0111er mogu vidjeti i ure\u0111ivati \u200b\u200bte podatke.<\/p>\n\n\n\n<h4 class=\"wp-block-heading\">Koja su prava korisnika nad vlastitim podacima<\/h4>\n\n\n\n<p>Ako imamo registriran ra\u010dun na web stranici ili smo ostavili komentare, mo\u017eemo zatra\u017eiti datoteku s izvezenim osobnim podacima koje posjedujemo, uklju\u010duju\u0107i sve podatke koje smo prethodno dali. Tako\u0111er mo\u017eemo zatra\u017eiti brisanje bilo kakvih prethodno dostavljenih osobnih podataka. To ne uklju\u010duje podatke koje smo du\u017eni \u010duvati u administrativne, pravne ili sigurnosne svrhe.<\/p>\n\n\n\n<h4 class=\"wp-block-heading\">Gdje se podaci proslje\u0111uju<\/h4>\n\n\n\n<p>Komentare posjetitelja mo\u017ee provjeriti automatizirana usluga za otkrivanje ne\u017eeljene po\u0161te.<\/p>\n\n\n\n<div style=\"height:140px\" aria-hidden=\"true\" class=\"wp-block-spacer\"><\/div>\n","protected":false},"excerpt":{"rendered":"<p>Tko smo Adresa na\u0161e web stranice: https:\/\/tornyos.eu. Komentari Prilikom slanja komentara, osim podataka navedenih u obrascu za komentiranje, prikuplja se i IP adresa komentatora te niz za identifikaciju preglednika u svrhu filtriranja ne\u017eeljenog sadr\u017eaja. Niz anonimiziran iz adrese e-po\u0161te (tzv. hash) mo\u017ee se proslijediti Gravatar usluzi ako se koristi na ovoj stranici. Uvjeti usluge Gravatara [&hellip;]<\/p>\n","protected":false},"author":2,"featured_media":0,"parent":0,"menu_order":0,"comment_status":"closed","ping_status":"closed","template":"","meta":{"footnotes":""},"class_list":["post-3488","page","type-page","status-publish","hentry"],"yoast_head":"<!-- This site is optimized with the Yoast SEO plugin v27.0 - https:\/\/yoast.com\/product\/yoast-seo-wordpress\/ -->\n<title>Izjava o privatnosti - Tornyos P\u00e9ks\u00e9g<\/title>\n<meta name=\"robots\" content=\"index, follow, max-snippet:-1, max-image-preview:large, max-video-preview:-1\" \/>\n<link rel=\"canonical\" href=\"https:\/\/tornyos.eu\/hr\/izjava-o-privatnosti\/\" \/>\n<meta property=\"og:locale\" content=\"hr_HR\" \/>\n<meta property=\"og:type\" content=\"article\" \/>\n<meta property=\"og:title\" content=\"Izjava o privatnosti - Tornyos P\u00e9ks\u00e9g\" \/>\n<meta property=\"og:description\" content=\"Tko smo Adresa na\u0161e web stranice: https:\/\/tornyos.eu. Komentari Prilikom slanja komentara, osim podataka navedenih u obrascu za komentiranje, prikuplja se i IP adresa komentatora te niz za identifikaciju preglednika u svrhu filtriranja ne\u017eeljenog sadr\u017eaja. Niz anonimiziran iz adrese e-po\u0161te (tzv. hash) mo\u017ee se proslijediti Gravatar usluzi ako se koristi na ovoj stranici. Uvjeti usluge Gravatara [&hellip;]\" \/>\n<meta property=\"og:url\" content=\"https:\/\/tornyos.eu\/hr\/izjava-o-privatnosti\/\" \/>\n<meta property=\"og:site_name\" content=\"Tornyos P\u00e9ks\u00e9g\" \/>\n<meta property=\"article:publisher\" content=\"https:\/\/www.facebook.com\/tornyos\" \/>\n<meta property=\"article:modified_time\" content=\"2025-03-13T11:19:30+00:00\" \/>\n<meta property=\"og:image\" content=\"https:\/\/tornyos.eu\/wp-content\/uploads\/2024\/10\/tornyos-megosztasi-kep-2.jpg\" \/>\n\t<meta property=\"og:image:width\" content=\"1245\" \/>\n\t<meta property=\"og:image:height\" content=\"719\" \/>\n\t<meta property=\"og:image:type\" content=\"image\/jpeg\" \/>\n<meta name=\"twitter:card\" content=\"summary_large_image\" \/>\n<meta name=\"twitter:label1\" content=\"Procijenjeno vrijeme \u010ditanja\" \/>\n\t<meta name=\"twitter:data1\" content=\"3 minute\" \/>\n<script type=\"application\/ld+json\" class=\"yoast-schema-graph\">{\"@context\":\"https:\/\/schema.org\",\"@graph\":[{\"@type\":\"WebPage\",\"@id\":\"https:\/\/tornyos.eu\/hr\/izjava-o-privatnosti\/\",\"url\":\"https:\/\/tornyos.eu\/hr\/izjava-o-privatnosti\/\",\"name\":\"Izjava o privatnosti - Tornyos P\u00e9ks\u00e9g\",\"isPartOf\":{\"@id\":\"https:\/\/tornyos.eu\/hr\/#website\"},\"datePublished\":\"2024-08-06T12:17:13+00:00\",\"dateModified\":\"2025-03-13T11:19:30+00:00\",\"breadcrumb\":{\"@id\":\"https:\/\/tornyos.eu\/hr\/izjava-o-privatnosti\/#breadcrumb\"},\"inLanguage\":\"hr\",\"potentialAction\":[{\"@type\":\"ReadAction\",\"target\":[\"https:\/\/tornyos.eu\/hr\/izjava-o-privatnosti\/\"]}]},{\"@type\":\"BreadcrumbList\",\"@id\":\"https:\/\/tornyos.eu\/hr\/izjava-o-privatnosti\/#breadcrumb\",\"itemListElement\":[{\"@type\":\"ListItem\",\"position\":1,\"name\":\"Kezd\u0151lap\",\"item\":\"https:\/\/tornyos.eu\/hr\/\"},{\"@type\":\"ListItem\",\"position\":2,\"name\":\"Izjava o privatnosti\"}]},{\"@type\":\"WebSite\",\"@id\":\"https:\/\/tornyos.eu\/hr\/#website\",\"url\":\"https:\/\/tornyos.eu\/hr\/\",\"name\":\"Tornyos P\u00e9ks\u00e9g\",\"description\":\"Tele pocak, boldog pocak!\",\"publisher\":{\"@id\":\"https:\/\/tornyos.eu\/hr\/#organization\"},\"potentialAction\":[{\"@type\":\"SearchAction\",\"target\":{\"@type\":\"EntryPoint\",\"urlTemplate\":\"https:\/\/tornyos.eu\/hr\/?s={search_term_string}\"},\"query-input\":{\"@type\":\"PropertyValueSpecification\",\"valueRequired\":true,\"valueName\":\"search_term_string\"}}],\"inLanguage\":\"hr\"},{\"@type\":\"Organization\",\"@id\":\"https:\/\/tornyos.eu\/hr\/#organization\",\"name\":\"Tornyos P\u00e9ks\u00e9g\",\"url\":\"https:\/\/tornyos.eu\/hr\/\",\"logo\":{\"@type\":\"ImageObject\",\"inLanguage\":\"hr\",\"@id\":\"https:\/\/tornyos.eu\/hr\/#\/schema\/logo\/image\/\",\"url\":\"https:\/\/tornyos.eu\/wp-content\/uploads\/2024\/08\/tornyos-color1.svg\",\"contentUrl\":\"https:\/\/tornyos.eu\/wp-content\/uploads\/2024\/08\/tornyos-color1.svg\",\"width\":770,\"height\":134,\"caption\":\"Tornyos P\u00e9ks\u00e9g\"},\"image\":{\"@id\":\"https:\/\/tornyos.eu\/hr\/#\/schema\/logo\/image\/\"},\"sameAs\":[\"https:\/\/www.facebook.com\/tornyos\",\"https:\/\/www.instagram.com\/tornyospekseg\/\",\"https:\/\/www.youtube.com\/@tornyospeksegcukraszda8788\"]}]}<\/script>\n<!-- \/ Yoast SEO plugin. -->","yoast_head_json":{"title":"Izjava o privatnosti - Tornyos P\u00e9ks\u00e9g","robots":{"index":"index","follow":"follow","max-snippet":"max-snippet:-1","max-image-preview":"max-image-preview:large","max-video-preview":"max-video-preview:-1"},"canonical":"https:\/\/tornyos.eu\/hr\/izjava-o-privatnosti\/","og_locale":"hr_HR","og_type":"article","og_title":"Izjava o privatnosti - Tornyos P\u00e9ks\u00e9g","og_description":"Tko smo Adresa na\u0161e web stranice: https:\/\/tornyos.eu. Komentari Prilikom slanja komentara, osim podataka navedenih u obrascu za komentiranje, prikuplja se i IP adresa komentatora te niz za identifikaciju preglednika u svrhu filtriranja ne\u017eeljenog sadr\u017eaja. Niz anonimiziran iz adrese e-po\u0161te (tzv. hash) mo\u017ee se proslijediti Gravatar usluzi ako se koristi na ovoj stranici. Uvjeti usluge Gravatara [&hellip;]","og_url":"https:\/\/tornyos.eu\/hr\/izjava-o-privatnosti\/","og_site_name":"Tornyos P\u00e9ks\u00e9g","article_publisher":"https:\/\/www.facebook.com\/tornyos","article_modified_time":"2025-03-13T11:19:30+00:00","og_image":[{"width":1245,"height":719,"url":"https:\/\/tornyos.eu\/wp-content\/uploads\/2024\/10\/tornyos-megosztasi-kep-2.jpg","type":"image\/jpeg"}],"twitter_card":"summary_large_image","twitter_misc":{"Procijenjeno vrijeme \u010ditanja":"3 minute"},"schema":{"@context":"https:\/\/schema.org","@graph":[{"@type":"WebPage","@id":"https:\/\/tornyos.eu\/hr\/izjava-o-privatnosti\/","url":"https:\/\/tornyos.eu\/hr\/izjava-o-privatnosti\/","name":"Izjava o privatnosti - Tornyos P\u00e9ks\u00e9g","isPartOf":{"@id":"https:\/\/tornyos.eu\/hr\/#website"},"datePublished":"2024-08-06T12:17:13+00:00","dateModified":"2025-03-13T11:19:30+00:00","breadcrumb":{"@id":"https:\/\/tornyos.eu\/hr\/izjava-o-privatnosti\/#breadcrumb"},"inLanguage":"hr","potentialAction":[{"@type":"ReadAction","target":["https:\/\/tornyos.eu\/hr\/izjava-o-privatnosti\/"]}]},{"@type":"BreadcrumbList","@id":"https:\/\/tornyos.eu\/hr\/izjava-o-privatnosti\/#breadcrumb","itemListElement":[{"@type":"ListItem","position":1,"name":"Kezd\u0151lap","item":"https:\/\/tornyos.eu\/hr\/"},{"@type":"ListItem","position":2,"name":"Izjava o privatnosti"}]},{"@type":"WebSite","@id":"https:\/\/tornyos.eu\/hr\/#website","url":"https:\/\/tornyos.eu\/hr\/","name":"Tornyos P\u00e9ks\u00e9g","description":"Tele pocak, boldog pocak!","publisher":{"@id":"https:\/\/tornyos.eu\/hr\/#organization"},"potentialAction":[{"@type":"SearchAction","target":{"@type":"EntryPoint","urlTemplate":"https:\/\/tornyos.eu\/hr\/?s={search_term_string}"},"query-input":{"@type":"PropertyValueSpecification","valueRequired":true,"valueName":"search_term_string"}}],"inLanguage":"hr"},{"@type":"Organization","@id":"https:\/\/tornyos.eu\/hr\/#organization","name":"Tornyos P\u00e9ks\u00e9g","url":"https:\/\/tornyos.eu\/hr\/","logo":{"@type":"ImageObject","inLanguage":"hr","@id":"https:\/\/tornyos.eu\/hr\/#\/schema\/logo\/image\/","url":"https:\/\/tornyos.eu\/wp-content\/uploads\/2024\/08\/tornyos-color1.svg","contentUrl":"https:\/\/tornyos.eu\/wp-content\/uploads\/2024\/08\/tornyos-color1.svg","width":770,"height":134,"caption":"Tornyos P\u00e9ks\u00e9g"},"image":{"@id":"https:\/\/tornyos.eu\/hr\/#\/schema\/logo\/image\/"},"sameAs":["https:\/\/www.facebook.com\/tornyos","https:\/\/www.instagram.com\/tornyospekseg\/","https:\/\/www.youtube.com\/@tornyospeksegcukraszda8788"]}]}},"_links":{"self":[{"href":"https:\/\/tornyos.eu\/hr\/wp-json\/wp\/v2\/pages\/3488","targetHints":{"allow":["GET"]}}],"collection":[{"href":"https:\/\/tornyos.eu\/hr\/wp-json\/wp\/v2\/pages"}],"about":[{"href":"https:\/\/tornyos.eu\/hr\/wp-json\/wp\/v2\/types\/page"}],"author":[{"embeddable":true,"href":"https:\/\/tornyos.eu\/hr\/wp-json\/wp\/v2\/users\/2"}],"replies":[{"embeddable":true,"href":"https:\/\/tornyos.eu\/hr\/wp-json\/wp\/v2\/comments?post=3488"}],"version-history":[{"count":4,"href":"https:\/\/tornyos.eu\/hr\/wp-json\/wp\/v2\/pages\/3488\/revisions"}],"predecessor-version":[{"id":4459,"href":"https:\/\/tornyos.eu\/hr\/wp-json\/wp\/v2\/pages\/3488\/revisions\/4459"}],"wp:attachment":[{"href":"https:\/\/tornyos.eu\/hr\/wp-json\/wp\/v2\/media?parent=3488"}],"curies":[{"name":"wp","href":"https:\/\/api.w.org\/{rel}","templated":true}]}}