{"id":5060,"date":"2025-09-18T08:16:42","date_gmt":"2025-09-18T06:16:42","guid":{"rendered":"https:\/\/tornyos.eu\/?post_type=product&#038;p=5060"},"modified":"2025-09-18T08:34:37","modified_gmt":"2025-09-18T06:34:37","slug":"rafino-kocka","status":"publish","type":"product","link":"https:\/\/tornyos.eu\/en\/termek\/rafino-kocka\/","title":{"rendered":"Rafino kocka"},"content":{"rendered":"","protected":false},"excerpt":{"rendered":"<h3 class=\"wp-block-heading\">\u00c1tlagos t\u00e1p\u00e9rt\u00e9k 100 g term\u00e9kben<\/h3>\n<p><!-- \/wp:heading --><\/p>\n<p><!-- wp:table --><\/p>\n<figure class=\"wp-block-table\">\n<table class=\"has-fixed-layout\">\n<tbody>\n<tr>\n<td>Energia:<\/td>\n<td>361 kCal \/ 1509 kJ<\/td>\n<\/tr>\n<tr>\n<td>Zs\u00edr:<\/td>\n<td>18,29 g<\/td>\n<\/tr>\n<tr>\n<td>amelyb\u0151l tel\u00edtett zs\u00edrsavak:<\/td>\n<td>10,59 g<\/td>\n<\/tr>\n<tr>\n<td>Sz\u00e9nhidr\u00e1t:<\/td>\n<td>44,92 g<\/td>\n<\/tr>\n<tr>\n<td>amelyb\u0151l cukrok:<\/td>\n<td>22,4 g<\/td>\n<\/tr>\n<tr>\n<td>Feh\u00e9rje:<\/td>\n<td>3,78 g<\/td>\n<\/tr>\n<tr>\n<td>S\u00f3:<\/td>\n<td>0,1 g<\/td>\n<\/tr>\n<\/tbody>\n<\/table><figcaption><\/figcaption><figcaption class=\"wp-element-caption\"><\/figcaption><\/figure>\n<p><!-- \/wp:table --><\/p>\n<p><!-- wp:separator --><!-- \/wp:paragraph --><\/p>\n<p><!-- wp:separator --><\/p>\n<hr class=\"wp-block-separator has-alpha-channel-opacity\" \/>\n<p><!-- \/wp:separator --><\/p>\n<p><!-- wp:heading {\"level\":3} --><\/p>\n<h3 class=\"wp-block-heading\"><strong>\u00d6sszetev\u0151k<\/strong><\/h3>\n<p><!-- \/wp:heading --><\/p>\n<p><!-- wp:paragraph --><\/p>\n<p>v\u00edz, <strong>liszt BL-40<\/strong>, cukor, kr\u00e9mmargarin (n\u00f6v\u00e9nyi olajok \u00e9s zs\u00edrok: p\u00e1lma; repce; k\u00f3kusz;<br \/>\nteljesen hidrog\u00e9nezett p\u00e1lma; napraforg\u00f3, v\u00edz, emulge\u00e1l\u00f3szerek: E475; E471 \u00e9s<br \/>\nlecitin, s\u00f3, savany\u00fas\u00e1got szab\u00e1lyoz\u00f3 anyag: E330, \u00edzes\u00edt\u0151k, szinez\u0151anyag: karotin-<br \/>\nE160a), feh\u00e9r bevon\u00f3 (cukor, <strong>sov\u00e1ny tejpor, tejsav\u00f3por<\/strong>, r\u00e9szben hidrog\u00e9nezett<br \/>\np\u00e1lmazs\u00edr, emulge\u00e1l\u00f3szer: <strong>sz\u00f3jalecitin<\/strong>, van\u00edlia aroma), kukoricakem\u00e9ny\u00edt\u0151, <strong>zs\u00edros<\/strong><br \/>\n<strong>tejpor<\/strong>, p\u00e1lmazs\u00edr, k\u00f3kuszreszel\u00e9k, van\u00edli\u00e1scukor, tart\u00f3s\u00edt\u00f3szer: k\u00e1lium- szorb\u00e1t,<br \/>\nsz\u00f3dabikarb\u00f3na, s\u00fct\u0151por (t\u00e9rfogatn\u00f6vel\u0151 szerek: n\u00e1trium-hidrog\u00e9n-karbon\u00e1t \u00e9s<br \/>\ndifoszf\u00e1tok, <strong>b\u00fazaliszt<\/strong>), szalalk\u00e1li<\/p>\n<p><!-- wp:separator --><\/p>\n<hr class=\"wp-block-separator has-alpha-channel-opacity\" \/>\n<p><!-- \/wp:separator --><\/p>\n<h3 class=\"wp-block-heading\">Allerg\u00e9n inform\u00e1ci\u00f3k, GMO inform\u00e1ci\u00f3<\/h3>\n<p><!-- \/wp:heading --><\/p>\n<p><!-- wp:paragraph --><\/p>\n<p>A term\u00e9k tartalmaz: glut\u00e9nt, tejet, sz\u00f3j\u00e1t. Nyomokban tartalmazhat f\u00f6ldimogyor\u00f3,<br \/>\ntoj\u00e1s, csonth\u00e9jas term\u00e9s, csillagf\u00fcrt \u00e9s szez\u00e1mmag sz\u00e1rmaz\u00e9kait.<br \/>\nAz \u00e9lelmiszer el\u0151\u00e1ll\u00edt\u00e1s\u00e1hoz g\u00e9ntechnol\u00f3gi\u00e1val m\u00f3dos\u00edtott szervezetet, anyagot nem<br \/>\nhaszn\u00e1lunk.<\/p>\n<p><!-- \/wp:paragraph --><\/p>\n<p><!-- wp:separator --><\/p>\n<hr class=\"wp-block-separator has-alpha-channel-opacity\" \/>\n<p><!-- \/wp:separator --><\/p>\n<p><!-- wp:heading {\"level\":3} --><\/p>\n<h3 class=\"wp-block-heading\">T\u00e1rol\u00e1s<\/h3>\n<p><!-- \/wp:heading --><\/p>\n<p><!-- wp:paragraph --><\/p>\n<p>0-5 \u00b0C vagy -18 \u00b0C\u00a0 alatt<\/p>\n<p><!-- \/wp:paragraph --><\/p>\n<p><!-- wp:separator --><\/p>\n<p><!-- wp:separator --><\/p>\n<hr class=\"wp-block-separator has-alpha-channel-opacity\" \/>\n<p><!-- \/wp:separator --><\/p>\n<h3 class=\"wp-block-heading\">Logisztikai adatok<\/h3>\n<p><!-- \/wp:heading --><\/p>\n<p><!-- wp:table --><\/p>\n<figure class=\"wp-block-table\">\n<table class=\"has-fixed-layout\">\n<tbody>\n<tr>\n<td><strong>Nett\u00f3 t\u00f6meg<\/strong><\/td>\n<td>260 g<\/td>\n<\/tr>\n<tr>\n<td>\n<p class=\"wp-block-heading\"><strong>Min\u0151s\u00e9gmeg\u0151rz\u00e9si id\u0151<\/strong><\/p>\n<\/td>\n<td>12 nap<\/td>\n<\/tr>\n<tr>\n<td>\n<p class=\"wp-block-heading\"><strong>Darab \/ csomag<\/strong><\/p>\n<\/td>\n<td>6<\/td>\n<\/tr>\n<tr>\n<td><strong style=\"font-family: inherit; font-size: inherit;\">Csomag \/ karton<\/strong><\/td>\n<td>8<\/td>\n<\/tr>\n<tr>\n<td><strong>Karton \/ raklap<\/strong><\/td>\n<td>100<\/td>\n<\/tr>\n<tr>\n<td><strong>CCA. m\u00e9retek<\/strong><\/td>\n<td><\/td>\n<\/tr>\n<\/tbody>\n<\/table>\n<\/figure>\n","protected":false},"featured_media":5065,"comment_status":"open","ping_status":"closed","template":"","meta":[],"product_brand":[],"product_cat":[72,86],"product_tag":[90],"class_list":{"0":"post-5060","1":"product","2":"type-product","3":"status-publish","4":"has-post-thumbnail","6":"product_cat-confectionery-products","7":"product_cat-new-products","8":"product_tag-cukraszati-termek","10":"first","11":"instock","12":"shipping-taxable","13":"product-type-simple"},"yoast_head":"<!-- This site is optimized with the Yoast SEO plugin v27.0 - https:\/\/yoast.com\/product\/yoast-seo-wordpress\/ -->\n<title>Rafino kocka - Tornyos P\u00e9ks\u00e9g<\/title>\n<meta name=\"robots\" content=\"index, follow, max-snippet:-1, max-image-preview:large, max-video-preview:-1\" \/>\n<link rel=\"canonical\" href=\"https:\/\/tornyos.eu\/en\/termek\/rafino-kocka\/\" \/>\n<meta property=\"og:locale\" content=\"en_US\" \/>\n<meta property=\"og:type\" content=\"article\" \/>\n<meta property=\"og:title\" content=\"Rafino kocka - Tornyos P\u00e9ks\u00e9g\" \/>\n<meta property=\"og:description\" content=\"\u00c1tlagos t\u00e1p\u00e9rt\u00e9k 100 g term\u00e9kben        Energia: 361 kCal \/ 1509 kJ   Zs\u00edr: 18,29 g   amelyb\u0151l tel\u00edtett zs\u00edrsavak: 10,59 g   Sz\u00e9nhidr\u00e1t: 44,92 g   amelyb\u0151l cukrok: 22,4 g   Feh\u00e9rje: 3,78 g   S\u00f3: 0,1 g                \u00d6sszetev\u0151k     v\u00edz, liszt BL-40, cukor, kr\u00e9mmargarin (n\u00f6v\u00e9nyi olajok \u00e9s zs\u00edrok: p\u00e1lma; repce; k\u00f3kusz; teljesen hidrog\u00e9nezett p\u00e1lma; napraforg\u00f3, v\u00edz, emulge\u00e1l\u00f3szerek: E475; E471 \u00e9s lecitin, s\u00f3, savany\u00fas\u00e1got szab\u00e1lyoz\u00f3 anyag: E330, \u00edzes\u00edt\u0151k, szinez\u0151anyag: karotin- E160a), feh\u00e9r bevon\u00f3 (cukor, sov\u00e1ny tejpor, tejsav\u00f3por, r\u00e9szben hidrog\u00e9nezett p\u00e1lmazs\u00edr, emulge\u00e1l\u00f3szer: sz\u00f3jalecitin, van\u00edlia aroma), kukoricakem\u00e9ny\u00edt\u0151, zs\u00edros tejpor, p\u00e1lmazs\u00edr, k\u00f3kuszreszel\u00e9k, van\u00edli\u00e1scukor, tart\u00f3s\u00edt\u00f3szer: k\u00e1lium- szorb\u00e1t, sz\u00f3dabikarb\u00f3na, s\u00fct\u0151por (t\u00e9rfogatn\u00f6vel\u0151 szerek: n\u00e1trium-hidrog\u00e9n-karbon\u00e1t \u00e9s difoszf\u00e1tok, b\u00fazaliszt), szalalk\u00e1li       Allerg\u00e9n inform\u00e1ci\u00f3k, GMO inform\u00e1ci\u00f3     A term\u00e9k tartalmaz: glut\u00e9nt, tejet, sz\u00f3j\u00e1t. Nyomokban tartalmazhat f\u00f6ldimogyor\u00f3, toj\u00e1s, csonth\u00e9jas term\u00e9s, csillagf\u00fcrt \u00e9s szez\u00e1mmag sz\u00e1rmaz\u00e9kait. Az \u00e9lelmiszer el\u0151\u00e1ll\u00edt\u00e1s\u00e1hoz g\u00e9ntechnol\u00f3gi\u00e1val m\u00f3dos\u00edtott szervezetet, anyagot nem haszn\u00e1lunk.           T\u00e1rol\u00e1s     0-5 \u00b0C vagy -18 \u00b0C\u00a0 alatt           Logisztikai adatok        Nett\u00f3 t\u00f6meg 260 g    Min\u0151s\u00e9gmeg\u0151rz\u00e9si id\u0151  12 nap    Darab \/ csomag  6   Csomag \/ karton 8   Karton \/ raklap 100   CCA. m\u00e9retek\" \/>\n<meta property=\"og:url\" content=\"https:\/\/tornyos.eu\/en\/termek\/rafino-kocka\/\" \/>\n<meta property=\"og:site_name\" content=\"Tornyos P\u00e9ks\u00e9g\" \/>\n<meta property=\"article:publisher\" content=\"https:\/\/www.facebook.com\/tornyos\" \/>\n<meta property=\"article:modified_time\" content=\"2025-09-18T06:34:37+00:00\" \/>\n<meta property=\"og:image\" content=\"https:\/\/tornyos.eu\/wp-content\/uploads\/2025\/09\/DDS_3811j2.jpg\" \/>\n\t<meta property=\"og:image:width\" content=\"1209\" \/>\n\t<meta property=\"og:image:height\" content=\"804\" \/>\n\t<meta property=\"og:image:type\" content=\"image\/jpeg\" \/>\n<meta name=\"twitter:card\" content=\"summary_large_image\" \/>\n<meta name=\"twitter:label1\" content=\"Est. reading time\" \/>\n\t<meta name=\"twitter:data1\" content=\"1 minute\" \/>\n<script type=\"application\/ld+json\" class=\"yoast-schema-graph\">{\"@context\":\"https:\/\/schema.org\",\"@graph\":[{\"@type\":\"WebPage\",\"@id\":\"https:\/\/tornyos.eu\/en\/termek\/rafino-kocka\/\",\"url\":\"https:\/\/tornyos.eu\/en\/termek\/rafino-kocka\/\",\"name\":\"Rafino kocka - Tornyos P\u00e9ks\u00e9g\",\"isPartOf\":{\"@id\":\"https:\/\/tornyos.eu\/en\/#website\"},\"primaryImageOfPage\":{\"@id\":\"https:\/\/tornyos.eu\/en\/termek\/rafino-kocka\/#primaryimage\"},\"image\":{\"@id\":\"https:\/\/tornyos.eu\/en\/termek\/rafino-kocka\/#primaryimage\"},\"thumbnailUrl\":\"https:\/\/tornyos.eu\/wp-content\/uploads\/2025\/09\/DDS_3811j2.jpg\",\"datePublished\":\"2025-09-18T06:16:42+00:00\",\"dateModified\":\"2025-09-18T06:34:37+00:00\",\"breadcrumb\":{\"@id\":\"https:\/\/tornyos.eu\/en\/termek\/rafino-kocka\/#breadcrumb\"},\"inLanguage\":\"en-US\",\"potentialAction\":[{\"@type\":\"ReadAction\",\"target\":[\"https:\/\/tornyos.eu\/en\/termek\/rafino-kocka\/\"]}]},{\"@type\":\"ImageObject\",\"inLanguage\":\"en-US\",\"@id\":\"https:\/\/tornyos.eu\/en\/termek\/rafino-kocka\/#primaryimage\",\"url\":\"https:\/\/tornyos.eu\/wp-content\/uploads\/2025\/09\/DDS_3811j2.jpg\",\"contentUrl\":\"https:\/\/tornyos.eu\/wp-content\/uploads\/2025\/09\/DDS_3811j2.jpg\",\"width\":1209,\"height\":804,\"caption\":\"rafino kocka t\u00e1ny\u00e9ron\"},{\"@type\":\"BreadcrumbList\",\"@id\":\"https:\/\/tornyos.eu\/en\/termek\/rafino-kocka\/#breadcrumb\",\"itemListElement\":[{\"@type\":\"ListItem\",\"position\":1,\"name\":\"Kezd\u0151lap\",\"item\":\"https:\/\/tornyos.eu\/en\/\"},{\"@type\":\"ListItem\",\"position\":2,\"name\":\"Products\",\"item\":\"https:\/\/tornyos.eu\/en\/shop\/\"},{\"@type\":\"ListItem\",\"position\":3,\"name\":\"Rafino kocka\"}]},{\"@type\":\"WebSite\",\"@id\":\"https:\/\/tornyos.eu\/en\/#website\",\"url\":\"https:\/\/tornyos.eu\/en\/\",\"name\":\"Tornyos P\u00e9ks\u00e9g\",\"description\":\"Tele pocak, boldog pocak!\",\"publisher\":{\"@id\":\"https:\/\/tornyos.eu\/en\/#organization\"},\"potentialAction\":[{\"@type\":\"SearchAction\",\"target\":{\"@type\":\"EntryPoint\",\"urlTemplate\":\"https:\/\/tornyos.eu\/en\/?s={search_term_string}\"},\"query-input\":{\"@type\":\"PropertyValueSpecification\",\"valueRequired\":true,\"valueName\":\"search_term_string\"}}],\"inLanguage\":\"en-US\"},{\"@type\":\"Organization\",\"@id\":\"https:\/\/tornyos.eu\/en\/#organization\",\"name\":\"Tornyos P\u00e9ks\u00e9g\",\"url\":\"https:\/\/tornyos.eu\/en\/\",\"logo\":{\"@type\":\"ImageObject\",\"inLanguage\":\"en-US\",\"@id\":\"https:\/\/tornyos.eu\/en\/#\/schema\/logo\/image\/\",\"url\":\"https:\/\/tornyos.eu\/wp-content\/uploads\/2024\/08\/tornyos-color1.svg\",\"contentUrl\":\"https:\/\/tornyos.eu\/wp-content\/uploads\/2024\/08\/tornyos-color1.svg\",\"width\":770,\"height\":134,\"caption\":\"Tornyos P\u00e9ks\u00e9g\"},\"image\":{\"@id\":\"https:\/\/tornyos.eu\/en\/#\/schema\/logo\/image\/\"},\"sameAs\":[\"https:\/\/www.facebook.com\/tornyos\",\"https:\/\/www.instagram.com\/tornyospekseg\/\",\"https:\/\/www.youtube.com\/@tornyospeksegcukraszda8788\"]}]}<\/script>\n<!-- \/ Yoast SEO plugin. -->","yoast_head_json":{"title":"Rafino kocka - Tornyos P\u00e9ks\u00e9g","robots":{"index":"index","follow":"follow","max-snippet":"max-snippet:-1","max-image-preview":"max-image-preview:large","max-video-preview":"max-video-preview:-1"},"canonical":"https:\/\/tornyos.eu\/en\/termek\/rafino-kocka\/","og_locale":"en_US","og_type":"article","og_title":"Rafino kocka - Tornyos P\u00e9ks\u00e9g","og_description":"\u00c1tlagos t\u00e1p\u00e9rt\u00e9k 100 g term\u00e9kben        Energia: 361 kCal \/ 1509 kJ   Zs\u00edr: 18,29 g   amelyb\u0151l tel\u00edtett zs\u00edrsavak: 10,59 g   Sz\u00e9nhidr\u00e1t: 44,92 g   amelyb\u0151l cukrok: 22,4 g   Feh\u00e9rje: 3,78 g   S\u00f3: 0,1 g                \u00d6sszetev\u0151k     v\u00edz, liszt BL-40, cukor, kr\u00e9mmargarin (n\u00f6v\u00e9nyi olajok \u00e9s zs\u00edrok: p\u00e1lma; repce; k\u00f3kusz; teljesen hidrog\u00e9nezett p\u00e1lma; napraforg\u00f3, v\u00edz, emulge\u00e1l\u00f3szerek: E475; E471 \u00e9s lecitin, s\u00f3, savany\u00fas\u00e1got szab\u00e1lyoz\u00f3 anyag: E330, \u00edzes\u00edt\u0151k, szinez\u0151anyag: karotin- E160a), feh\u00e9r bevon\u00f3 (cukor, sov\u00e1ny tejpor, tejsav\u00f3por, r\u00e9szben hidrog\u00e9nezett p\u00e1lmazs\u00edr, emulge\u00e1l\u00f3szer: sz\u00f3jalecitin, van\u00edlia aroma), kukoricakem\u00e9ny\u00edt\u0151, zs\u00edros tejpor, p\u00e1lmazs\u00edr, k\u00f3kuszreszel\u00e9k, van\u00edli\u00e1scukor, tart\u00f3s\u00edt\u00f3szer: k\u00e1lium- szorb\u00e1t, sz\u00f3dabikarb\u00f3na, s\u00fct\u0151por (t\u00e9rfogatn\u00f6vel\u0151 szerek: n\u00e1trium-hidrog\u00e9n-karbon\u00e1t \u00e9s difoszf\u00e1tok, b\u00fazaliszt), szalalk\u00e1li       Allerg\u00e9n inform\u00e1ci\u00f3k, GMO inform\u00e1ci\u00f3     A term\u00e9k tartalmaz: glut\u00e9nt, tejet, sz\u00f3j\u00e1t. Nyomokban tartalmazhat f\u00f6ldimogyor\u00f3, toj\u00e1s, csonth\u00e9jas term\u00e9s, csillagf\u00fcrt \u00e9s szez\u00e1mmag sz\u00e1rmaz\u00e9kait. Az \u00e9lelmiszer el\u0151\u00e1ll\u00edt\u00e1s\u00e1hoz g\u00e9ntechnol\u00f3gi\u00e1val m\u00f3dos\u00edtott szervezetet, anyagot nem haszn\u00e1lunk.           T\u00e1rol\u00e1s     0-5 \u00b0C vagy -18 \u00b0C\u00a0 alatt           Logisztikai adatok        Nett\u00f3 t\u00f6meg 260 g    Min\u0151s\u00e9gmeg\u0151rz\u00e9si id\u0151  12 nap    Darab \/ csomag  6   Csomag \/ karton 8   Karton \/ raklap 100   CCA. m\u00e9retek","og_url":"https:\/\/tornyos.eu\/en\/termek\/rafino-kocka\/","og_site_name":"Tornyos P\u00e9ks\u00e9g","article_publisher":"https:\/\/www.facebook.com\/tornyos","article_modified_time":"2025-09-18T06:34:37+00:00","og_image":[{"width":1209,"height":804,"url":"https:\/\/tornyos.eu\/wp-content\/uploads\/2025\/09\/DDS_3811j2.jpg","type":"image\/jpeg"}],"twitter_card":"summary_large_image","twitter_misc":{"Est. reading time":"1 minute"},"schema":{"@context":"https:\/\/schema.org","@graph":[{"@type":"WebPage","@id":"https:\/\/tornyos.eu\/en\/termek\/rafino-kocka\/","url":"https:\/\/tornyos.eu\/en\/termek\/rafino-kocka\/","name":"Rafino kocka - Tornyos P\u00e9ks\u00e9g","isPartOf":{"@id":"https:\/\/tornyos.eu\/en\/#website"},"primaryImageOfPage":{"@id":"https:\/\/tornyos.eu\/en\/termek\/rafino-kocka\/#primaryimage"},"image":{"@id":"https:\/\/tornyos.eu\/en\/termek\/rafino-kocka\/#primaryimage"},"thumbnailUrl":"https:\/\/tornyos.eu\/wp-content\/uploads\/2025\/09\/DDS_3811j2.jpg","datePublished":"2025-09-18T06:16:42+00:00","dateModified":"2025-09-18T06:34:37+00:00","breadcrumb":{"@id":"https:\/\/tornyos.eu\/en\/termek\/rafino-kocka\/#breadcrumb"},"inLanguage":"en-US","potentialAction":[{"@type":"ReadAction","target":["https:\/\/tornyos.eu\/en\/termek\/rafino-kocka\/"]}]},{"@type":"ImageObject","inLanguage":"en-US","@id":"https:\/\/tornyos.eu\/en\/termek\/rafino-kocka\/#primaryimage","url":"https:\/\/tornyos.eu\/wp-content\/uploads\/2025\/09\/DDS_3811j2.jpg","contentUrl":"https:\/\/tornyos.eu\/wp-content\/uploads\/2025\/09\/DDS_3811j2.jpg","width":1209,"height":804,"caption":"rafino kocka t\u00e1ny\u00e9ron"},{"@type":"BreadcrumbList","@id":"https:\/\/tornyos.eu\/en\/termek\/rafino-kocka\/#breadcrumb","itemListElement":[{"@type":"ListItem","position":1,"name":"Kezd\u0151lap","item":"https:\/\/tornyos.eu\/en\/"},{"@type":"ListItem","position":2,"name":"Products","item":"https:\/\/tornyos.eu\/en\/shop\/"},{"@type":"ListItem","position":3,"name":"Rafino kocka"}]},{"@type":"WebSite","@id":"https:\/\/tornyos.eu\/en\/#website","url":"https:\/\/tornyos.eu\/en\/","name":"Tornyos P\u00e9ks\u00e9g","description":"Tele pocak, boldog pocak!","publisher":{"@id":"https:\/\/tornyos.eu\/en\/#organization"},"potentialAction":[{"@type":"SearchAction","target":{"@type":"EntryPoint","urlTemplate":"https:\/\/tornyos.eu\/en\/?s={search_term_string}"},"query-input":{"@type":"PropertyValueSpecification","valueRequired":true,"valueName":"search_term_string"}}],"inLanguage":"en-US"},{"@type":"Organization","@id":"https:\/\/tornyos.eu\/en\/#organization","name":"Tornyos P\u00e9ks\u00e9g","url":"https:\/\/tornyos.eu\/en\/","logo":{"@type":"ImageObject","inLanguage":"en-US","@id":"https:\/\/tornyos.eu\/en\/#\/schema\/logo\/image\/","url":"https:\/\/tornyos.eu\/wp-content\/uploads\/2024\/08\/tornyos-color1.svg","contentUrl":"https:\/\/tornyos.eu\/wp-content\/uploads\/2024\/08\/tornyos-color1.svg","width":770,"height":134,"caption":"Tornyos P\u00e9ks\u00e9g"},"image":{"@id":"https:\/\/tornyos.eu\/en\/#\/schema\/logo\/image\/"},"sameAs":["https:\/\/www.facebook.com\/tornyos","https:\/\/www.instagram.com\/tornyospekseg\/","https:\/\/www.youtube.com\/@tornyospeksegcukraszda8788"]}]}},"_links":{"self":[{"href":"https:\/\/tornyos.eu\/en\/wp-json\/wp\/v2\/product\/5060","targetHints":{"allow":["GET"]}}],"collection":[{"href":"https:\/\/tornyos.eu\/en\/wp-json\/wp\/v2\/product"}],"about":[{"href":"https:\/\/tornyos.eu\/en\/wp-json\/wp\/v2\/types\/product"}],"replies":[{"embeddable":true,"href":"https:\/\/tornyos.eu\/en\/wp-json\/wp\/v2\/comments?post=5060"}],"wp:featuredmedia":[{"embeddable":true,"href":"https:\/\/tornyos.eu\/en\/wp-json\/wp\/v2\/media\/5065"}],"wp:attachment":[{"href":"https:\/\/tornyos.eu\/en\/wp-json\/wp\/v2\/media?parent=5060"}],"wp:term":[{"taxonomy":"product_brand","embeddable":true,"href":"https:\/\/tornyos.eu\/en\/wp-json\/wp\/v2\/product_brand?post=5060"},{"taxonomy":"product_cat","embeddable":true,"href":"https:\/\/tornyos.eu\/en\/wp-json\/wp\/v2\/product_cat?post=5060"},{"taxonomy":"product_tag","embeddable":true,"href":"https:\/\/tornyos.eu\/en\/wp-json\/wp\/v2\/product_tag?post=5060"}],"curies":[{"name":"wp","href":"https:\/\/api.w.org\/{rel}","templated":true}]}}