{"id":4490,"date":"2025-03-31T08:23:39","date_gmt":"2025-03-31T06:23:39","guid":{"rendered":"https:\/\/tornyos.eu\/?post_type=product&#038;p=4490"},"modified":"2025-03-31T08:23:39","modified_gmt":"2025-03-31T06:23:39","slug":"tornyos-epres-joghurtos-szelet","status":"publish","type":"product","link":"https:\/\/tornyos.eu\/en\/termek\/tornyos-epres-joghurtos-szelet\/","title":{"rendered":"Tornyos Epres joghurtos szelet"},"content":{"rendered":"","protected":false},"excerpt":{"rendered":"<p><!-- wp:heading {\"level\":3} --><\/p>\n<h3 class=\"wp-block-heading\">\u00c1tlagos t\u00e1p\u00e9rt\u00e9k 100 g term\u00e9kben<\/h3>\n<p><!-- \/wp:heading --><\/p>\n<p><!-- wp:table --><\/p>\n<figure class=\"wp-block-table\">\n<table class=\"has-fixed-layout\">\n<tbody>\n<tr>\n<td>Energia:<\/td>\n<td>214 kCal \/ 902 kJ<\/td>\n<\/tr>\n<tr>\n<td>Zs\u00edr:<\/td>\n<td>6,2 g<\/td>\n<\/tr>\n<tr>\n<td>amelyb\u0151l tel\u00edtett zs\u00edrsavak:<\/td>\n<td>5,0 g<\/td>\n<\/tr>\n<tr>\n<td>Sz\u00e9nhidr\u00e1t:<\/td>\n<td>34,6 g<\/td>\n<\/tr>\n<tr>\n<td>amelyb\u0151l cukrok:<\/td>\n<td>24,2 g<\/td>\n<\/tr>\n<tr>\n<td>Feh\u00e9rje:<\/td>\n<td>3,5 g<\/td>\n<\/tr>\n<tr>\n<td>S\u00f3:<\/td>\n<td>0,4 g<\/td>\n<\/tr>\n<\/tbody>\n<\/table><figcaption><\/figcaption><figcaption class=\"wp-element-caption\"><\/figcaption><\/figure>\n<p><!-- \/wp:table --><\/p>\n<p><!-- wp:separator --><!-- \/wp:paragraph --><\/p>\n<p><!-- wp:separator --><\/p>\n<hr class=\"wp-block-separator has-alpha-channel-opacity\" \/>\n<p><!-- \/wp:separator --><\/p>\n<p><!-- wp:heading {\"level\":3} --><\/p>\n<h3 class=\"wp-block-heading\"><strong>\u00d6sszetev\u0151k<\/strong><\/h3>\n<p><!-- \/wp:heading --><\/p>\n<p><!-- wp:paragraph --><\/p>\n<p>v\u00edz, foly\u00e9kony n\u00f6v\u00e9nyi veg\u00e1n habalap (v\u00edz, p\u00e1lmamagolaj (teljes m\u00e9rt\u00e9kben hidrog\u00e9nezett), nedves\u00edt\u0151szer E420, gl\u00fck\u00f3zszirup, emulge\u00e1l\u00f3szer (E472e, E435), stabiliz\u00e1tor E464, s\u00f3, aroma), eper kr\u00e9mpor (cukor, kem\u00e9ny\u00edt\u0151, zselatin, sz\u00e1r\u00edtott eper 5%, m\u00f3dos\u00edtott kem\u00e9ny\u00edt\u0151 E1414, citromsav, aroma (term\u00e9szetes citrus aroma, term\u00e9szetes aroma eper \u00edzzel), sz\u00ednez\u00e9k E162, s\u00f3), <strong>toj\u00e1s<\/strong>, <strong>b\u00fazaliszt<\/strong>, bevon\u00f3zsel\u00e9 (cukor, v\u00edz, gl\u00fck\u00f3zszirup, zsel\u00e9s\u00edt\u0151 anyag E440, \u00e9tkez\u00e9si sav E330, savany\u00fas\u00e1got szab\u00e1lyoz\u00f3 anyag (E331, E509), habz\u00e1sg\u00e1tl\u00f3 E900, tart\u00f3s\u00edt\u00f3szer E202, aroma), cukor, pisk\u00f3tapor (dextr\u00f3z, <strong>b\u00fazakem\u00e9ny\u00edt\u0151<\/strong>, <strong>tejsav\u00f3por<\/strong>, t\u00e9rfogatn\u00f6vel\u0151 szerek (E500, E336, E450), emulge\u00e1l\u00f3szer (E472b, E477), <strong>sz\u00f3jaliszt<\/strong>, gl\u00fck\u00f3zszirup, <strong>sov\u00e1ny tejpor<\/strong>, s\u00f3, tart\u00f3s\u00edt\u00f3szer E282, zsel\u00e9s\u00edt\u0151 anyagok (E450, E339, E516), \u00e9tkez\u00e9si sav E330, s\u0171r\u00edt\u0151 anyag E401, aroma), \u00e9telfest\u00e9k (frukt\u00f3z-gl\u00fck\u00f3z-sz\u00f6rp, finomszesz, term\u00e9szetes sz\u00ednez\u00e9k: k\u00e1rminsav), eper aroma (v\u00edz, gl\u00fck\u00f3zszirup, term\u00e9szetes eper s\u0171r\u00edtm\u00e9ny, glicerin, s\u0171r\u00edt\u0151anyag E415, hordoz\u00f3szerek (E1518, E1520), tart\u00f3s\u00edt\u00f3szer E202, \u00e9tkez\u00e9si sav E330, s\u00f3, hordoz\u00f3szer E1505, aroma, sz\u00ednez\u00e9k E124)<\/p>\n<p><!-- wp:separator --><\/p>\n<hr class=\"wp-block-separator has-alpha-channel-opacity\" \/>\n<p><!-- \/wp:separator --><\/p>\n<h3 class=\"wp-block-heading\">Allerg\u00e9n inform\u00e1ci\u00f3k, GMO inform\u00e1ci\u00f3<\/h3>\n<p><!-- \/wp:heading --><\/p>\n<p><!-- wp:paragraph --><\/p>\n<p>A term\u00e9k tartalmaz: glut\u00e9nt, sz\u00f3j\u00e1t, tejet, toj\u00e1st. Nyomokban tartalmazhat csonth\u00e9jas term\u00e9s, f\u00f6ldimogyor\u00f3, csillagf\u00fcrt \u00e9s szez\u00e1mmag sz\u00e1rmaz\u00e9kait.<br \/>\nAz \u00e9lelmiszer el\u0151\u00e1ll\u00edt\u00e1s\u00e1hoz g\u00e9ntechnol\u00f3gi\u00e1val m\u00f3dos\u00edtott szervezetet, anyagot nem haszn\u00e1lunk.<\/p>\n<p><!-- \/wp:paragraph --><\/p>\n<p><!-- wp:separator --><\/p>\n<hr class=\"wp-block-separator has-alpha-channel-opacity\" \/>\n<p><!-- \/wp:separator --><\/p>\n<p><!-- wp:heading {\"level\":3} --><\/p>\n<h3 class=\"wp-block-heading\">T\u00e1rol\u00e1s<\/h3>\n<p><!-- \/wp:heading --><\/p>\n<p><!-- wp:paragraph --><\/p>\n<p>0-5 \u00b0C<\/p>\n<p><!-- \/wp:paragraph --><\/p>\n<p><!-- wp:separator --><\/p>\n<p><!-- wp:separator --><\/p>\n<hr class=\"wp-block-separator has-alpha-channel-opacity\" \/>\n<p><!-- \/wp:separator --><\/p>\n<h3 class=\"wp-block-heading\">Logisztikai adatok<\/h3>\n<p><!-- \/wp:heading --><\/p>\n<p><!-- wp:table --><\/p>\n<figure class=\"wp-block-table\">\n<table class=\"has-fixed-layout\">\n<tbody>\n<tr>\n<td><strong>Nett\u00f3 t\u00f6meg<\/strong><\/td>\n<td>200 g<\/td>\n<\/tr>\n<tr>\n<td>\n<p class=\"wp-block-heading\"><strong>Min\u0151s\u00e9gmeg\u0151rz\u00e9si id\u0151<\/strong><\/p>\n<\/td>\n<td>10 nap<\/td>\n<\/tr>\n<tr>\n<td>\n<p class=\"wp-block-heading\"><strong>Darab \/ csomag<\/strong><\/p>\n<\/td>\n<td>6<\/td>\n<\/tr>\n<tr>\n<td><strong style=\"font-family: inherit; font-size: inherit;\">Csomag \/ karton<\/strong><\/td>\n<td>8<\/td>\n<\/tr>\n<tr>\n<td><strong>Karton \/ raklap<\/strong><\/td>\n<td>100<\/td>\n<\/tr>\n<tr>\n<td><strong>CCA. m\u00e9retek<\/strong><\/td>\n<td><\/td>\n<\/tr>\n<\/tbody>\n<\/table>\n<\/figure>\n","protected":false},"featured_media":4491,"comment_status":"open","ping_status":"closed","template":"","meta":[],"product_brand":[],"product_cat":[29,28],"product_tag":[],"class_list":{"0":"post-4490","1":"product","2":"type-product","3":"status-publish","4":"has-post-thumbnail","6":"product_cat-cukraszati-termekek","7":"product_cat-uj-termekek","9":"first","10":"instock","11":"shipping-taxable","12":"product-type-simple"},"yoast_head":"<!-- This site is optimized with the Yoast SEO plugin v27.0 - https:\/\/yoast.com\/product\/yoast-seo-wordpress\/ -->\n<title>Tornyos Epres joghurtos szelet - Tornyos P\u00e9ks\u00e9g<\/title>\n<meta name=\"robots\" content=\"index, follow, max-snippet:-1, max-image-preview:large, max-video-preview:-1\" \/>\n<link rel=\"canonical\" href=\"https:\/\/tornyos.eu\/en\/termek\/tornyos-epres-joghurtos-szelet\/\" \/>\n<meta property=\"og:locale\" content=\"en_US\" \/>\n<meta property=\"og:type\" content=\"article\" \/>\n<meta property=\"og:title\" content=\"Tornyos Epres joghurtos szelet - Tornyos P\u00e9ks\u00e9g\" \/>\n<meta property=\"og:description\" content=\"\u00c1tlagos t\u00e1p\u00e9rt\u00e9k 100 g term\u00e9kben        Energia: 214 kCal \/ 902 kJ   Zs\u00edr: 6,2 g   amelyb\u0151l tel\u00edtett zs\u00edrsavak: 5,0 g   Sz\u00e9nhidr\u00e1t: 34,6 g   amelyb\u0151l cukrok: 24,2 g   Feh\u00e9rje: 3,5 g   S\u00f3: 0,4 g                \u00d6sszetev\u0151k     v\u00edz, foly\u00e9kony n\u00f6v\u00e9nyi veg\u00e1n habalap (v\u00edz, p\u00e1lmamagolaj (teljes m\u00e9rt\u00e9kben hidrog\u00e9nezett), nedves\u00edt\u0151szer E420, gl\u00fck\u00f3zszirup, emulge\u00e1l\u00f3szer (E472e, E435), stabiliz\u00e1tor E464, s\u00f3, aroma), eper kr\u00e9mpor (cukor, kem\u00e9ny\u00edt\u0151, zselatin, sz\u00e1r\u00edtott eper 5%, m\u00f3dos\u00edtott kem\u00e9ny\u00edt\u0151 E1414, citromsav, aroma (term\u00e9szetes citrus aroma, term\u00e9szetes aroma eper \u00edzzel), sz\u00ednez\u00e9k E162, s\u00f3), toj\u00e1s, b\u00fazaliszt, bevon\u00f3zsel\u00e9 (cukor, v\u00edz, gl\u00fck\u00f3zszirup, zsel\u00e9s\u00edt\u0151 anyag E440, \u00e9tkez\u00e9si sav E330, savany\u00fas\u00e1got szab\u00e1lyoz\u00f3 anyag (E331, E509), habz\u00e1sg\u00e1tl\u00f3 E900, tart\u00f3s\u00edt\u00f3szer E202, aroma), cukor, pisk\u00f3tapor (dextr\u00f3z, b\u00fazakem\u00e9ny\u00edt\u0151, tejsav\u00f3por, t\u00e9rfogatn\u00f6vel\u0151 szerek (E500, E336, E450), emulge\u00e1l\u00f3szer (E472b, E477), sz\u00f3jaliszt, gl\u00fck\u00f3zszirup, sov\u00e1ny tejpor, s\u00f3, tart\u00f3s\u00edt\u00f3szer E282, zsel\u00e9s\u00edt\u0151 anyagok (E450, E339, E516), \u00e9tkez\u00e9si sav E330, s\u0171r\u00edt\u0151 anyag E401, aroma), \u00e9telfest\u00e9k (frukt\u00f3z-gl\u00fck\u00f3z-sz\u00f6rp, finomszesz, term\u00e9szetes sz\u00ednez\u00e9k: k\u00e1rminsav), eper aroma (v\u00edz, gl\u00fck\u00f3zszirup, term\u00e9szetes eper s\u0171r\u00edtm\u00e9ny, glicerin, s\u0171r\u00edt\u0151anyag E415, hordoz\u00f3szerek (E1518, E1520), tart\u00f3s\u00edt\u00f3szer E202, \u00e9tkez\u00e9si sav E330, s\u00f3, hordoz\u00f3szer E1505, aroma, sz\u00ednez\u00e9k E124)       Allerg\u00e9n inform\u00e1ci\u00f3k, GMO inform\u00e1ci\u00f3     A term\u00e9k tartalmaz: glut\u00e9nt, sz\u00f3j\u00e1t, tejet, toj\u00e1st. Nyomokban tartalmazhat csonth\u00e9jas term\u00e9s, f\u00f6ldimogyor\u00f3, csillagf\u00fcrt \u00e9s szez\u00e1mmag sz\u00e1rmaz\u00e9kait. Az \u00e9lelmiszer el\u0151\u00e1ll\u00edt\u00e1s\u00e1hoz g\u00e9ntechnol\u00f3gi\u00e1val m\u00f3dos\u00edtott szervezetet, anyagot nem haszn\u00e1lunk.           T\u00e1rol\u00e1s     0-5 \u00b0C           Logisztikai adatok        Nett\u00f3 t\u00f6meg 200 g    Min\u0151s\u00e9gmeg\u0151rz\u00e9si id\u0151  10 nap    Darab \/ csomag  6   Csomag \/ karton 8   Karton \/ raklap 100   CCA. m\u00e9retek\" \/>\n<meta property=\"og:url\" content=\"https:\/\/tornyos.eu\/en\/termek\/tornyos-epres-joghurtos-szelet\/\" \/>\n<meta property=\"og:site_name\" content=\"Tornyos P\u00e9ks\u00e9g\" \/>\n<meta property=\"article:publisher\" content=\"https:\/\/www.facebook.com\/tornyos\" \/>\n<meta property=\"og:image\" content=\"https:\/\/tornyos.eu\/wp-content\/uploads\/2025\/03\/DDS_6483j2k.jpg\" \/>\n\t<meta property=\"og:image:width\" content=\"1600\" \/>\n\t<meta property=\"og:image:height\" content=\"1065\" \/>\n\t<meta property=\"og:image:type\" content=\"image\/jpeg\" \/>\n<meta name=\"twitter:card\" content=\"summary_large_image\" \/>\n<meta name=\"twitter:label1\" content=\"Est. reading time\" \/>\n\t<meta name=\"twitter:data1\" content=\"1 minute\" \/>\n<script type=\"application\/ld+json\" class=\"yoast-schema-graph\">{\"@context\":\"https:\/\/schema.org\",\"@graph\":[{\"@type\":\"WebPage\",\"@id\":\"https:\/\/tornyos.eu\/en\/termek\/tornyos-epres-joghurtos-szelet\/\",\"url\":\"https:\/\/tornyos.eu\/en\/termek\/tornyos-epres-joghurtos-szelet\/\",\"name\":\"Tornyos Epres joghurtos szelet - Tornyos P\u00e9ks\u00e9g\",\"isPartOf\":{\"@id\":\"https:\/\/tornyos.eu\/en\/#website\"},\"primaryImageOfPage\":{\"@id\":\"https:\/\/tornyos.eu\/en\/termek\/tornyos-epres-joghurtos-szelet\/#primaryimage\"},\"image\":{\"@id\":\"https:\/\/tornyos.eu\/en\/termek\/tornyos-epres-joghurtos-szelet\/#primaryimage\"},\"thumbnailUrl\":\"https:\/\/tornyos.eu\/wp-content\/uploads\/2025\/03\/DDS_6483j2k.jpg\",\"datePublished\":\"2025-03-31T06:23:39+00:00\",\"breadcrumb\":{\"@id\":\"https:\/\/tornyos.eu\/en\/termek\/tornyos-epres-joghurtos-szelet\/#breadcrumb\"},\"inLanguage\":\"en-US\",\"potentialAction\":[{\"@type\":\"ReadAction\",\"target\":[\"https:\/\/tornyos.eu\/en\/termek\/tornyos-epres-joghurtos-szelet\/\"]}]},{\"@type\":\"ImageObject\",\"inLanguage\":\"en-US\",\"@id\":\"https:\/\/tornyos.eu\/en\/termek\/tornyos-epres-joghurtos-szelet\/#primaryimage\",\"url\":\"https:\/\/tornyos.eu\/wp-content\/uploads\/2025\/03\/DDS_6483j2k.jpg\",\"contentUrl\":\"https:\/\/tornyos.eu\/wp-content\/uploads\/2025\/03\/DDS_6483j2k.jpg\",\"width\":1600,\"height\":1065,\"caption\":\"Tornyos Epres joghurtos szelet\"},{\"@type\":\"BreadcrumbList\",\"@id\":\"https:\/\/tornyos.eu\/en\/termek\/tornyos-epres-joghurtos-szelet\/#breadcrumb\",\"itemListElement\":[{\"@type\":\"ListItem\",\"position\":1,\"name\":\"Kezd\u0151lap\",\"item\":\"https:\/\/tornyos.eu\/en\/\"},{\"@type\":\"ListItem\",\"position\":2,\"name\":\"Products\",\"item\":\"https:\/\/tornyos.eu\/en\/shop\/\"},{\"@type\":\"ListItem\",\"position\":3,\"name\":\"Tornyos Epres joghurtos szelet\"}]},{\"@type\":\"WebSite\",\"@id\":\"https:\/\/tornyos.eu\/en\/#website\",\"url\":\"https:\/\/tornyos.eu\/en\/\",\"name\":\"Tornyos P\u00e9ks\u00e9g\",\"description\":\"Tele pocak, boldog pocak!\",\"publisher\":{\"@id\":\"https:\/\/tornyos.eu\/en\/#organization\"},\"potentialAction\":[{\"@type\":\"SearchAction\",\"target\":{\"@type\":\"EntryPoint\",\"urlTemplate\":\"https:\/\/tornyos.eu\/en\/?s={search_term_string}\"},\"query-input\":{\"@type\":\"PropertyValueSpecification\",\"valueRequired\":true,\"valueName\":\"search_term_string\"}}],\"inLanguage\":\"en-US\"},{\"@type\":\"Organization\",\"@id\":\"https:\/\/tornyos.eu\/en\/#organization\",\"name\":\"Tornyos P\u00e9ks\u00e9g\",\"url\":\"https:\/\/tornyos.eu\/en\/\",\"logo\":{\"@type\":\"ImageObject\",\"inLanguage\":\"en-US\",\"@id\":\"https:\/\/tornyos.eu\/en\/#\/schema\/logo\/image\/\",\"url\":\"https:\/\/tornyos.eu\/wp-content\/uploads\/2024\/08\/tornyos-color1.svg\",\"contentUrl\":\"https:\/\/tornyos.eu\/wp-content\/uploads\/2024\/08\/tornyos-color1.svg\",\"width\":770,\"height\":134,\"caption\":\"Tornyos P\u00e9ks\u00e9g\"},\"image\":{\"@id\":\"https:\/\/tornyos.eu\/en\/#\/schema\/logo\/image\/\"},\"sameAs\":[\"https:\/\/www.facebook.com\/tornyos\",\"https:\/\/www.instagram.com\/tornyospekseg\/\",\"https:\/\/www.youtube.com\/@tornyospeksegcukraszda8788\"]}]}<\/script>\n<!-- \/ Yoast SEO plugin. -->","yoast_head_json":{"title":"Tornyos Epres joghurtos szelet - Tornyos P\u00e9ks\u00e9g","robots":{"index":"index","follow":"follow","max-snippet":"max-snippet:-1","max-image-preview":"max-image-preview:large","max-video-preview":"max-video-preview:-1"},"canonical":"https:\/\/tornyos.eu\/en\/termek\/tornyos-epres-joghurtos-szelet\/","og_locale":"en_US","og_type":"article","og_title":"Tornyos Epres joghurtos szelet - Tornyos P\u00e9ks\u00e9g","og_description":"\u00c1tlagos t\u00e1p\u00e9rt\u00e9k 100 g term\u00e9kben        Energia: 214 kCal \/ 902 kJ   Zs\u00edr: 6,2 g   amelyb\u0151l tel\u00edtett zs\u00edrsavak: 5,0 g   Sz\u00e9nhidr\u00e1t: 34,6 g   amelyb\u0151l cukrok: 24,2 g   Feh\u00e9rje: 3,5 g   S\u00f3: 0,4 g                \u00d6sszetev\u0151k     v\u00edz, foly\u00e9kony n\u00f6v\u00e9nyi veg\u00e1n habalap (v\u00edz, p\u00e1lmamagolaj (teljes m\u00e9rt\u00e9kben hidrog\u00e9nezett), nedves\u00edt\u0151szer E420, gl\u00fck\u00f3zszirup, emulge\u00e1l\u00f3szer (E472e, E435), stabiliz\u00e1tor E464, s\u00f3, aroma), eper kr\u00e9mpor (cukor, kem\u00e9ny\u00edt\u0151, zselatin, sz\u00e1r\u00edtott eper 5%, m\u00f3dos\u00edtott kem\u00e9ny\u00edt\u0151 E1414, citromsav, aroma (term\u00e9szetes citrus aroma, term\u00e9szetes aroma eper \u00edzzel), sz\u00ednez\u00e9k E162, s\u00f3), toj\u00e1s, b\u00fazaliszt, bevon\u00f3zsel\u00e9 (cukor, v\u00edz, gl\u00fck\u00f3zszirup, zsel\u00e9s\u00edt\u0151 anyag E440, \u00e9tkez\u00e9si sav E330, savany\u00fas\u00e1got szab\u00e1lyoz\u00f3 anyag (E331, E509), habz\u00e1sg\u00e1tl\u00f3 E900, tart\u00f3s\u00edt\u00f3szer E202, aroma), cukor, pisk\u00f3tapor (dextr\u00f3z, b\u00fazakem\u00e9ny\u00edt\u0151, tejsav\u00f3por, t\u00e9rfogatn\u00f6vel\u0151 szerek (E500, E336, E450), emulge\u00e1l\u00f3szer (E472b, E477), sz\u00f3jaliszt, gl\u00fck\u00f3zszirup, sov\u00e1ny tejpor, s\u00f3, tart\u00f3s\u00edt\u00f3szer E282, zsel\u00e9s\u00edt\u0151 anyagok (E450, E339, E516), \u00e9tkez\u00e9si sav E330, s\u0171r\u00edt\u0151 anyag E401, aroma), \u00e9telfest\u00e9k (frukt\u00f3z-gl\u00fck\u00f3z-sz\u00f6rp, finomszesz, term\u00e9szetes sz\u00ednez\u00e9k: k\u00e1rminsav), eper aroma (v\u00edz, gl\u00fck\u00f3zszirup, term\u00e9szetes eper s\u0171r\u00edtm\u00e9ny, glicerin, s\u0171r\u00edt\u0151anyag E415, hordoz\u00f3szerek (E1518, E1520), tart\u00f3s\u00edt\u00f3szer E202, \u00e9tkez\u00e9si sav E330, s\u00f3, hordoz\u00f3szer E1505, aroma, sz\u00ednez\u00e9k E124)       Allerg\u00e9n inform\u00e1ci\u00f3k, GMO inform\u00e1ci\u00f3     A term\u00e9k tartalmaz: glut\u00e9nt, sz\u00f3j\u00e1t, tejet, toj\u00e1st. Nyomokban tartalmazhat csonth\u00e9jas term\u00e9s, f\u00f6ldimogyor\u00f3, csillagf\u00fcrt \u00e9s szez\u00e1mmag sz\u00e1rmaz\u00e9kait. Az \u00e9lelmiszer el\u0151\u00e1ll\u00edt\u00e1s\u00e1hoz g\u00e9ntechnol\u00f3gi\u00e1val m\u00f3dos\u00edtott szervezetet, anyagot nem haszn\u00e1lunk.           T\u00e1rol\u00e1s     0-5 \u00b0C           Logisztikai adatok        Nett\u00f3 t\u00f6meg 200 g    Min\u0151s\u00e9gmeg\u0151rz\u00e9si id\u0151  10 nap    Darab \/ csomag  6   Csomag \/ karton 8   Karton \/ raklap 100   CCA. m\u00e9retek","og_url":"https:\/\/tornyos.eu\/en\/termek\/tornyos-epres-joghurtos-szelet\/","og_site_name":"Tornyos P\u00e9ks\u00e9g","article_publisher":"https:\/\/www.facebook.com\/tornyos","og_image":[{"width":1600,"height":1065,"url":"https:\/\/tornyos.eu\/wp-content\/uploads\/2025\/03\/DDS_6483j2k.jpg","type":"image\/jpeg"}],"twitter_card":"summary_large_image","twitter_misc":{"Est. reading time":"1 minute"},"schema":{"@context":"https:\/\/schema.org","@graph":[{"@type":"WebPage","@id":"https:\/\/tornyos.eu\/en\/termek\/tornyos-epres-joghurtos-szelet\/","url":"https:\/\/tornyos.eu\/en\/termek\/tornyos-epres-joghurtos-szelet\/","name":"Tornyos Epres joghurtos szelet - Tornyos P\u00e9ks\u00e9g","isPartOf":{"@id":"https:\/\/tornyos.eu\/en\/#website"},"primaryImageOfPage":{"@id":"https:\/\/tornyos.eu\/en\/termek\/tornyos-epres-joghurtos-szelet\/#primaryimage"},"image":{"@id":"https:\/\/tornyos.eu\/en\/termek\/tornyos-epres-joghurtos-szelet\/#primaryimage"},"thumbnailUrl":"https:\/\/tornyos.eu\/wp-content\/uploads\/2025\/03\/DDS_6483j2k.jpg","datePublished":"2025-03-31T06:23:39+00:00","breadcrumb":{"@id":"https:\/\/tornyos.eu\/en\/termek\/tornyos-epres-joghurtos-szelet\/#breadcrumb"},"inLanguage":"en-US","potentialAction":[{"@type":"ReadAction","target":["https:\/\/tornyos.eu\/en\/termek\/tornyos-epres-joghurtos-szelet\/"]}]},{"@type":"ImageObject","inLanguage":"en-US","@id":"https:\/\/tornyos.eu\/en\/termek\/tornyos-epres-joghurtos-szelet\/#primaryimage","url":"https:\/\/tornyos.eu\/wp-content\/uploads\/2025\/03\/DDS_6483j2k.jpg","contentUrl":"https:\/\/tornyos.eu\/wp-content\/uploads\/2025\/03\/DDS_6483j2k.jpg","width":1600,"height":1065,"caption":"Tornyos Epres joghurtos szelet"},{"@type":"BreadcrumbList","@id":"https:\/\/tornyos.eu\/en\/termek\/tornyos-epres-joghurtos-szelet\/#breadcrumb","itemListElement":[{"@type":"ListItem","position":1,"name":"Kezd\u0151lap","item":"https:\/\/tornyos.eu\/en\/"},{"@type":"ListItem","position":2,"name":"Products","item":"https:\/\/tornyos.eu\/en\/shop\/"},{"@type":"ListItem","position":3,"name":"Tornyos Epres joghurtos szelet"}]},{"@type":"WebSite","@id":"https:\/\/tornyos.eu\/en\/#website","url":"https:\/\/tornyos.eu\/en\/","name":"Tornyos P\u00e9ks\u00e9g","description":"Tele pocak, boldog pocak!","publisher":{"@id":"https:\/\/tornyos.eu\/en\/#organization"},"potentialAction":[{"@type":"SearchAction","target":{"@type":"EntryPoint","urlTemplate":"https:\/\/tornyos.eu\/en\/?s={search_term_string}"},"query-input":{"@type":"PropertyValueSpecification","valueRequired":true,"valueName":"search_term_string"}}],"inLanguage":"en-US"},{"@type":"Organization","@id":"https:\/\/tornyos.eu\/en\/#organization","name":"Tornyos P\u00e9ks\u00e9g","url":"https:\/\/tornyos.eu\/en\/","logo":{"@type":"ImageObject","inLanguage":"en-US","@id":"https:\/\/tornyos.eu\/en\/#\/schema\/logo\/image\/","url":"https:\/\/tornyos.eu\/wp-content\/uploads\/2024\/08\/tornyos-color1.svg","contentUrl":"https:\/\/tornyos.eu\/wp-content\/uploads\/2024\/08\/tornyos-color1.svg","width":770,"height":134,"caption":"Tornyos P\u00e9ks\u00e9g"},"image":{"@id":"https:\/\/tornyos.eu\/en\/#\/schema\/logo\/image\/"},"sameAs":["https:\/\/www.facebook.com\/tornyos","https:\/\/www.instagram.com\/tornyospekseg\/","https:\/\/www.youtube.com\/@tornyospeksegcukraszda8788"]}]}},"_links":{"self":[{"href":"https:\/\/tornyos.eu\/en\/wp-json\/wp\/v2\/product\/4490","targetHints":{"allow":["GET"]}}],"collection":[{"href":"https:\/\/tornyos.eu\/en\/wp-json\/wp\/v2\/product"}],"about":[{"href":"https:\/\/tornyos.eu\/en\/wp-json\/wp\/v2\/types\/product"}],"replies":[{"embeddable":true,"href":"https:\/\/tornyos.eu\/en\/wp-json\/wp\/v2\/comments?post=4490"}],"wp:featuredmedia":[{"embeddable":true,"href":"https:\/\/tornyos.eu\/en\/wp-json\/wp\/v2\/media\/4491"}],"wp:attachment":[{"href":"https:\/\/tornyos.eu\/en\/wp-json\/wp\/v2\/media?parent=4490"}],"wp:term":[{"taxonomy":"product_brand","embeddable":true,"href":"https:\/\/tornyos.eu\/en\/wp-json\/wp\/v2\/product_brand?post=4490"},{"taxonomy":"product_cat","embeddable":true,"href":"https:\/\/tornyos.eu\/en\/wp-json\/wp\/v2\/product_cat?post=4490"},{"taxonomy":"product_tag","embeddable":true,"href":"https:\/\/tornyos.eu\/en\/wp-json\/wp\/v2\/product_tag?post=4490"}],"curies":[{"name":"wp","href":"https:\/\/api.w.org\/{rel}","templated":true}]}}