{"id":3636,"date":"2024-10-09T15:56:52","date_gmt":"2024-10-09T13:56:52","guid":{"rendered":"https:\/\/tornyos.eu\/termek\/tornyos-piskotatekercs\/"},"modified":"2025-02-18T13:53:49","modified_gmt":"2025-02-18T12:53:49","slug":"tornyos-swiss-roll","status":"publish","type":"product","link":"https:\/\/tornyos.eu\/en\/product\/tornyos-swiss-roll\/","title":{"rendered":"Tornyos Swiss Roll"},"content":{"rendered":"","protected":false},"excerpt":{"rendered":"<h3 class=\"wp-block-heading\">Average Nutritional Values<\/h3>\n<p><!-- \/wp:heading --><\/p>\n<p><!-- wp:table --><\/p>\n<figure class=\"wp-block-table\">\n<table class=\"has-fixed-layout\">\n<tbody>\n<tr>\n<td>Energy:<\/td>\n<td>1155 kJ \/ 273 kcal<\/td>\n<\/tr>\n<tr>\n<td>Fat:<\/td>\n<td>\u00a02,65 g<\/td>\n<\/tr>\n<tr>\n<td>of which saturated fatty acids:<\/td>\n<td>1,65 g<\/td>\n<\/tr>\n<tr>\n<td>Carbohydrate:<\/td>\n<td>56,69 g<\/td>\n<\/tr>\n<tr>\n<td>of which sugars:<\/td>\n<td>40,5 g<\/td>\n<\/tr>\n<tr>\n<td>Fiber:<\/td>\n<td>0 g<\/td>\n<\/tr>\n<tr>\n<td>Protein:<\/td>\n<td>4,51 g<\/td>\n<\/tr>\n<tr>\n<td>Salt:<\/td>\n<td>0,55 g<\/td>\n<\/tr>\n<\/tbody>\n<\/table><figcaption><\/figcaption><figcaption class=\"wp-element-caption\"><\/figcaption><\/figure>\n<p><!-- \/wp:table --><\/p>\n<p><!-- wp:separator --><!-- \/wp:paragraph --><\/p>\n<p><!-- wp:separator --><\/p>\n<hr class=\"wp-block-separator has-alpha-channel-opacity\" \/>\n<p><!-- \/wp:separator --><\/p>\n<p><!-- wp:heading {\"level\":3} --><\/p>\n<h3 class=\"wp-block-heading\">Ingredients<\/h3>\n<p><!-- \/wp:heading --><\/p>\n<p><!-- wp:paragraph --><\/p>\n<p>Wheat flour, whole egg, sponge cake mix (dextrose, wheat starch, whey powder, raising agents (E500, E336, E450), emulsifiers (E472b, E477), soy flour, glucose syrup, salt, preservative (E282), gelling agent (E450), s\u00e1rgabarack t\u00f6ltel\u00e9k\/apricot filling (45% sugar, dextrose, acidity regulators (E330, E331, E333, E341ii), stabilizer (E440), flavors, preservative (E202), color (E150a), antioxidant (E300)).<\/p>\n<p><!-- wp:separator --><\/p>\n<hr class=\"wp-block-separator has-alpha-channel-opacity\" \/>\n<p><!-- \/wp:separator --><\/p>\n<h3 class=\"wp-block-heading\">Storage<\/h3>\n<p><!-- \/wp:heading --><\/p>\n<p><!-- wp:paragraph --><\/p>\n<p>0-5 \u00b0C<\/p>\n<p><!-- \/wp:paragraph --><\/p>\n<p><!-- wp:separator --><\/p>\n<p><!-- wp:separator --><\/p>\n<hr class=\"wp-block-separator has-alpha-channel-opacity\" \/>\n<p><!-- \/wp:separator --><\/p>\n<h3 class=\"wp-block-heading\">Logistical Data<\/h3>\n<p><!-- \/wp:heading --><\/p>\n<p><!-- wp:table --><\/p>\n<figure class=\"wp-block-table\">\n<table class=\"has-fixed-layout\">\n<tbody>\n<tr>\n<td><strong>Net weight<\/strong><\/td>\n<td>150 g<\/td>\n<\/tr>\n<tr>\n<td>\n<p class=\"wp-block-heading\"><strong>Shelf life<\/strong><\/p>\n<\/td>\n<td>12 days<\/td>\n<\/tr>\n<tr>\n<td>\n<p class=\"wp-block-heading\"><strong>Pieces \/ pack<\/strong><\/p>\n<\/td>\n<td><\/td>\n<\/tr>\n<tr>\n<td><strong>Packs \/ carton<\/strong><\/td>\n<td>8<\/td>\n<\/tr>\n<tr>\n<td><strong>Cartons \/ pallet<\/strong><\/td>\n<td>100<\/td>\n<\/tr>\n<tr>\n<td><strong>Approx. dimensions<\/strong><\/td>\n<td><\/td>\n<\/tr>\n<\/tbody>\n<\/table>\n<\/figure>\n<p>&nbsp;<\/p>\n","protected":false},"featured_media":1895,"comment_status":"closed","ping_status":"closed","template":"","meta":[],"product_brand":[],"product_cat":[72],"product_tag":[],"class_list":{"0":"post-3636","1":"product","2":"type-product","3":"status-publish","4":"has-post-thumbnail","6":"product_cat-confectionery-products","8":"first","9":"instock","10":"shipping-taxable","11":"product-type-simple"},"yoast_head":"<!-- This site is optimized with the Yoast SEO plugin v27.0 - https:\/\/yoast.com\/product\/yoast-seo-wordpress\/ -->\n<title>Tornyos Swiss Roll - Tornyos P\u00e9ks\u00e9g<\/title>\n<meta name=\"robots\" content=\"index, follow, max-snippet:-1, max-image-preview:large, max-video-preview:-1\" \/>\n<link rel=\"canonical\" href=\"https:\/\/tornyos.eu\/en\/product\/tornyos-swiss-roll\/\" \/>\n<meta property=\"og:locale\" content=\"en_US\" \/>\n<meta property=\"og:type\" content=\"article\" \/>\n<meta property=\"og:title\" content=\"Tornyos Swiss Roll - Tornyos P\u00e9ks\u00e9g\" \/>\n<meta property=\"og:description\" content=\"Average Nutritional Values        Energy: 1155 kJ \/ 273 kcal   Fat: \u00a02,65 g   of which saturated fatty acids: 1,65 g   Carbohydrate: 56,69 g   of which sugars: 40,5 g   Fiber: 0 g   Protein: 4,51 g   Salt: 0,55 g                Ingredients     Wheat flour, whole egg, sponge cake mix (dextrose, wheat starch, whey powder, raising agents (E500, E336, E450), emulsifiers (E472b, E477), soy flour, glucose syrup, salt, preservative (E282), gelling agent (E450), s\u00e1rgabarack t\u00f6ltel\u00e9k\/apricot filling (45% sugar, dextrose, acidity regulators (E330, E331, E333, E341ii), stabilizer (E440), flavors, preservative (E202), color (E150a), antioxidant (E300)).       Storage     0-5 \u00b0C           Logistical Data        Net weight 150 g    Shelf life  12 days    Pieces \/ pack     Packs \/ carton 8   Cartons \/ pallet 100   Approx. dimensions      &nbsp;\" \/>\n<meta property=\"og:url\" content=\"https:\/\/tornyos.eu\/en\/product\/tornyos-swiss-roll\/\" \/>\n<meta property=\"og:site_name\" content=\"Tornyos P\u00e9ks\u00e9g\" \/>\n<meta property=\"article:publisher\" content=\"https:\/\/www.facebook.com\/tornyos\" \/>\n<meta property=\"article:modified_time\" content=\"2025-02-18T12:53:49+00:00\" \/>\n<meta property=\"og:image\" content=\"https:\/\/tornyos.eu\/wp-content\/uploads\/2024\/10\/tornyos-piskotatekercs-3.jpg\" \/>\n\t<meta property=\"og:image:width\" content=\"1500\" \/>\n\t<meta property=\"og:image:height\" content=\"1500\" \/>\n\t<meta property=\"og:image:type\" content=\"image\/jpeg\" \/>\n<meta name=\"twitter:card\" content=\"summary_large_image\" \/>\n<meta name=\"twitter:label1\" content=\"Est. reading time\" \/>\n\t<meta name=\"twitter:data1\" content=\"1 minute\" \/>\n<script type=\"application\/ld+json\" class=\"yoast-schema-graph\">{\"@context\":\"https:\/\/schema.org\",\"@graph\":[{\"@type\":\"WebPage\",\"@id\":\"https:\/\/tornyos.eu\/en\/product\/tornyos-swiss-roll\/\",\"url\":\"https:\/\/tornyos.eu\/en\/product\/tornyos-swiss-roll\/\",\"name\":\"Tornyos Swiss Roll - Tornyos P\u00e9ks\u00e9g\",\"isPartOf\":{\"@id\":\"https:\/\/tornyos.eu\/en\/#website\"},\"primaryImageOfPage\":{\"@id\":\"https:\/\/tornyos.eu\/en\/product\/tornyos-swiss-roll\/#primaryimage\"},\"image\":{\"@id\":\"https:\/\/tornyos.eu\/en\/product\/tornyos-swiss-roll\/#primaryimage\"},\"thumbnailUrl\":\"https:\/\/tornyos.eu\/wp-content\/uploads\/2024\/10\/tornyos-piskotatekercs-3.jpg\",\"datePublished\":\"2024-10-09T13:56:52+00:00\",\"dateModified\":\"2025-02-18T12:53:49+00:00\",\"breadcrumb\":{\"@id\":\"https:\/\/tornyos.eu\/en\/product\/tornyos-swiss-roll\/#breadcrumb\"},\"inLanguage\":\"en-US\",\"potentialAction\":[{\"@type\":\"ReadAction\",\"target\":[\"https:\/\/tornyos.eu\/en\/product\/tornyos-swiss-roll\/\"]}]},{\"@type\":\"ImageObject\",\"inLanguage\":\"en-US\",\"@id\":\"https:\/\/tornyos.eu\/en\/product\/tornyos-swiss-roll\/#primaryimage\",\"url\":\"https:\/\/tornyos.eu\/wp-content\/uploads\/2024\/10\/tornyos-piskotatekercs-3.jpg\",\"contentUrl\":\"https:\/\/tornyos.eu\/wp-content\/uploads\/2024\/10\/tornyos-piskotatekercs-3.jpg\",\"width\":1500,\"height\":1500},{\"@type\":\"BreadcrumbList\",\"@id\":\"https:\/\/tornyos.eu\/en\/product\/tornyos-swiss-roll\/#breadcrumb\",\"itemListElement\":[{\"@type\":\"ListItem\",\"position\":1,\"name\":\"Kezd\u0151lap\",\"item\":\"https:\/\/tornyos.eu\/en\/\"},{\"@type\":\"ListItem\",\"position\":2,\"name\":\"Products\",\"item\":\"https:\/\/tornyos.eu\/en\/shop\/\"},{\"@type\":\"ListItem\",\"position\":3,\"name\":\"Tornyos Swiss Roll\"}]},{\"@type\":\"WebSite\",\"@id\":\"https:\/\/tornyos.eu\/en\/#website\",\"url\":\"https:\/\/tornyos.eu\/en\/\",\"name\":\"Tornyos P\u00e9ks\u00e9g\",\"description\":\"Tele pocak, boldog pocak!\",\"publisher\":{\"@id\":\"https:\/\/tornyos.eu\/en\/#organization\"},\"potentialAction\":[{\"@type\":\"SearchAction\",\"target\":{\"@type\":\"EntryPoint\",\"urlTemplate\":\"https:\/\/tornyos.eu\/en\/?s={search_term_string}\"},\"query-input\":{\"@type\":\"PropertyValueSpecification\",\"valueRequired\":true,\"valueName\":\"search_term_string\"}}],\"inLanguage\":\"en-US\"},{\"@type\":\"Organization\",\"@id\":\"https:\/\/tornyos.eu\/en\/#organization\",\"name\":\"Tornyos P\u00e9ks\u00e9g\",\"url\":\"https:\/\/tornyos.eu\/en\/\",\"logo\":{\"@type\":\"ImageObject\",\"inLanguage\":\"en-US\",\"@id\":\"https:\/\/tornyos.eu\/en\/#\/schema\/logo\/image\/\",\"url\":\"https:\/\/tornyos.eu\/wp-content\/uploads\/2024\/08\/tornyos-color1.svg\",\"contentUrl\":\"https:\/\/tornyos.eu\/wp-content\/uploads\/2024\/08\/tornyos-color1.svg\",\"width\":770,\"height\":134,\"caption\":\"Tornyos P\u00e9ks\u00e9g\"},\"image\":{\"@id\":\"https:\/\/tornyos.eu\/en\/#\/schema\/logo\/image\/\"},\"sameAs\":[\"https:\/\/www.facebook.com\/tornyos\",\"https:\/\/www.instagram.com\/tornyospekseg\/\",\"https:\/\/www.youtube.com\/@tornyospeksegcukraszda8788\"]}]}<\/script>\n<!-- \/ Yoast SEO plugin. -->","yoast_head_json":{"title":"Tornyos Swiss Roll - Tornyos P\u00e9ks\u00e9g","robots":{"index":"index","follow":"follow","max-snippet":"max-snippet:-1","max-image-preview":"max-image-preview:large","max-video-preview":"max-video-preview:-1"},"canonical":"https:\/\/tornyos.eu\/en\/product\/tornyos-swiss-roll\/","og_locale":"en_US","og_type":"article","og_title":"Tornyos Swiss Roll - Tornyos P\u00e9ks\u00e9g","og_description":"Average Nutritional Values        Energy: 1155 kJ \/ 273 kcal   Fat: \u00a02,65 g   of which saturated fatty acids: 1,65 g   Carbohydrate: 56,69 g   of which sugars: 40,5 g   Fiber: 0 g   Protein: 4,51 g   Salt: 0,55 g                Ingredients     Wheat flour, whole egg, sponge cake mix (dextrose, wheat starch, whey powder, raising agents (E500, E336, E450), emulsifiers (E472b, E477), soy flour, glucose syrup, salt, preservative (E282), gelling agent (E450), s\u00e1rgabarack t\u00f6ltel\u00e9k\/apricot filling (45% sugar, dextrose, acidity regulators (E330, E331, E333, E341ii), stabilizer (E440), flavors, preservative (E202), color (E150a), antioxidant (E300)).       Storage     0-5 \u00b0C           Logistical Data        Net weight 150 g    Shelf life  12 days    Pieces \/ pack     Packs \/ carton 8   Cartons \/ pallet 100   Approx. dimensions      &nbsp;","og_url":"https:\/\/tornyos.eu\/en\/product\/tornyos-swiss-roll\/","og_site_name":"Tornyos P\u00e9ks\u00e9g","article_publisher":"https:\/\/www.facebook.com\/tornyos","article_modified_time":"2025-02-18T12:53:49+00:00","og_image":[{"width":1500,"height":1500,"url":"https:\/\/tornyos.eu\/wp-content\/uploads\/2024\/10\/tornyos-piskotatekercs-3.jpg","type":"image\/jpeg"}],"twitter_card":"summary_large_image","twitter_misc":{"Est. reading time":"1 minute"},"schema":{"@context":"https:\/\/schema.org","@graph":[{"@type":"WebPage","@id":"https:\/\/tornyos.eu\/en\/product\/tornyos-swiss-roll\/","url":"https:\/\/tornyos.eu\/en\/product\/tornyos-swiss-roll\/","name":"Tornyos Swiss Roll - Tornyos P\u00e9ks\u00e9g","isPartOf":{"@id":"https:\/\/tornyos.eu\/en\/#website"},"primaryImageOfPage":{"@id":"https:\/\/tornyos.eu\/en\/product\/tornyos-swiss-roll\/#primaryimage"},"image":{"@id":"https:\/\/tornyos.eu\/en\/product\/tornyos-swiss-roll\/#primaryimage"},"thumbnailUrl":"https:\/\/tornyos.eu\/wp-content\/uploads\/2024\/10\/tornyos-piskotatekercs-3.jpg","datePublished":"2024-10-09T13:56:52+00:00","dateModified":"2025-02-18T12:53:49+00:00","breadcrumb":{"@id":"https:\/\/tornyos.eu\/en\/product\/tornyos-swiss-roll\/#breadcrumb"},"inLanguage":"en-US","potentialAction":[{"@type":"ReadAction","target":["https:\/\/tornyos.eu\/en\/product\/tornyos-swiss-roll\/"]}]},{"@type":"ImageObject","inLanguage":"en-US","@id":"https:\/\/tornyos.eu\/en\/product\/tornyos-swiss-roll\/#primaryimage","url":"https:\/\/tornyos.eu\/wp-content\/uploads\/2024\/10\/tornyos-piskotatekercs-3.jpg","contentUrl":"https:\/\/tornyos.eu\/wp-content\/uploads\/2024\/10\/tornyos-piskotatekercs-3.jpg","width":1500,"height":1500},{"@type":"BreadcrumbList","@id":"https:\/\/tornyos.eu\/en\/product\/tornyos-swiss-roll\/#breadcrumb","itemListElement":[{"@type":"ListItem","position":1,"name":"Kezd\u0151lap","item":"https:\/\/tornyos.eu\/en\/"},{"@type":"ListItem","position":2,"name":"Products","item":"https:\/\/tornyos.eu\/en\/shop\/"},{"@type":"ListItem","position":3,"name":"Tornyos Swiss Roll"}]},{"@type":"WebSite","@id":"https:\/\/tornyos.eu\/en\/#website","url":"https:\/\/tornyos.eu\/en\/","name":"Tornyos P\u00e9ks\u00e9g","description":"Tele pocak, boldog pocak!","publisher":{"@id":"https:\/\/tornyos.eu\/en\/#organization"},"potentialAction":[{"@type":"SearchAction","target":{"@type":"EntryPoint","urlTemplate":"https:\/\/tornyos.eu\/en\/?s={search_term_string}"},"query-input":{"@type":"PropertyValueSpecification","valueRequired":true,"valueName":"search_term_string"}}],"inLanguage":"en-US"},{"@type":"Organization","@id":"https:\/\/tornyos.eu\/en\/#organization","name":"Tornyos P\u00e9ks\u00e9g","url":"https:\/\/tornyos.eu\/en\/","logo":{"@type":"ImageObject","inLanguage":"en-US","@id":"https:\/\/tornyos.eu\/en\/#\/schema\/logo\/image\/","url":"https:\/\/tornyos.eu\/wp-content\/uploads\/2024\/08\/tornyos-color1.svg","contentUrl":"https:\/\/tornyos.eu\/wp-content\/uploads\/2024\/08\/tornyos-color1.svg","width":770,"height":134,"caption":"Tornyos P\u00e9ks\u00e9g"},"image":{"@id":"https:\/\/tornyos.eu\/en\/#\/schema\/logo\/image\/"},"sameAs":["https:\/\/www.facebook.com\/tornyos","https:\/\/www.instagram.com\/tornyospekseg\/","https:\/\/www.youtube.com\/@tornyospeksegcukraszda8788"]}]}},"_links":{"self":[{"href":"https:\/\/tornyos.eu\/en\/wp-json\/wp\/v2\/product\/3636","targetHints":{"allow":["GET"]}}],"collection":[{"href":"https:\/\/tornyos.eu\/en\/wp-json\/wp\/v2\/product"}],"about":[{"href":"https:\/\/tornyos.eu\/en\/wp-json\/wp\/v2\/types\/product"}],"replies":[{"embeddable":true,"href":"https:\/\/tornyos.eu\/en\/wp-json\/wp\/v2\/comments?post=3636"}],"wp:featuredmedia":[{"embeddable":true,"href":"https:\/\/tornyos.eu\/en\/wp-json\/wp\/v2\/media\/1895"}],"wp:attachment":[{"href":"https:\/\/tornyos.eu\/en\/wp-json\/wp\/v2\/media?parent=3636"}],"wp:term":[{"taxonomy":"product_brand","embeddable":true,"href":"https:\/\/tornyos.eu\/en\/wp-json\/wp\/v2\/product_brand?post=3636"},{"taxonomy":"product_cat","embeddable":true,"href":"https:\/\/tornyos.eu\/en\/wp-json\/wp\/v2\/product_cat?post=3636"},{"taxonomy":"product_tag","embeddable":true,"href":"https:\/\/tornyos.eu\/en\/wp-json\/wp\/v2\/product_tag?post=3636"}],"curies":[{"name":"wp","href":"https:\/\/api.w.org\/{rel}","templated":true}]}}