{"id":3445,"date":"2024-11-04T13:30:11","date_gmt":"2024-11-04T12:30:11","guid":{"rendered":"https:\/\/tornyos.eu\/tornyos-palyazat\/"},"modified":"2026-02-10T11:03:04","modified_gmt":"2026-02-10T10:03:04","slug":"ginop-plusz-1-2-3-21-2022-03037","status":"publish","type":"page","link":"https:\/\/tornyos.eu\/en\/ginop-plusz-1-2-3-21-2022-03037\/","title":{"rendered":"GINOP_PLUSZ-1.2.3-21-2022-03037"},"content":{"rendered":"\t\t<div data-elementor-type=\"wp-page\" data-elementor-id=\"3445\" class=\"elementor elementor-3445 elementor-3176\" data-elementor-post-type=\"page\">\n\t\t\t\t<div class=\"elementor-element elementor-element-1b535ec e-con-full e-flex e-con e-parent\" data-id=\"1b535ec\" data-element_type=\"container\" data-e-type=\"container\">\n\t\t\t\t<div class=\"elementor-element elementor-element-005b9c9 elementor-widget elementor-widget-heading\" data-id=\"005b9c9\" data-element_type=\"widget\" data-e-type=\"widget\" data-widget_type=\"heading.default\">\n\t\t\t\t<div class=\"elementor-widget-container\">\n\t\t\t\t\t<h2 class=\"elementor-heading-title elementor-size-default\">ROJEKTINFORM\u00c1CI\u00d3K<\/h2>\t\t\t\t<\/div>\n\t\t\t\t<\/div>\n\t\t\t\t<\/div>\n\t\t<div class=\"elementor-element elementor-element-fd8990a e-con-full e-flex e-con e-parent\" data-id=\"fd8990a\" data-element_type=\"container\" data-e-type=\"container\">\n\t\t\t\t<div class=\"elementor-element elementor-element-82142ce elementor-widget elementor-widget-text-editor\" data-id=\"82142ce\" data-element_type=\"widget\" data-e-type=\"widget\" data-widget_type=\"text-editor.default\">\n\t\t\t\t<div class=\"elementor-widget-container\">\n\t\t\t\t\t\t\t\t\t<p>Kedvezm\u00e9nyezett neve: &#8220;DJ &amp; K&#8221; S\u00fct\u0151ipari Bet\u00e9ti T\u00e1rsas\u00e1g<br \/>Projekt c\u00edme:DJ&amp;K Bt fejleszt\u00e9se<br \/>Szerz\u0151d\u00f6tt t\u00e1mogat\u00e1sa \u00f6sszege: 51 804 176<br \/>T\u00e1mogat\u00e1s m\u00e9rt\u00e9ke: 70%<br \/>Projekt t\u00e9nyleges befejez\u00e9si d\u00e1tuma: 2022.12.29.<br \/>Projekt azonos\u00edt\u00f3sz\u00e1ma:GINOP_PLUSZ-1.2.3-21-2022-03037<br \/>Projekt bemutat\u00e1sa:A v\u00e1llalkoz\u00e1s a 90-es \u00e9vekben alakult, az\u00f3ta azonos tulajdonosi k\u00f6rrel rendelkezik. Megalakul\u00e1sa \u00f3ta folyamatos fejl\u0151d\u00e9sen ment kereszt\u00fcl, igyekszik mindig a megl\u00e9v\u0151 piaci viszonyokhoz alklamazkodni. A p\u00e9kipari term\u00e9kek gy\u00e1rt\u00e1sa az egyik tev\u00e9kenys\u00e9gi k\u00f6re, m\u00e1sik f\u0151 \u00e1gazat a kereskedeeml. Az elm\u00falt \u00e9vekben 50 f\u0151 k\u00f6r\u00fcli alklamazotti l\u00e9tsz\u00e1mmal \u00fczemel, mely folyamatos k\u00e9pz\u00e9sek k\u00f6vetkezt\u00e9ben mindig naprak\u00e9sz. A v\u00e1llalkoz\u00e1s tulajdon\u00e1t k\u00e9pez\u0151 eszk\u00f6z\u00f6k alaklamasak mind a termel\u00e9sre, mind az ehhez kapcsol\u00f3d\u00f3 rakt\u00e1roz\u00e1si, csomagol\u00e1si feladatok ell\u00e1t\u00e1s\u00e1hoz.<br \/>A projekt keret\u00e9ben a v\u00e1llalkoz\u00e1s eszk\u00f6zparkja \u00fajul meg; FIAC NewSilver D20\/500 csavarkompresszor,elektromos \u00fczem\u0171 3 t\u00e1masz\u00fa homlokvill\u00e1s targonca CPD15SH-GB2,elektromos \u00fczem\u0171 gyalogk\u00eds\u00e9ret\u0171 targonca CDD16-950,elektromos \u00fczem\u0171 gyalogk\u00eds\u00e9ret\u0171 targonca CDD15J, tov\u00e1bb\u00e1 infrastrultur\u00e1lis beruh\u00e1z\u00e1s val\u00f3sul meg.<\/p>\t\t\t\t\t\t\t\t<\/div>\n\t\t\t\t<\/div>\n\t\t\t\t<\/div>\n\t\t\t\t<\/div>\n\t\t","protected":false},"excerpt":{"rendered":"<p>ROJEKTINFORM\u00c1CI\u00d3K Kedvezm\u00e9nyezett neve: &#8220;DJ &amp; K&#8221; S\u00fct\u0151ipari Bet\u00e9ti T\u00e1rsas\u00e1gProjekt c\u00edme:DJ&amp;K Bt fejleszt\u00e9seSzerz\u0151d\u00f6tt t\u00e1mogat\u00e1sa \u00f6sszege: 51 804 176T\u00e1mogat\u00e1s m\u00e9rt\u00e9ke: 70%Projekt t\u00e9nyleges befejez\u00e9si d\u00e1tuma: 2022.12.29.Projekt azonos\u00edt\u00f3sz\u00e1ma:GINOP_PLUSZ-1.2.3-21-2022-03037Projekt bemutat\u00e1sa:A v\u00e1llalkoz\u00e1s a 90-es \u00e9vekben alakult, az\u00f3ta azonos tulajdonosi k\u00f6rrel rendelkezik. Megalakul\u00e1sa \u00f3ta folyamatos fejl\u0151d\u00e9sen ment kereszt\u00fcl, igyekszik mindig a megl\u00e9v\u0151 piaci viszonyokhoz alklamazkodni. A p\u00e9kipari term\u00e9kek gy\u00e1rt\u00e1sa az egyik tev\u00e9kenys\u00e9gi [&hellip;]<\/p>\n","protected":false},"author":3,"featured_media":3133,"parent":0,"menu_order":0,"comment_status":"closed","ping_status":"closed","template":"","meta":{"footnotes":""},"class_list":["post-3445","page","type-page","status-publish","has-post-thumbnail","hentry"],"yoast_head":"<!-- This site is optimized with the Yoast SEO plugin v27.0 - https:\/\/yoast.com\/product\/yoast-seo-wordpress\/ -->\n<title>GINOP_PLUSZ-1.2.3-21-2022-03037 - Tornyos P\u00e9ks\u00e9g<\/title>\n<meta name=\"robots\" content=\"noindex, nofollow\" \/>\n<meta property=\"og:locale\" content=\"en_US\" \/>\n<meta property=\"og:type\" content=\"article\" \/>\n<meta property=\"og:title\" content=\"GINOP_PLUSZ-1.2.3-21-2022-03037 - Tornyos P\u00e9ks\u00e9g\" \/>\n<meta property=\"og:description\" content=\"ROJEKTINFORM\u00c1CI\u00d3K Kedvezm\u00e9nyezett neve: &#8220;DJ &amp; K&#8221; S\u00fct\u0151ipari Bet\u00e9ti T\u00e1rsas\u00e1gProjekt c\u00edme:DJ&amp;K Bt fejleszt\u00e9seSzerz\u0151d\u00f6tt t\u00e1mogat\u00e1sa \u00f6sszege: 51 804 176T\u00e1mogat\u00e1s m\u00e9rt\u00e9ke: 70%Projekt t\u00e9nyleges befejez\u00e9si d\u00e1tuma: 2022.12.29.Projekt azonos\u00edt\u00f3sz\u00e1ma:GINOP_PLUSZ-1.2.3-21-2022-03037Projekt bemutat\u00e1sa:A v\u00e1llalkoz\u00e1s a 90-es \u00e9vekben alakult, az\u00f3ta azonos tulajdonosi k\u00f6rrel rendelkezik. Megalakul\u00e1sa \u00f3ta folyamatos fejl\u0151d\u00e9sen ment kereszt\u00fcl, igyekszik mindig a megl\u00e9v\u0151 piaci viszonyokhoz alklamazkodni. A p\u00e9kipari term\u00e9kek gy\u00e1rt\u00e1sa az egyik tev\u00e9kenys\u00e9gi [&hellip;]\" \/>\n<meta property=\"og:url\" content=\"https:\/\/tornyos.eu\/en\/ginop-plusz-1-2-3-21-2022-03037\/\" \/>\n<meta property=\"og:site_name\" content=\"Tornyos P\u00e9ks\u00e9g\" \/>\n<meta property=\"article:publisher\" content=\"https:\/\/www.facebook.com\/tornyos\" \/>\n<meta property=\"article:modified_time\" content=\"2026-02-10T10:03:04+00:00\" \/>\n<meta property=\"og:image\" content=\"https:\/\/tornyos.eu\/wp-content\/uploads\/2024\/10\/tornyos-megosztasi-kep-2.jpg\" \/>\n\t<meta property=\"og:image:width\" content=\"1245\" \/>\n\t<meta property=\"og:image:height\" content=\"719\" \/>\n\t<meta property=\"og:image:type\" content=\"image\/jpeg\" \/>\n<meta name=\"twitter:card\" content=\"summary_large_image\" \/>\n<meta name=\"twitter:label1\" content=\"Est. reading time\" \/>\n\t<meta name=\"twitter:data1\" content=\"1 minute\" \/>\n<script type=\"application\/ld+json\" class=\"yoast-schema-graph\">{\"@context\":\"https:\/\/schema.org\",\"@graph\":[{\"@type\":\"WebPage\",\"@id\":\"https:\/\/tornyos.eu\/en\/ginop-plusz-1-2-3-21-2022-03037\/\",\"url\":\"https:\/\/tornyos.eu\/en\/ginop-plusz-1-2-3-21-2022-03037\/\",\"name\":\"GINOP_PLUSZ-1.2.3-21-2022-03037 - Tornyos P\u00e9ks\u00e9g\",\"isPartOf\":{\"@id\":\"https:\/\/tornyos.eu\/en\/#website\"},\"primaryImageOfPage\":{\"@id\":\"https:\/\/tornyos.eu\/en\/ginop-plusz-1-2-3-21-2022-03037\/#primaryimage\"},\"image\":{\"@id\":\"https:\/\/tornyos.eu\/en\/ginop-plusz-1-2-3-21-2022-03037\/#primaryimage\"},\"thumbnailUrl\":\"https:\/\/tornyos.eu\/wp-content\/uploads\/2024\/10\/tornyos-megosztasi-kep-2.jpg\",\"datePublished\":\"2024-11-04T12:30:11+00:00\",\"dateModified\":\"2026-02-10T10:03:04+00:00\",\"breadcrumb\":{\"@id\":\"https:\/\/tornyos.eu\/en\/ginop-plusz-1-2-3-21-2022-03037\/#breadcrumb\"},\"inLanguage\":\"en-US\",\"potentialAction\":[{\"@type\":\"ReadAction\",\"target\":[\"https:\/\/tornyos.eu\/en\/ginop-plusz-1-2-3-21-2022-03037\/\"]}]},{\"@type\":\"ImageObject\",\"inLanguage\":\"en-US\",\"@id\":\"https:\/\/tornyos.eu\/en\/ginop-plusz-1-2-3-21-2022-03037\/#primaryimage\",\"url\":\"https:\/\/tornyos.eu\/wp-content\/uploads\/2024\/10\/tornyos-megosztasi-kep-2.jpg\",\"contentUrl\":\"https:\/\/tornyos.eu\/wp-content\/uploads\/2024\/10\/tornyos-megosztasi-kep-2.jpg\",\"width\":1245,\"height\":719,\"caption\":\"Tornyos\"},{\"@type\":\"BreadcrumbList\",\"@id\":\"https:\/\/tornyos.eu\/en\/ginop-plusz-1-2-3-21-2022-03037\/#breadcrumb\",\"itemListElement\":[{\"@type\":\"ListItem\",\"position\":1,\"name\":\"Kezd\u0151lap\",\"item\":\"https:\/\/tornyos.eu\/en\/\"},{\"@type\":\"ListItem\",\"position\":2,\"name\":\"GINOP_PLUSZ-1.2.3-21-2022-03037\"}]},{\"@type\":\"WebSite\",\"@id\":\"https:\/\/tornyos.eu\/en\/#website\",\"url\":\"https:\/\/tornyos.eu\/en\/\",\"name\":\"Tornyos P\u00e9ks\u00e9g\",\"description\":\"Tele pocak, boldog pocak!\",\"publisher\":{\"@id\":\"https:\/\/tornyos.eu\/en\/#organization\"},\"potentialAction\":[{\"@type\":\"SearchAction\",\"target\":{\"@type\":\"EntryPoint\",\"urlTemplate\":\"https:\/\/tornyos.eu\/en\/?s={search_term_string}\"},\"query-input\":{\"@type\":\"PropertyValueSpecification\",\"valueRequired\":true,\"valueName\":\"search_term_string\"}}],\"inLanguage\":\"en-US\"},{\"@type\":\"Organization\",\"@id\":\"https:\/\/tornyos.eu\/en\/#organization\",\"name\":\"Tornyos P\u00e9ks\u00e9g\",\"url\":\"https:\/\/tornyos.eu\/en\/\",\"logo\":{\"@type\":\"ImageObject\",\"inLanguage\":\"en-US\",\"@id\":\"https:\/\/tornyos.eu\/en\/#\/schema\/logo\/image\/\",\"url\":\"https:\/\/tornyos.eu\/wp-content\/uploads\/2024\/08\/tornyos-color1.svg\",\"contentUrl\":\"https:\/\/tornyos.eu\/wp-content\/uploads\/2024\/08\/tornyos-color1.svg\",\"width\":770,\"height\":134,\"caption\":\"Tornyos P\u00e9ks\u00e9g\"},\"image\":{\"@id\":\"https:\/\/tornyos.eu\/en\/#\/schema\/logo\/image\/\"},\"sameAs\":[\"https:\/\/www.facebook.com\/tornyos\",\"https:\/\/www.instagram.com\/tornyospekseg\/\",\"https:\/\/www.youtube.com\/@tornyospeksegcukraszda8788\"]}]}<\/script>\n<!-- \/ Yoast SEO plugin. -->","yoast_head_json":{"title":"GINOP_PLUSZ-1.2.3-21-2022-03037 - Tornyos P\u00e9ks\u00e9g","robots":{"index":"noindex","follow":"nofollow"},"og_locale":"en_US","og_type":"article","og_title":"GINOP_PLUSZ-1.2.3-21-2022-03037 - Tornyos P\u00e9ks\u00e9g","og_description":"ROJEKTINFORM\u00c1CI\u00d3K Kedvezm\u00e9nyezett neve: &#8220;DJ &amp; K&#8221; S\u00fct\u0151ipari Bet\u00e9ti T\u00e1rsas\u00e1gProjekt c\u00edme:DJ&amp;K Bt fejleszt\u00e9seSzerz\u0151d\u00f6tt t\u00e1mogat\u00e1sa \u00f6sszege: 51 804 176T\u00e1mogat\u00e1s m\u00e9rt\u00e9ke: 70%Projekt t\u00e9nyleges befejez\u00e9si d\u00e1tuma: 2022.12.29.Projekt azonos\u00edt\u00f3sz\u00e1ma:GINOP_PLUSZ-1.2.3-21-2022-03037Projekt bemutat\u00e1sa:A v\u00e1llalkoz\u00e1s a 90-es \u00e9vekben alakult, az\u00f3ta azonos tulajdonosi k\u00f6rrel rendelkezik. Megalakul\u00e1sa \u00f3ta folyamatos fejl\u0151d\u00e9sen ment kereszt\u00fcl, igyekszik mindig a megl\u00e9v\u0151 piaci viszonyokhoz alklamazkodni. A p\u00e9kipari term\u00e9kek gy\u00e1rt\u00e1sa az egyik tev\u00e9kenys\u00e9gi [&hellip;]","og_url":"https:\/\/tornyos.eu\/en\/ginop-plusz-1-2-3-21-2022-03037\/","og_site_name":"Tornyos P\u00e9ks\u00e9g","article_publisher":"https:\/\/www.facebook.com\/tornyos","article_modified_time":"2026-02-10T10:03:04+00:00","og_image":[{"width":1245,"height":719,"url":"https:\/\/tornyos.eu\/wp-content\/uploads\/2024\/10\/tornyos-megosztasi-kep-2.jpg","type":"image\/jpeg"}],"twitter_card":"summary_large_image","twitter_misc":{"Est. reading time":"1 minute"},"schema":{"@context":"https:\/\/schema.org","@graph":[{"@type":"WebPage","@id":"https:\/\/tornyos.eu\/en\/ginop-plusz-1-2-3-21-2022-03037\/","url":"https:\/\/tornyos.eu\/en\/ginop-plusz-1-2-3-21-2022-03037\/","name":"GINOP_PLUSZ-1.2.3-21-2022-03037 - Tornyos P\u00e9ks\u00e9g","isPartOf":{"@id":"https:\/\/tornyos.eu\/en\/#website"},"primaryImageOfPage":{"@id":"https:\/\/tornyos.eu\/en\/ginop-plusz-1-2-3-21-2022-03037\/#primaryimage"},"image":{"@id":"https:\/\/tornyos.eu\/en\/ginop-plusz-1-2-3-21-2022-03037\/#primaryimage"},"thumbnailUrl":"https:\/\/tornyos.eu\/wp-content\/uploads\/2024\/10\/tornyos-megosztasi-kep-2.jpg","datePublished":"2024-11-04T12:30:11+00:00","dateModified":"2026-02-10T10:03:04+00:00","breadcrumb":{"@id":"https:\/\/tornyos.eu\/en\/ginop-plusz-1-2-3-21-2022-03037\/#breadcrumb"},"inLanguage":"en-US","potentialAction":[{"@type":"ReadAction","target":["https:\/\/tornyos.eu\/en\/ginop-plusz-1-2-3-21-2022-03037\/"]}]},{"@type":"ImageObject","inLanguage":"en-US","@id":"https:\/\/tornyos.eu\/en\/ginop-plusz-1-2-3-21-2022-03037\/#primaryimage","url":"https:\/\/tornyos.eu\/wp-content\/uploads\/2024\/10\/tornyos-megosztasi-kep-2.jpg","contentUrl":"https:\/\/tornyos.eu\/wp-content\/uploads\/2024\/10\/tornyos-megosztasi-kep-2.jpg","width":1245,"height":719,"caption":"Tornyos"},{"@type":"BreadcrumbList","@id":"https:\/\/tornyos.eu\/en\/ginop-plusz-1-2-3-21-2022-03037\/#breadcrumb","itemListElement":[{"@type":"ListItem","position":1,"name":"Kezd\u0151lap","item":"https:\/\/tornyos.eu\/en\/"},{"@type":"ListItem","position":2,"name":"GINOP_PLUSZ-1.2.3-21-2022-03037"}]},{"@type":"WebSite","@id":"https:\/\/tornyos.eu\/en\/#website","url":"https:\/\/tornyos.eu\/en\/","name":"Tornyos P\u00e9ks\u00e9g","description":"Tele pocak, boldog pocak!","publisher":{"@id":"https:\/\/tornyos.eu\/en\/#organization"},"potentialAction":[{"@type":"SearchAction","target":{"@type":"EntryPoint","urlTemplate":"https:\/\/tornyos.eu\/en\/?s={search_term_string}"},"query-input":{"@type":"PropertyValueSpecification","valueRequired":true,"valueName":"search_term_string"}}],"inLanguage":"en-US"},{"@type":"Organization","@id":"https:\/\/tornyos.eu\/en\/#organization","name":"Tornyos P\u00e9ks\u00e9g","url":"https:\/\/tornyos.eu\/en\/","logo":{"@type":"ImageObject","inLanguage":"en-US","@id":"https:\/\/tornyos.eu\/en\/#\/schema\/logo\/image\/","url":"https:\/\/tornyos.eu\/wp-content\/uploads\/2024\/08\/tornyos-color1.svg","contentUrl":"https:\/\/tornyos.eu\/wp-content\/uploads\/2024\/08\/tornyos-color1.svg","width":770,"height":134,"caption":"Tornyos P\u00e9ks\u00e9g"},"image":{"@id":"https:\/\/tornyos.eu\/en\/#\/schema\/logo\/image\/"},"sameAs":["https:\/\/www.facebook.com\/tornyos","https:\/\/www.instagram.com\/tornyospekseg\/","https:\/\/www.youtube.com\/@tornyospeksegcukraszda8788"]}]}},"_links":{"self":[{"href":"https:\/\/tornyos.eu\/en\/wp-json\/wp\/v2\/pages\/3445","targetHints":{"allow":["GET"]}}],"collection":[{"href":"https:\/\/tornyos.eu\/en\/wp-json\/wp\/v2\/pages"}],"about":[{"href":"https:\/\/tornyos.eu\/en\/wp-json\/wp\/v2\/types\/page"}],"author":[{"embeddable":true,"href":"https:\/\/tornyos.eu\/en\/wp-json\/wp\/v2\/users\/3"}],"replies":[{"embeddable":true,"href":"https:\/\/tornyos.eu\/en\/wp-json\/wp\/v2\/comments?post=3445"}],"version-history":[{"count":8,"href":"https:\/\/tornyos.eu\/en\/wp-json\/wp\/v2\/pages\/3445\/revisions"}],"predecessor-version":[{"id":5815,"href":"https:\/\/tornyos.eu\/en\/wp-json\/wp\/v2\/pages\/3445\/revisions\/5815"}],"wp:featuredmedia":[{"embeddable":true,"href":"https:\/\/tornyos.eu\/en\/wp-json\/wp\/v2\/media\/3133"}],"wp:attachment":[{"href":"https:\/\/tornyos.eu\/en\/wp-json\/wp\/v2\/media?parent=3445"}],"curies":[{"name":"wp","href":"https:\/\/api.w.org\/{rel}","templated":true}]}}