{"id":3642,"date":"2024-10-09T15:55:34","date_gmt":"2024-10-09T13:55:34","guid":{"rendered":"https:\/\/tornyos.eu\/termek\/tornyos-puncs-szelet\/"},"modified":"2025-02-14T10:03:06","modified_gmt":"2025-02-14T09:03:06","slug":"tornyos-punschschnitte","status":"publish","type":"product","link":"https:\/\/tornyos.eu\/de\/produkt\/tornyos-punschschnitte\/","title":{"rendered":"Tornyos Punschschnitte"},"content":{"rendered":"","protected":false},"excerpt":{"rendered":"<p><!-- wp:heading {\"level\":3} --><\/p>\n<h3 class=\"wp-block-heading\">Durchschnittliche N\u00e4hrwerte<\/h3>\n<p><!-- \/wp:heading --><\/p>\n<p><!-- wp:table --><\/p>\n<figure class=\"wp-block-table\">\n<table class=\"has-fixed-layout\">\n<tbody>\n<tr>\n<td>Energie:<\/td>\n<td>1642 kJ \/ 393 kcal<\/td>\n<\/tr>\n<tr>\n<td>Fett:<\/td>\n<td>\u00a015,92 g<\/td>\n<\/tr>\n<tr>\n<td>davon ges\u00e4ttigte Fetts\u00e4uren:<\/td>\n<td>9,1 g<\/td>\n<\/tr>\n<tr>\n<td>Kohlenhydrate:<\/td>\n<td>54,08 g<\/td>\n<\/tr>\n<tr>\n<td>davon Zucker:<\/td>\n<td>23,17 g<\/td>\n<\/tr>\n<tr>\n<td>Eiwei\u00df:<\/td>\n<td>6,64 g<\/td>\n<\/tr>\n<tr>\n<td>Salz:<\/td>\n<td>0,34 g<\/td>\n<\/tr>\n<\/tbody>\n<\/table><figcaption><\/figcaption><figcaption class=\"wp-element-caption\"><\/figcaption><\/figure>\n<p><!-- \/wp:table --><\/p>\n<p><!-- wp:separator --><!-- \/wp:paragraph --><\/p>\n<p><!-- wp:separator --><\/p>\n<hr class=\"wp-block-separator has-alpha-channel-opacity\" \/>\n<p><!-- \/wp:separator --><\/p>\n<p><!-- wp:heading {\"level\":3} --><\/p>\n<h3 class=\"wp-block-heading\">Zutaten<\/h3>\n<p><!-- \/wp:heading --><\/p>\n<p><!-- wp:paragraph --><\/p>\n<p>S\u00fc\u00dfer Krumen (Weizenmehl, Zucker, Palmfett, Wasser), Margarine (raffinierte pflanzliche \u00d6le und Fette: Kokos, Sonnenblume, Palm, Raps in unterschiedlichem Anteil, Wasser, Emulgator: Mono- und Diglyceride von Speisefetts\u00e4uren, Salz, Konservierungsstoffe: Sorbins\u00e4ure und Kaliumsorbat, S\u00e4ureregulator: Zitronens\u00e4ure, Aroma, Farbstoff: Carotin), Fruchtmarmelade (Apfelp\u00fcree, Glukose-Fruktose-Sirup, Geliermittel: Pektin, S\u00e4uerungsmittel: Zitronens\u00e4ure, Konservierungsstoff: Kaliumsorbat, Aroma, Antioxidationsmittel: Ascorbins\u00e4ure, f\u00e4rbendes Lebensmittel: Rote Bete und K\u00fcrbis), Weizenmehl, Ei, Zucker, Wasser, wei\u00dfe \u00dcberzugsmasse (Zucker, teilweise geh\u00e4rtetes pflanzliches Fett: Palmkern, S\u00fc\u00dfmolkenpulver, Magermilchpulver, Emulgator: Sojalecithin, Aroma), Zusatzstoff (Dextrose, Weizenst\u00e4rke, Molkenpulver, Backtriebmittel: E500; E336 und E450, Emulgatoren: E472b und E477, Sojamehl, Glukosesirup, Magermilchpulver, Salz, Konservierungsstoff: E282, Geliermittel: E450; E339 und E516, S\u00e4ure: E330, Verdickungsmittel: E401, Aroma), Kakaopulver, Aprikosenf\u00fcllung (Glukose-Fruktose-Sirup, Apfelp\u00fcree, Zucker, Aprikosenp\u00fcree, modifizierte St\u00e4rke: E1442, Verdickungsmittel: E460 und E415, S\u00e4ure: E330, Aroma, Konservierungsstoff: E202, Schwarzm\u00f6hrenkonzentrat, Farbstoff: E160a, Wasser), Vollmilchpulver, Rum-Aroma (nat\u00fcrliche Aromen, Wasser, Tr\u00e4ger: E1520, Rum, Karamellsirup, Verdickungsmittel: E413), Speise\u00f6l, Punsch-Aroma (nat\u00fcrliche Aromen, Raucharomen, Ethylalkohol, Tr\u00e4ger: Propylenglykol, Wasser, Antioxidationsmittel: BHA und Ascorbins\u00e4ure).<\/p>\n<p><!-- wp:separator --><\/p>\n<hr class=\"wp-block-separator has-alpha-channel-opacity\" \/>\n<p><!-- \/wp:separator --><\/p>\n<h3 class=\"wp-block-heading\">Allergeninformationen, GVO-Information<\/h3>\n<p><!-- \/wp:heading --><\/p>\n<p><!-- wp:paragraph --><\/p>\n<p>Enth\u00e4lt: Gluten, Soja, Milch, Ei. Kann Spuren von Schalenfr\u00fcchten, Erdn\u00fcssen, Lupinen und Sesamsamen enthalten.<br \/>\nBei der Herstellung dieses Lebensmittels werden keine genetisch ver\u00e4nderten Organismen oder Stoffe eingesetzt.<\/p>\n<p><!-- \/wp:paragraph --><\/p>\n<p><!-- wp:separator --><\/p>\n<hr class=\"wp-block-separator has-alpha-channel-opacity\" \/>\n<p><!-- \/wp:separator --><\/p>\n<p><!-- wp:heading {\"level\":3} --><\/p>\n<h3 class=\"wp-block-heading\">Lagerung<\/h3>\n<p><!-- \/wp:heading --><\/p>\n<p><!-- wp:paragraph --><\/p>\n<p>0-5 \u00b0C<\/p>\n<p><!-- \/wp:paragraph --><\/p>\n<p><!-- wp:separator --><\/p>\n<p><!-- wp:separator --><\/p>\n<hr class=\"wp-block-separator has-alpha-channel-opacity\" \/>\n<p><!-- \/wp:separator --><\/p>\n<h3 class=\"wp-block-heading\">Logistische Daten<\/h3>\n<p><!-- \/wp:heading --><\/p>\n<p><!-- wp:table --><\/p>\n<figure class=\"wp-block-table\">\n<table class=\"has-fixed-layout\">\n<tbody>\n<tr>\n<td><strong>Nettoinhalt<\/strong><\/td>\n<td>270 g<\/td>\n<\/tr>\n<tr>\n<td>\n<p class=\"wp-block-heading\"><strong>Haltbarkeit <\/strong><\/p>\n<\/td>\n<td>11 Tage<\/td>\n<\/tr>\n<tr>\n<td>\n<p class=\"wp-block-heading\"><strong>St\u00fcck \/ Packung<\/strong><\/p>\n<\/td>\n<td><\/td>\n<\/tr>\n<tr>\n<td><strong>Packungen \/ Karton<\/strong><\/td>\n<td>8<\/td>\n<\/tr>\n<tr>\n<td><strong>Kartons \/ Palette<\/strong><\/td>\n<td>100<\/td>\n<\/tr>\n<tr>\n<td><strong>Ca. Abmessungen<\/strong><\/td>\n<td><\/td>\n<\/tr>\n<\/tbody>\n<\/table>\n<\/figure>\n<p><!-- \/wp:paragraph --><\/p>\n","protected":false},"featured_media":1905,"comment_status":"closed","ping_status":"closed","template":"","meta":[],"product_brand":[],"product_cat":[74],"product_tag":[],"class_list":{"0":"post-3642","1":"product","2":"type-product","3":"status-publish","4":"has-post-thumbnail","6":"product_cat-konditoreiprodukte","8":"first","9":"instock","10":"shipping-taxable","11":"product-type-simple"},"yoast_head":"<!-- This site is optimized with the Yoast SEO plugin v27.0 - https:\/\/yoast.com\/product\/yoast-seo-wordpress\/ -->\n<title>Tornyos Punschschnitte - Tornyos P\u00e9ks\u00e9g<\/title>\n<meta name=\"robots\" content=\"index, follow, max-snippet:-1, max-image-preview:large, max-video-preview:-1\" \/>\n<link rel=\"canonical\" href=\"https:\/\/tornyos.eu\/de\/produkt\/tornyos-punschschnitte\/\" \/>\n<meta property=\"og:locale\" content=\"de_DE\" \/>\n<meta property=\"og:type\" content=\"article\" \/>\n<meta property=\"og:title\" content=\"Tornyos Punschschnitte - Tornyos P\u00e9ks\u00e9g\" \/>\n<meta property=\"og:description\" content=\"Durchschnittliche N\u00e4hrwerte        Energie: 1642 kJ \/ 393 kcal   Fett: \u00a015,92 g   davon ges\u00e4ttigte Fetts\u00e4uren: 9,1 g   Kohlenhydrate: 54,08 g   davon Zucker: 23,17 g   Eiwei\u00df: 6,64 g   Salz: 0,34 g                Zutaten     S\u00fc\u00dfer Krumen (Weizenmehl, Zucker, Palmfett, Wasser), Margarine (raffinierte pflanzliche \u00d6le und Fette: Kokos, Sonnenblume, Palm, Raps in unterschiedlichem Anteil, Wasser, Emulgator: Mono- und Diglyceride von Speisefetts\u00e4uren, Salz, Konservierungsstoffe: Sorbins\u00e4ure und Kaliumsorbat, S\u00e4ureregulator: Zitronens\u00e4ure, Aroma, Farbstoff: Carotin), Fruchtmarmelade (Apfelp\u00fcree, Glukose-Fruktose-Sirup, Geliermittel: Pektin, S\u00e4uerungsmittel: Zitronens\u00e4ure, Konservierungsstoff: Kaliumsorbat, Aroma, Antioxidationsmittel: Ascorbins\u00e4ure, f\u00e4rbendes Lebensmittel: Rote Bete und K\u00fcrbis), Weizenmehl, Ei, Zucker, Wasser, wei\u00dfe \u00dcberzugsmasse (Zucker, teilweise geh\u00e4rtetes pflanzliches Fett: Palmkern, S\u00fc\u00dfmolkenpulver, Magermilchpulver, Emulgator: Sojalecithin, Aroma), Zusatzstoff (Dextrose, Weizenst\u00e4rke, Molkenpulver, Backtriebmittel: E500; E336 und E450, Emulgatoren: E472b und E477, Sojamehl, Glukosesirup, Magermilchpulver, Salz, Konservierungsstoff: E282, Geliermittel: E450; E339 und E516, S\u00e4ure: E330, Verdickungsmittel: E401, Aroma), Kakaopulver, Aprikosenf\u00fcllung (Glukose-Fruktose-Sirup, Apfelp\u00fcree, Zucker, Aprikosenp\u00fcree, modifizierte St\u00e4rke: E1442, Verdickungsmittel: E460 und E415, S\u00e4ure: E330, Aroma, Konservierungsstoff: E202, Schwarzm\u00f6hrenkonzentrat, Farbstoff: E160a, Wasser), Vollmilchpulver, Rum-Aroma (nat\u00fcrliche Aromen, Wasser, Tr\u00e4ger: E1520, Rum, Karamellsirup, Verdickungsmittel: E413), Speise\u00f6l, Punsch-Aroma (nat\u00fcrliche Aromen, Raucharomen, Ethylalkohol, Tr\u00e4ger: Propylenglykol, Wasser, Antioxidationsmittel: BHA und Ascorbins\u00e4ure).       Allergeninformationen, GVO-Information     Enth\u00e4lt: Gluten, Soja, Milch, Ei. Kann Spuren von Schalenfr\u00fcchten, Erdn\u00fcssen, Lupinen und Sesamsamen enthalten. Bei der Herstellung dieses Lebensmittels werden keine genetisch ver\u00e4nderten Organismen oder Stoffe eingesetzt.           Lagerung     0-5 \u00b0C           Logistische Daten        Nettoinhalt 270 g    Haltbarkeit   11 Tage    St\u00fcck \/ Packung     Packungen \/ Karton 8   Kartons \/ Palette 100   Ca. Abmessungen\" \/>\n<meta property=\"og:url\" content=\"https:\/\/tornyos.eu\/de\/produkt\/tornyos-punschschnitte\/\" \/>\n<meta property=\"og:site_name\" content=\"Tornyos P\u00e9ks\u00e9g\" \/>\n<meta property=\"article:publisher\" content=\"https:\/\/www.facebook.com\/tornyos\" \/>\n<meta property=\"article:modified_time\" content=\"2025-02-14T09:03:06+00:00\" \/>\n<meta property=\"og:image\" content=\"https:\/\/tornyos.eu\/wp-content\/uploads\/2024\/10\/tornyos-puncs-szelet-3.jpg\" \/>\n\t<meta property=\"og:image:width\" content=\"1500\" \/>\n\t<meta property=\"og:image:height\" content=\"1500\" \/>\n\t<meta property=\"og:image:type\" content=\"image\/jpeg\" \/>\n<meta name=\"twitter:card\" content=\"summary_large_image\" \/>\n<meta name=\"twitter:label1\" content=\"Gesch\u00e4tzte Lesezeit\" \/>\n\t<meta name=\"twitter:data1\" content=\"1\u00a0Minute\" \/>\n<script type=\"application\/ld+json\" class=\"yoast-schema-graph\">{\"@context\":\"https:\/\/schema.org\",\"@graph\":[{\"@type\":\"WebPage\",\"@id\":\"https:\/\/tornyos.eu\/de\/produkt\/tornyos-punschschnitte\/\",\"url\":\"https:\/\/tornyos.eu\/de\/produkt\/tornyos-punschschnitte\/\",\"name\":\"Tornyos Punschschnitte - Tornyos P\u00e9ks\u00e9g\",\"isPartOf\":{\"@id\":\"https:\/\/tornyos.eu\/de\/#website\"},\"primaryImageOfPage\":{\"@id\":\"https:\/\/tornyos.eu\/de\/produkt\/tornyos-punschschnitte\/#primaryimage\"},\"image\":{\"@id\":\"https:\/\/tornyos.eu\/de\/produkt\/tornyos-punschschnitte\/#primaryimage\"},\"thumbnailUrl\":\"https:\/\/tornyos.eu\/wp-content\/uploads\/2024\/10\/tornyos-puncs-szelet-3.jpg\",\"datePublished\":\"2024-10-09T13:55:34+00:00\",\"dateModified\":\"2025-02-14T09:03:06+00:00\",\"breadcrumb\":{\"@id\":\"https:\/\/tornyos.eu\/de\/produkt\/tornyos-punschschnitte\/#breadcrumb\"},\"inLanguage\":\"de\",\"potentialAction\":[{\"@type\":\"ReadAction\",\"target\":[\"https:\/\/tornyos.eu\/de\/produkt\/tornyos-punschschnitte\/\"]}]},{\"@type\":\"ImageObject\",\"inLanguage\":\"de\",\"@id\":\"https:\/\/tornyos.eu\/de\/produkt\/tornyos-punschschnitte\/#primaryimage\",\"url\":\"https:\/\/tornyos.eu\/wp-content\/uploads\/2024\/10\/tornyos-puncs-szelet-3.jpg\",\"contentUrl\":\"https:\/\/tornyos.eu\/wp-content\/uploads\/2024\/10\/tornyos-puncs-szelet-3.jpg\",\"width\":1500,\"height\":1500},{\"@type\":\"BreadcrumbList\",\"@id\":\"https:\/\/tornyos.eu\/de\/produkt\/tornyos-punschschnitte\/#breadcrumb\",\"itemListElement\":[{\"@type\":\"ListItem\",\"position\":1,\"name\":\"Kezd\u0151lap\",\"item\":\"https:\/\/tornyos.eu\/de\/\"},{\"@type\":\"ListItem\",\"position\":2,\"name\":\"Produkte\",\"item\":\"https:\/\/tornyos.eu\/de\/shop\/\"},{\"@type\":\"ListItem\",\"position\":3,\"name\":\"Tornyos Punschschnitte\"}]},{\"@type\":\"WebSite\",\"@id\":\"https:\/\/tornyos.eu\/de\/#website\",\"url\":\"https:\/\/tornyos.eu\/de\/\",\"name\":\"Tornyos P\u00e9ks\u00e9g\",\"description\":\"Tele pocak, boldog pocak!\",\"publisher\":{\"@id\":\"https:\/\/tornyos.eu\/de\/#organization\"},\"potentialAction\":[{\"@type\":\"SearchAction\",\"target\":{\"@type\":\"EntryPoint\",\"urlTemplate\":\"https:\/\/tornyos.eu\/de\/?s={search_term_string}\"},\"query-input\":{\"@type\":\"PropertyValueSpecification\",\"valueRequired\":true,\"valueName\":\"search_term_string\"}}],\"inLanguage\":\"de\"},{\"@type\":\"Organization\",\"@id\":\"https:\/\/tornyos.eu\/de\/#organization\",\"name\":\"Tornyos P\u00e9ks\u00e9g\",\"url\":\"https:\/\/tornyos.eu\/de\/\",\"logo\":{\"@type\":\"ImageObject\",\"inLanguage\":\"de\",\"@id\":\"https:\/\/tornyos.eu\/de\/#\/schema\/logo\/image\/\",\"url\":\"https:\/\/tornyos.eu\/wp-content\/uploads\/2024\/08\/tornyos-color1.svg\",\"contentUrl\":\"https:\/\/tornyos.eu\/wp-content\/uploads\/2024\/08\/tornyos-color1.svg\",\"width\":770,\"height\":134,\"caption\":\"Tornyos P\u00e9ks\u00e9g\"},\"image\":{\"@id\":\"https:\/\/tornyos.eu\/de\/#\/schema\/logo\/image\/\"},\"sameAs\":[\"https:\/\/www.facebook.com\/tornyos\",\"https:\/\/www.instagram.com\/tornyospekseg\/\",\"https:\/\/www.youtube.com\/@tornyospeksegcukraszda8788\"]}]}<\/script>\n<!-- \/ Yoast SEO plugin. -->","yoast_head_json":{"title":"Tornyos Punschschnitte - Tornyos P\u00e9ks\u00e9g","robots":{"index":"index","follow":"follow","max-snippet":"max-snippet:-1","max-image-preview":"max-image-preview:large","max-video-preview":"max-video-preview:-1"},"canonical":"https:\/\/tornyos.eu\/de\/produkt\/tornyos-punschschnitte\/","og_locale":"de_DE","og_type":"article","og_title":"Tornyos Punschschnitte - Tornyos P\u00e9ks\u00e9g","og_description":"Durchschnittliche N\u00e4hrwerte        Energie: 1642 kJ \/ 393 kcal   Fett: \u00a015,92 g   davon ges\u00e4ttigte Fetts\u00e4uren: 9,1 g   Kohlenhydrate: 54,08 g   davon Zucker: 23,17 g   Eiwei\u00df: 6,64 g   Salz: 0,34 g                Zutaten     S\u00fc\u00dfer Krumen (Weizenmehl, Zucker, Palmfett, Wasser), Margarine (raffinierte pflanzliche \u00d6le und Fette: Kokos, Sonnenblume, Palm, Raps in unterschiedlichem Anteil, Wasser, Emulgator: Mono- und Diglyceride von Speisefetts\u00e4uren, Salz, Konservierungsstoffe: Sorbins\u00e4ure und Kaliumsorbat, S\u00e4ureregulator: Zitronens\u00e4ure, Aroma, Farbstoff: Carotin), Fruchtmarmelade (Apfelp\u00fcree, Glukose-Fruktose-Sirup, Geliermittel: Pektin, S\u00e4uerungsmittel: Zitronens\u00e4ure, Konservierungsstoff: Kaliumsorbat, Aroma, Antioxidationsmittel: Ascorbins\u00e4ure, f\u00e4rbendes Lebensmittel: Rote Bete und K\u00fcrbis), Weizenmehl, Ei, Zucker, Wasser, wei\u00dfe \u00dcberzugsmasse (Zucker, teilweise geh\u00e4rtetes pflanzliches Fett: Palmkern, S\u00fc\u00dfmolkenpulver, Magermilchpulver, Emulgator: Sojalecithin, Aroma), Zusatzstoff (Dextrose, Weizenst\u00e4rke, Molkenpulver, Backtriebmittel: E500; E336 und E450, Emulgatoren: E472b und E477, Sojamehl, Glukosesirup, Magermilchpulver, Salz, Konservierungsstoff: E282, Geliermittel: E450; E339 und E516, S\u00e4ure: E330, Verdickungsmittel: E401, Aroma), Kakaopulver, Aprikosenf\u00fcllung (Glukose-Fruktose-Sirup, Apfelp\u00fcree, Zucker, Aprikosenp\u00fcree, modifizierte St\u00e4rke: E1442, Verdickungsmittel: E460 und E415, S\u00e4ure: E330, Aroma, Konservierungsstoff: E202, Schwarzm\u00f6hrenkonzentrat, Farbstoff: E160a, Wasser), Vollmilchpulver, Rum-Aroma (nat\u00fcrliche Aromen, Wasser, Tr\u00e4ger: E1520, Rum, Karamellsirup, Verdickungsmittel: E413), Speise\u00f6l, Punsch-Aroma (nat\u00fcrliche Aromen, Raucharomen, Ethylalkohol, Tr\u00e4ger: Propylenglykol, Wasser, Antioxidationsmittel: BHA und Ascorbins\u00e4ure).       Allergeninformationen, GVO-Information     Enth\u00e4lt: Gluten, Soja, Milch, Ei. Kann Spuren von Schalenfr\u00fcchten, Erdn\u00fcssen, Lupinen und Sesamsamen enthalten. Bei der Herstellung dieses Lebensmittels werden keine genetisch ver\u00e4nderten Organismen oder Stoffe eingesetzt.           Lagerung     0-5 \u00b0C           Logistische Daten        Nettoinhalt 270 g    Haltbarkeit   11 Tage    St\u00fcck \/ Packung     Packungen \/ Karton 8   Kartons \/ Palette 100   Ca. Abmessungen","og_url":"https:\/\/tornyos.eu\/de\/produkt\/tornyos-punschschnitte\/","og_site_name":"Tornyos P\u00e9ks\u00e9g","article_publisher":"https:\/\/www.facebook.com\/tornyos","article_modified_time":"2025-02-14T09:03:06+00:00","og_image":[{"width":1500,"height":1500,"url":"https:\/\/tornyos.eu\/wp-content\/uploads\/2024\/10\/tornyos-puncs-szelet-3.jpg","type":"image\/jpeg"}],"twitter_card":"summary_large_image","twitter_misc":{"Gesch\u00e4tzte Lesezeit":"1\u00a0Minute"},"schema":{"@context":"https:\/\/schema.org","@graph":[{"@type":"WebPage","@id":"https:\/\/tornyos.eu\/de\/produkt\/tornyos-punschschnitte\/","url":"https:\/\/tornyos.eu\/de\/produkt\/tornyos-punschschnitte\/","name":"Tornyos Punschschnitte - Tornyos P\u00e9ks\u00e9g","isPartOf":{"@id":"https:\/\/tornyos.eu\/de\/#website"},"primaryImageOfPage":{"@id":"https:\/\/tornyos.eu\/de\/produkt\/tornyos-punschschnitte\/#primaryimage"},"image":{"@id":"https:\/\/tornyos.eu\/de\/produkt\/tornyos-punschschnitte\/#primaryimage"},"thumbnailUrl":"https:\/\/tornyos.eu\/wp-content\/uploads\/2024\/10\/tornyos-puncs-szelet-3.jpg","datePublished":"2024-10-09T13:55:34+00:00","dateModified":"2025-02-14T09:03:06+00:00","breadcrumb":{"@id":"https:\/\/tornyos.eu\/de\/produkt\/tornyos-punschschnitte\/#breadcrumb"},"inLanguage":"de","potentialAction":[{"@type":"ReadAction","target":["https:\/\/tornyos.eu\/de\/produkt\/tornyos-punschschnitte\/"]}]},{"@type":"ImageObject","inLanguage":"de","@id":"https:\/\/tornyos.eu\/de\/produkt\/tornyos-punschschnitte\/#primaryimage","url":"https:\/\/tornyos.eu\/wp-content\/uploads\/2024\/10\/tornyos-puncs-szelet-3.jpg","contentUrl":"https:\/\/tornyos.eu\/wp-content\/uploads\/2024\/10\/tornyos-puncs-szelet-3.jpg","width":1500,"height":1500},{"@type":"BreadcrumbList","@id":"https:\/\/tornyos.eu\/de\/produkt\/tornyos-punschschnitte\/#breadcrumb","itemListElement":[{"@type":"ListItem","position":1,"name":"Kezd\u0151lap","item":"https:\/\/tornyos.eu\/de\/"},{"@type":"ListItem","position":2,"name":"Produkte","item":"https:\/\/tornyos.eu\/de\/shop\/"},{"@type":"ListItem","position":3,"name":"Tornyos Punschschnitte"}]},{"@type":"WebSite","@id":"https:\/\/tornyos.eu\/de\/#website","url":"https:\/\/tornyos.eu\/de\/","name":"Tornyos P\u00e9ks\u00e9g","description":"Tele pocak, boldog pocak!","publisher":{"@id":"https:\/\/tornyos.eu\/de\/#organization"},"potentialAction":[{"@type":"SearchAction","target":{"@type":"EntryPoint","urlTemplate":"https:\/\/tornyos.eu\/de\/?s={search_term_string}"},"query-input":{"@type":"PropertyValueSpecification","valueRequired":true,"valueName":"search_term_string"}}],"inLanguage":"de"},{"@type":"Organization","@id":"https:\/\/tornyos.eu\/de\/#organization","name":"Tornyos P\u00e9ks\u00e9g","url":"https:\/\/tornyos.eu\/de\/","logo":{"@type":"ImageObject","inLanguage":"de","@id":"https:\/\/tornyos.eu\/de\/#\/schema\/logo\/image\/","url":"https:\/\/tornyos.eu\/wp-content\/uploads\/2024\/08\/tornyos-color1.svg","contentUrl":"https:\/\/tornyos.eu\/wp-content\/uploads\/2024\/08\/tornyos-color1.svg","width":770,"height":134,"caption":"Tornyos P\u00e9ks\u00e9g"},"image":{"@id":"https:\/\/tornyos.eu\/de\/#\/schema\/logo\/image\/"},"sameAs":["https:\/\/www.facebook.com\/tornyos","https:\/\/www.instagram.com\/tornyospekseg\/","https:\/\/www.youtube.com\/@tornyospeksegcukraszda8788"]}]}},"_links":{"self":[{"href":"https:\/\/tornyos.eu\/de\/wp-json\/wp\/v2\/product\/3642","targetHints":{"allow":["GET"]}}],"collection":[{"href":"https:\/\/tornyos.eu\/de\/wp-json\/wp\/v2\/product"}],"about":[{"href":"https:\/\/tornyos.eu\/de\/wp-json\/wp\/v2\/types\/product"}],"replies":[{"embeddable":true,"href":"https:\/\/tornyos.eu\/de\/wp-json\/wp\/v2\/comments?post=3642"}],"wp:featuredmedia":[{"embeddable":true,"href":"https:\/\/tornyos.eu\/de\/wp-json\/wp\/v2\/media\/1905"}],"wp:attachment":[{"href":"https:\/\/tornyos.eu\/de\/wp-json\/wp\/v2\/media?parent=3642"}],"wp:term":[{"taxonomy":"product_brand","embeddable":true,"href":"https:\/\/tornyos.eu\/de\/wp-json\/wp\/v2\/product_brand?post=3642"},{"taxonomy":"product_cat","embeddable":true,"href":"https:\/\/tornyos.eu\/de\/wp-json\/wp\/v2\/product_cat?post=3642"},{"taxonomy":"product_tag","embeddable":true,"href":"https:\/\/tornyos.eu\/de\/wp-json\/wp\/v2\/product_tag?post=3642"}],"curies":[{"name":"wp","href":"https:\/\/api.w.org\/{rel}","templated":true}]}}