{"id":3604,"date":"2024-10-10T09:52:51","date_gmt":"2024-10-10T07:52:51","guid":{"rendered":"https:\/\/tornyos.eu\/termek\/tornyos-kremeslap\/"},"modified":"2025-02-14T11:15:33","modified_gmt":"2025-02-14T10:15:33","slug":"tornyos-blaetterteig","status":"publish","type":"product","link":"https:\/\/tornyos.eu\/de\/produkt\/tornyos-blaetterteig\/","title":{"rendered":"Tornyos Bl\u00e4tterteig"},"content":{"rendered":"","protected":false},"excerpt":{"rendered":"<h3 class=\"wp-block-heading\">Durchschnittliche N\u00e4hrwerte<\/h3>\n<p><!-- \/wp:heading --><\/p>\n<p><!-- wp:table --><\/p>\n<figure class=\"wp-block-table\">\n<table class=\"has-fixed-layout\">\n<tbody>\n<tr>\n<td>Energie:<\/td>\n<td>2127kJ \/ 508 kcal<\/td>\n<\/tr>\n<tr>\n<td>Fett:<\/td>\n<td>\u00a022,07 g<\/td>\n<\/tr>\n<tr>\n<td>davon ges\u00e4ttigte Fetts\u00e4uren:<\/td>\n<td>11,7 g<\/td>\n<\/tr>\n<tr>\n<td>Kohlenhydrate:<\/td>\n<td>37,2 g<\/td>\n<\/tr>\n<tr>\n<td>davon Zucker:<\/td>\n<td>2,2 g<\/td>\n<\/tr>\n<tr>\n<td>Eiwei\u00df:<\/td>\n<td>4,7 g<\/td>\n<\/tr>\n<tr>\n<td>Salz:<\/td>\n<td>0,3 g<\/td>\n<\/tr>\n<\/tbody>\n<\/table><figcaption><\/figcaption><figcaption class=\"wp-element-caption\"><\/figcaption><\/figure>\n<p><!-- \/wp:table --><\/p>\n<p><!-- wp:separator --><!-- \/wp:paragraph --><\/p>\n<p><!-- wp:separator --><\/p>\n<hr class=\"wp-block-separator has-alpha-channel-opacity\" \/>\n<p><!-- \/wp:separator --><\/p>\n<p><!-- wp:heading {\"level\":3} --><\/p>\n<h3 class=\"wp-block-heading\">Zutaten<\/h3>\n<p><!-- \/wp:heading --><\/p>\n<p><!-- wp:paragraph --><\/p>\n<p>Weizenmehl, Wasser, Margarine (pflanzliche \u00d6le (Palm, Sonnenblume, Raps), Wasser, Salz, Emulgator E471, Antioxidationsmittel (E330, E320, E310), Konservierungsstoff E202, Butteraroma, Farbstoff E160a), Zucker, Vanillezucker, Emulgator E472e, Enzym Alpha-Amylase, Salz.<\/p>\n<p><!-- wp:separator --><\/p>\n<hr class=\"wp-block-separator has-alpha-channel-opacity\" \/>\n<p><!-- \/wp:separator --><\/p>\n<h3 class=\"wp-block-heading\">Allergeninformationen, GVO-Information<\/h3>\n<p><!-- \/wp:heading --><\/p>\n<p><!-- wp:paragraph --><\/p>\n<p>Enth\u00e4lt: Gluten. Kann Spuren von Milch, Ei, Waln\u00fcssen, Sesamsamen und Soja enthalten.<br \/>\nDas Produkt wird aus GVO-freien Zutaten hergestellt; das Lebensmittel wird nicht mit ionisierenden Strahlen behandelt.<\/p>\n<p><!-- \/wp:paragraph --><\/p>\n<p><!-- wp:separator --><\/p>\n<hr class=\"wp-block-separator has-alpha-channel-opacity\" \/>\n<p><!-- \/wp:separator --><\/p>\n<p><!-- wp:heading {\"level\":3} --><\/p>\n<h3 class=\"wp-block-heading\">Lagerung<\/h3>\n<p><!-- \/wp:heading --><\/p>\n<p><!-- wp:paragraph --><\/p>\n<p>K\u00fchl und trocken lagern<\/p>\n<p><!-- \/wp:paragraph --><\/p>\n<p><!-- wp:separator --><\/p>\n<p><!-- wp:separator --><\/p>\n<hr class=\"wp-block-separator has-alpha-channel-opacity\" \/>\n<p><!-- \/wp:separator --><\/p>\n<h3 class=\"wp-block-heading\">Logistische Daten<\/h3>\n<table class=\"has-fixed-layout\">\n<tbody>\n<tr>\n<td><strong>Nettoinhalt<\/strong><\/td>\n<td>400 g<\/td>\n<\/tr>\n<tr>\n<td>\n<p class=\"wp-block-heading\"><strong>Haltbarkeit <\/strong><\/p>\n<\/td>\n<td>270 Tage<\/td>\n<\/tr>\n<tr>\n<td>\n<p class=\"wp-block-heading\"><strong>St\u00fcck \/ Packung<\/strong><\/p>\n<\/td>\n<td>2<\/td>\n<\/tr>\n<tr>\n<td><strong>Packungen \/ Karton<\/strong><\/td>\n<td>10<\/td>\n<\/tr>\n<tr>\n<td><strong>Kartons \/ Palette<\/strong><\/td>\n<td>40<\/td>\n<\/tr>\n<tr>\n<td><strong>Ca. Abmessungen<\/strong><\/td>\n<td>390&#215;290 mm<\/td>\n<\/tr>\n<\/tbody>\n<\/table>\n","protected":false},"featured_media":1843,"comment_status":"closed","ping_status":"closed","template":"","meta":[],"product_brand":[],"product_cat":[81],"product_tag":[],"class_list":{"0":"post-3604","1":"product","2":"type-product","3":"status-publish","4":"has-post-thumbnail","6":"product_cat-konditorei-halbfertigprodukte","8":"first","9":"instock","10":"shipping-taxable","11":"product-type-simple"},"yoast_head":"<!-- This site is optimized with the Yoast SEO plugin v27.0 - https:\/\/yoast.com\/product\/yoast-seo-wordpress\/ -->\n<title>Tornyos Bl\u00e4tterteig - Tornyos P\u00e9ks\u00e9g<\/title>\n<meta name=\"robots\" content=\"index, follow, max-snippet:-1, max-image-preview:large, max-video-preview:-1\" \/>\n<link rel=\"canonical\" href=\"https:\/\/tornyos.eu\/de\/produkt\/tornyos-blaetterteig\/\" \/>\n<meta property=\"og:locale\" content=\"de_DE\" \/>\n<meta property=\"og:type\" content=\"article\" \/>\n<meta property=\"og:title\" content=\"Tornyos Bl\u00e4tterteig - Tornyos P\u00e9ks\u00e9g\" \/>\n<meta property=\"og:description\" content=\"Durchschnittliche N\u00e4hrwerte        Energie: 2127kJ \/ 508 kcal   Fett: \u00a022,07 g   davon ges\u00e4ttigte Fetts\u00e4uren: 11,7 g   Kohlenhydrate: 37,2 g   davon Zucker: 2,2 g   Eiwei\u00df: 4,7 g   Salz: 0,3 g                Zutaten     Weizenmehl, Wasser, Margarine (pflanzliche \u00d6le (Palm, Sonnenblume, Raps), Wasser, Salz, Emulgator E471, Antioxidationsmittel (E330, E320, E310), Konservierungsstoff E202, Butteraroma, Farbstoff E160a), Zucker, Vanillezucker, Emulgator E472e, Enzym Alpha-Amylase, Salz.       Allergeninformationen, GVO-Information     Enth\u00e4lt: Gluten. Kann Spuren von Milch, Ei, Waln\u00fcssen, Sesamsamen und Soja enthalten. Das Produkt wird aus GVO-freien Zutaten hergestellt; das Lebensmittel wird nicht mit ionisierenden Strahlen behandelt.           Lagerung     K\u00fchl und trocken lagern           Logistische Daten    Nettoinhalt 400 g    Haltbarkeit   270 Tage    St\u00fcck \/ Packung  2   Packungen \/ Karton 10   Kartons \/ Palette 40   Ca. Abmessungen 390x290 mm\" \/>\n<meta property=\"og:url\" content=\"https:\/\/tornyos.eu\/de\/produkt\/tornyos-blaetterteig\/\" \/>\n<meta property=\"og:site_name\" content=\"Tornyos P\u00e9ks\u00e9g\" \/>\n<meta property=\"article:publisher\" content=\"https:\/\/www.facebook.com\/tornyos\" \/>\n<meta property=\"article:modified_time\" content=\"2025-02-14T10:15:33+00:00\" \/>\n<meta property=\"og:image\" content=\"https:\/\/tornyos.eu\/wp-content\/uploads\/2024\/10\/tornyos-Kremeslap.jpg\" \/>\n\t<meta property=\"og:image:width\" content=\"1500\" \/>\n\t<meta property=\"og:image:height\" content=\"1500\" \/>\n\t<meta property=\"og:image:type\" content=\"image\/jpeg\" \/>\n<meta name=\"twitter:card\" content=\"summary_large_image\" \/>\n<meta name=\"twitter:label1\" content=\"Gesch\u00e4tzte Lesezeit\" \/>\n\t<meta name=\"twitter:data1\" content=\"1\u00a0Minute\" \/>\n<script type=\"application\/ld+json\" class=\"yoast-schema-graph\">{\"@context\":\"https:\/\/schema.org\",\"@graph\":[{\"@type\":\"WebPage\",\"@id\":\"https:\/\/tornyos.eu\/de\/produkt\/tornyos-blaetterteig\/\",\"url\":\"https:\/\/tornyos.eu\/de\/produkt\/tornyos-blaetterteig\/\",\"name\":\"Tornyos Bl\u00e4tterteig - Tornyos P\u00e9ks\u00e9g\",\"isPartOf\":{\"@id\":\"https:\/\/tornyos.eu\/de\/#website\"},\"primaryImageOfPage\":{\"@id\":\"https:\/\/tornyos.eu\/de\/produkt\/tornyos-blaetterteig\/#primaryimage\"},\"image\":{\"@id\":\"https:\/\/tornyos.eu\/de\/produkt\/tornyos-blaetterteig\/#primaryimage\"},\"thumbnailUrl\":\"https:\/\/tornyos.eu\/wp-content\/uploads\/2024\/10\/tornyos-Kremeslap.jpg\",\"datePublished\":\"2024-10-10T07:52:51+00:00\",\"dateModified\":\"2025-02-14T10:15:33+00:00\",\"breadcrumb\":{\"@id\":\"https:\/\/tornyos.eu\/de\/produkt\/tornyos-blaetterteig\/#breadcrumb\"},\"inLanguage\":\"de\",\"potentialAction\":[{\"@type\":\"ReadAction\",\"target\":[\"https:\/\/tornyos.eu\/de\/produkt\/tornyos-blaetterteig\/\"]}]},{\"@type\":\"ImageObject\",\"inLanguage\":\"de\",\"@id\":\"https:\/\/tornyos.eu\/de\/produkt\/tornyos-blaetterteig\/#primaryimage\",\"url\":\"https:\/\/tornyos.eu\/wp-content\/uploads\/2024\/10\/tornyos-Kremeslap.jpg\",\"contentUrl\":\"https:\/\/tornyos.eu\/wp-content\/uploads\/2024\/10\/tornyos-Kremeslap.jpg\",\"width\":1500,\"height\":1500},{\"@type\":\"BreadcrumbList\",\"@id\":\"https:\/\/tornyos.eu\/de\/produkt\/tornyos-blaetterteig\/#breadcrumb\",\"itemListElement\":[{\"@type\":\"ListItem\",\"position\":1,\"name\":\"Kezd\u0151lap\",\"item\":\"https:\/\/tornyos.eu\/de\/\"},{\"@type\":\"ListItem\",\"position\":2,\"name\":\"Produkte\",\"item\":\"https:\/\/tornyos.eu\/de\/shop\/\"},{\"@type\":\"ListItem\",\"position\":3,\"name\":\"Tornyos Bl\u00e4tterteig\"}]},{\"@type\":\"WebSite\",\"@id\":\"https:\/\/tornyos.eu\/de\/#website\",\"url\":\"https:\/\/tornyos.eu\/de\/\",\"name\":\"Tornyos P\u00e9ks\u00e9g\",\"description\":\"Tele pocak, boldog pocak!\",\"publisher\":{\"@id\":\"https:\/\/tornyos.eu\/de\/#organization\"},\"potentialAction\":[{\"@type\":\"SearchAction\",\"target\":{\"@type\":\"EntryPoint\",\"urlTemplate\":\"https:\/\/tornyos.eu\/de\/?s={search_term_string}\"},\"query-input\":{\"@type\":\"PropertyValueSpecification\",\"valueRequired\":true,\"valueName\":\"search_term_string\"}}],\"inLanguage\":\"de\"},{\"@type\":\"Organization\",\"@id\":\"https:\/\/tornyos.eu\/de\/#organization\",\"name\":\"Tornyos P\u00e9ks\u00e9g\",\"url\":\"https:\/\/tornyos.eu\/de\/\",\"logo\":{\"@type\":\"ImageObject\",\"inLanguage\":\"de\",\"@id\":\"https:\/\/tornyos.eu\/de\/#\/schema\/logo\/image\/\",\"url\":\"https:\/\/tornyos.eu\/wp-content\/uploads\/2024\/08\/tornyos-color1.svg\",\"contentUrl\":\"https:\/\/tornyos.eu\/wp-content\/uploads\/2024\/08\/tornyos-color1.svg\",\"width\":770,\"height\":134,\"caption\":\"Tornyos P\u00e9ks\u00e9g\"},\"image\":{\"@id\":\"https:\/\/tornyos.eu\/de\/#\/schema\/logo\/image\/\"},\"sameAs\":[\"https:\/\/www.facebook.com\/tornyos\",\"https:\/\/www.instagram.com\/tornyospekseg\/\",\"https:\/\/www.youtube.com\/@tornyospeksegcukraszda8788\"]}]}<\/script>\n<!-- \/ Yoast SEO plugin. -->","yoast_head_json":{"title":"Tornyos Bl\u00e4tterteig - Tornyos P\u00e9ks\u00e9g","robots":{"index":"index","follow":"follow","max-snippet":"max-snippet:-1","max-image-preview":"max-image-preview:large","max-video-preview":"max-video-preview:-1"},"canonical":"https:\/\/tornyos.eu\/de\/produkt\/tornyos-blaetterteig\/","og_locale":"de_DE","og_type":"article","og_title":"Tornyos Bl\u00e4tterteig - Tornyos P\u00e9ks\u00e9g","og_description":"Durchschnittliche N\u00e4hrwerte        Energie: 2127kJ \/ 508 kcal   Fett: \u00a022,07 g   davon ges\u00e4ttigte Fetts\u00e4uren: 11,7 g   Kohlenhydrate: 37,2 g   davon Zucker: 2,2 g   Eiwei\u00df: 4,7 g   Salz: 0,3 g                Zutaten     Weizenmehl, Wasser, Margarine (pflanzliche \u00d6le (Palm, Sonnenblume, Raps), Wasser, Salz, Emulgator E471, Antioxidationsmittel (E330, E320, E310), Konservierungsstoff E202, Butteraroma, Farbstoff E160a), Zucker, Vanillezucker, Emulgator E472e, Enzym Alpha-Amylase, Salz.       Allergeninformationen, GVO-Information     Enth\u00e4lt: Gluten. Kann Spuren von Milch, Ei, Waln\u00fcssen, Sesamsamen und Soja enthalten. Das Produkt wird aus GVO-freien Zutaten hergestellt; das Lebensmittel wird nicht mit ionisierenden Strahlen behandelt.           Lagerung     K\u00fchl und trocken lagern           Logistische Daten    Nettoinhalt 400 g    Haltbarkeit   270 Tage    St\u00fcck \/ Packung  2   Packungen \/ Karton 10   Kartons \/ Palette 40   Ca. Abmessungen 390x290 mm","og_url":"https:\/\/tornyos.eu\/de\/produkt\/tornyos-blaetterteig\/","og_site_name":"Tornyos P\u00e9ks\u00e9g","article_publisher":"https:\/\/www.facebook.com\/tornyos","article_modified_time":"2025-02-14T10:15:33+00:00","og_image":[{"width":1500,"height":1500,"url":"https:\/\/tornyos.eu\/wp-content\/uploads\/2024\/10\/tornyos-Kremeslap.jpg","type":"image\/jpeg"}],"twitter_card":"summary_large_image","twitter_misc":{"Gesch\u00e4tzte Lesezeit":"1\u00a0Minute"},"schema":{"@context":"https:\/\/schema.org","@graph":[{"@type":"WebPage","@id":"https:\/\/tornyos.eu\/de\/produkt\/tornyos-blaetterteig\/","url":"https:\/\/tornyos.eu\/de\/produkt\/tornyos-blaetterteig\/","name":"Tornyos Bl\u00e4tterteig - Tornyos P\u00e9ks\u00e9g","isPartOf":{"@id":"https:\/\/tornyos.eu\/de\/#website"},"primaryImageOfPage":{"@id":"https:\/\/tornyos.eu\/de\/produkt\/tornyos-blaetterteig\/#primaryimage"},"image":{"@id":"https:\/\/tornyos.eu\/de\/produkt\/tornyos-blaetterteig\/#primaryimage"},"thumbnailUrl":"https:\/\/tornyos.eu\/wp-content\/uploads\/2024\/10\/tornyos-Kremeslap.jpg","datePublished":"2024-10-10T07:52:51+00:00","dateModified":"2025-02-14T10:15:33+00:00","breadcrumb":{"@id":"https:\/\/tornyos.eu\/de\/produkt\/tornyos-blaetterteig\/#breadcrumb"},"inLanguage":"de","potentialAction":[{"@type":"ReadAction","target":["https:\/\/tornyos.eu\/de\/produkt\/tornyos-blaetterteig\/"]}]},{"@type":"ImageObject","inLanguage":"de","@id":"https:\/\/tornyos.eu\/de\/produkt\/tornyos-blaetterteig\/#primaryimage","url":"https:\/\/tornyos.eu\/wp-content\/uploads\/2024\/10\/tornyos-Kremeslap.jpg","contentUrl":"https:\/\/tornyos.eu\/wp-content\/uploads\/2024\/10\/tornyos-Kremeslap.jpg","width":1500,"height":1500},{"@type":"BreadcrumbList","@id":"https:\/\/tornyos.eu\/de\/produkt\/tornyos-blaetterteig\/#breadcrumb","itemListElement":[{"@type":"ListItem","position":1,"name":"Kezd\u0151lap","item":"https:\/\/tornyos.eu\/de\/"},{"@type":"ListItem","position":2,"name":"Produkte","item":"https:\/\/tornyos.eu\/de\/shop\/"},{"@type":"ListItem","position":3,"name":"Tornyos Bl\u00e4tterteig"}]},{"@type":"WebSite","@id":"https:\/\/tornyos.eu\/de\/#website","url":"https:\/\/tornyos.eu\/de\/","name":"Tornyos P\u00e9ks\u00e9g","description":"Tele pocak, boldog pocak!","publisher":{"@id":"https:\/\/tornyos.eu\/de\/#organization"},"potentialAction":[{"@type":"SearchAction","target":{"@type":"EntryPoint","urlTemplate":"https:\/\/tornyos.eu\/de\/?s={search_term_string}"},"query-input":{"@type":"PropertyValueSpecification","valueRequired":true,"valueName":"search_term_string"}}],"inLanguage":"de"},{"@type":"Organization","@id":"https:\/\/tornyos.eu\/de\/#organization","name":"Tornyos P\u00e9ks\u00e9g","url":"https:\/\/tornyos.eu\/de\/","logo":{"@type":"ImageObject","inLanguage":"de","@id":"https:\/\/tornyos.eu\/de\/#\/schema\/logo\/image\/","url":"https:\/\/tornyos.eu\/wp-content\/uploads\/2024\/08\/tornyos-color1.svg","contentUrl":"https:\/\/tornyos.eu\/wp-content\/uploads\/2024\/08\/tornyos-color1.svg","width":770,"height":134,"caption":"Tornyos P\u00e9ks\u00e9g"},"image":{"@id":"https:\/\/tornyos.eu\/de\/#\/schema\/logo\/image\/"},"sameAs":["https:\/\/www.facebook.com\/tornyos","https:\/\/www.instagram.com\/tornyospekseg\/","https:\/\/www.youtube.com\/@tornyospeksegcukraszda8788"]}]}},"_links":{"self":[{"href":"https:\/\/tornyos.eu\/de\/wp-json\/wp\/v2\/product\/3604","targetHints":{"allow":["GET"]}}],"collection":[{"href":"https:\/\/tornyos.eu\/de\/wp-json\/wp\/v2\/product"}],"about":[{"href":"https:\/\/tornyos.eu\/de\/wp-json\/wp\/v2\/types\/product"}],"replies":[{"embeddable":true,"href":"https:\/\/tornyos.eu\/de\/wp-json\/wp\/v2\/comments?post=3604"}],"wp:featuredmedia":[{"embeddable":true,"href":"https:\/\/tornyos.eu\/de\/wp-json\/wp\/v2\/media\/1843"}],"wp:attachment":[{"href":"https:\/\/tornyos.eu\/de\/wp-json\/wp\/v2\/media?parent=3604"}],"wp:term":[{"taxonomy":"product_brand","embeddable":true,"href":"https:\/\/tornyos.eu\/de\/wp-json\/wp\/v2\/product_brand?post=3604"},{"taxonomy":"product_cat","embeddable":true,"href":"https:\/\/tornyos.eu\/de\/wp-json\/wp\/v2\/product_cat?post=3604"},{"taxonomy":"product_tag","embeddable":true,"href":"https:\/\/tornyos.eu\/de\/wp-json\/wp\/v2\/product_tag?post=3604"}],"curies":[{"name":"wp","href":"https:\/\/api.w.org\/{rel}","templated":true}]}}