{"id":3490,"date":"2024-08-06T14:17:13","date_gmt":"2024-08-06T12:17:13","guid":{"rendered":"https:\/\/tornyos.eu\/adatkezelesi-tajekoztato\/"},"modified":"2025-03-13T12:20:05","modified_gmt":"2025-03-13T11:20:05","slug":"datenschutzerklaerung","status":"publish","type":"page","link":"https:\/\/tornyos.eu\/de\/datenschutzerklaerung\/","title":{"rendered":"Datenschutzerkl\u00e4rung"},"content":{"rendered":"\n<h4 class=\"wp-block-heading\">Wer wir sind<\/h4>\n\n\n\n<p>Die Adresse unserer Website lautet: <a href=\"https:\/\/tornyos.eu\/de\/\">https:\/\/tornyos.eu<\/a>.<\/p>\n\n\n\n<h4 class=\"wp-block-heading\">Kommentare<\/h4>\n\n\n\n<p>Beim Absenden eines Kommentars werden neben den in der Kommentarform angegebenen Daten auch die IP-Adresse des Kommentierenden sowie der Browser User-Agent-String gespeichert, um unerw\u00fcnschte Inhalte herauszufiltern.<\/p>\n\n\n\n<p>Eine anonymisierte Zeichenfolge (h\u00e4ufig als Hash bezeichnet), die aus der E-Mail-Adresse generiert wird, kann an den Gravatar-Dienst \u00fcbermittelt werden, falls dieser auf dieser Website verwendet wird. Die Nutzungsbedingungen des Gravatar-Dienstes finden Sie unter <a href=\"https:\/\/automattic.com\/privacy\/\" target=\"_blank\" rel=\"noreferrer noopener\">https:\/\/automattic.com\/privacy\/<\/a>. Nach der Freigabe des Kommentars sind der Kommentarinhalt und unser Profilbild \u00f6ffentlich sichtbar.<\/p>\n\n\n\n<h4 class=\"wp-block-heading\">Medien<\/h4>\n\n\n\n<p>Wenn ein registrierter Benutzer Bilder auf die Website hochl\u00e4dt, sollte er darauf achten, keine EXIF-Daten mit GPS-Positionsangaben zu verwenden. Besucher der Website k\u00f6nnen diese Bilder herunterladen und Standortinformationen extrahieren.<\/p>\n\n\n\n<h4 class=\"wp-block-heading\">Cookies<\/h4>\n\n\n\n<p>Wenn wir auf der Website einen Kommentar schreiben, werden Name, E-Mail-Adresse und die angegebene Website in Cookies gespeichert. Dies ist eine Komfortfunktion, damit wir diese Felder nicht erneut ausf\u00fcllen m\u00fcssen, wenn wir einen weiteren Kommentar schreiben. Diese Cookies verfallen nach einem Jahr.<\/p>\n\n\n\n<p>Wenn wir die Login-Seite besuchen, setzen wir tempor\u00e4re Cookies, um festzustellen, ob der Browser Cookies akzeptiert. Diese Cookies enthalten keine personenbezogenen Daten und werden beim Schlie\u00dfen des Browsers gel\u00f6scht.<\/p>\n\n\n\n<p>Beim Einloggen in die Website erstellen wir mehrere Cookies, um die Login-Informationen und Anzeigeoptionen f\u00fcr die Editor-Oberfl\u00e4che zu speichern. Login-Cookies sind zwei Tage lang g\u00fcltig, w\u00e4hrend die Editor-Interface-Cookies ein Jahr lang g\u00fcltig sind. Falls die Option \u201eAngemeldet bleiben\u201c aktiviert ist, verl\u00e4ngert sich die Login-Dauer auf zwei Wochen. Beim Ausloggen werden die Login-Cookies entfernt.<\/p>\n\n\n\n<p>Beim Bearbeiten oder Ver\u00f6ffentlichen eines Beitrags oder einer Seite wird ein weiterer Cookie in unserem Browser gespeichert. Dieses Cookie enth\u00e4lt keine pers\u00f6nlichen Daten, sondern speichert lediglich die ID des bearbeiteten Beitrags. Es verf\u00e4llt nach einem Tag.<\/p>\n\n\n\n<div style=\"width: 100%;overflow: scroll\"><script type=\"text\/javascript\" charset=\"UTF-8\"  data-cookiescriptreport=\"report\" src=\"\/\/report.cookie-script.com\/r\/271ae5d91d4b74044fe202d12181cc52.js\"><\/script><\/div>\n\n\n\n<h4 class=\"wp-block-heading\">Eingebettete Inhalte von anderen Websites<\/h4>\n\n\n\n<p>Beitr\u00e4ge auf der Seite k\u00f6nnen eingebettete Inhalte von externen Quellen enthalten (z. B. Videos, Bilder, Artikel usw.). Eingebettete Inhalte von externen Quellen verhalten sich so, als h\u00e4tten wir eine andere Website besucht.<\/p>\n\n\n\n<p>Diese Websites k\u00f6nnen Daten \u00fcber Besucher sammeln, Cookies verwenden, zus\u00e4tzliche Tracking-Dienste von Dritten einbinden und die Interaktion der Nutzer mit diesen eingebetteten Inhalten \u00fcberwachen, sofern wir ein Benutzerkonto haben und dort eingeloggt sind.<\/p>\n\n\n\n<h4 class=\"wp-block-heading\">An wen wir Nutzerdaten weitergeben<\/h4>\n\n\n\n<p>Wenn ein Passwort-Reset angefordert wird, wird die IP-Adresse in die Zur\u00fccksetzungs-E-Mail aufgenommen.<\/p>\n\n\n\n<h4 class=\"wp-block-heading\">Wie lange wir personenbezogene Daten speichern<\/h4>\n\n\n\n<p>Wenn wir einen Kommentar hinterlassen, bleiben der Kommentar und seine Metadaten zeitlich unbegrenzt im System. Dadurch k\u00f6nnen wir Folgekommentare automatisch erkennen und freigeben, anstatt sie in einer Warteschlange zur Moderation festzuhalten.<\/p>\n\n\n\n<p>F\u00fcr Benutzer, die sich auf unserer Website registrieren (sofern vorhanden), speichern wir auch die pers\u00f6nlichen Informationen, die sie in ihrem Benutzerprofil angeben. Alle Benutzer k\u00f6nnen ihre pers\u00f6nlichen Informationen jederzeit einsehen, bearbeiten oder l\u00f6schen (mit Ausnahme der \u00c4nderung ihres Benutzernamens). Administratoren der Website k\u00f6nnen diese Informationen ebenfalls einsehen und bearbeiten.<\/p>\n\n\n\n<h4 class=\"wp-block-heading\">Welche Rechte Sie an Ihren Daten haben<\/h4>\n\n\n\n<p>Wenn Sie ein registriertes Konto auf der Website haben oder Kommentare gepostet haben, k\u00f6nnen Sie eine Exportdatei der personenbezogenen Daten, die wir \u00fcber Sie gespeichert haben, anfordern, einschlie\u00dflich aller Daten, die Sie uns mitgeteilt haben. Sie k\u00f6nnen auch verlangen, dass wir s\u00e4mtliche zuvor bereitgestellten personenbezogenen Daten l\u00f6schen. Davon ausgenommen sind Daten, die wir aus administrativen, rechtlichen oder Sicherheitsgr\u00fcnden aufbewahren m\u00fcssen.<\/p>\n\n\n\n<h4 class=\"wp-block-heading\">Wohin Ihre Daten gesendet werden<\/h4>\n\n\n\n<p>Von Besuchern eingereichte Kommentare k\u00f6nnen durch einen automatischen Spam-Erkennungsdienst \u00fcberpr\u00fcft werden.<\/p>\n\n\n\n<div style=\"height:140px\" aria-hidden=\"true\" class=\"wp-block-spacer\"><\/div>\n","protected":false},"excerpt":{"rendered":"<p>Wer wir sind Die Adresse unserer Website lautet: https:\/\/tornyos.eu. Kommentare Beim Absenden eines Kommentars werden neben den in der Kommentarform angegebenen Daten auch die IP-Adresse des Kommentierenden sowie der Browser User-Agent-String gespeichert, um unerw\u00fcnschte Inhalte herauszufiltern. Eine anonymisierte Zeichenfolge (h\u00e4ufig als Hash bezeichnet), die aus der E-Mail-Adresse generiert wird, kann an den Gravatar-Dienst \u00fcbermittelt werden, [&hellip;]<\/p>\n","protected":false},"author":2,"featured_media":0,"parent":0,"menu_order":0,"comment_status":"closed","ping_status":"closed","template":"","meta":{"footnotes":""},"class_list":["post-3490","page","type-page","status-publish","hentry"],"yoast_head":"<!-- This site is optimized with the Yoast SEO plugin v27.0 - https:\/\/yoast.com\/product\/yoast-seo-wordpress\/ -->\n<title>Datenschutzerkl\u00e4rung - Tornyos P\u00e9ks\u00e9g<\/title>\n<meta name=\"robots\" content=\"index, follow, max-snippet:-1, max-image-preview:large, max-video-preview:-1\" \/>\n<link rel=\"canonical\" href=\"https:\/\/tornyos.eu\/de\/datenschutzerklaerung\/\" \/>\n<meta property=\"og:locale\" content=\"de_DE\" \/>\n<meta property=\"og:type\" content=\"article\" \/>\n<meta property=\"og:title\" content=\"Datenschutzerkl\u00e4rung - Tornyos P\u00e9ks\u00e9g\" \/>\n<meta property=\"og:description\" content=\"Wer wir sind Die Adresse unserer Website lautet: https:\/\/tornyos.eu. Kommentare Beim Absenden eines Kommentars werden neben den in der Kommentarform angegebenen Daten auch die IP-Adresse des Kommentierenden sowie der Browser User-Agent-String gespeichert, um unerw\u00fcnschte Inhalte herauszufiltern. Eine anonymisierte Zeichenfolge (h\u00e4ufig als Hash bezeichnet), die aus der E-Mail-Adresse generiert wird, kann an den Gravatar-Dienst \u00fcbermittelt werden, [&hellip;]\" \/>\n<meta property=\"og:url\" content=\"https:\/\/tornyos.eu\/de\/datenschutzerklaerung\/\" \/>\n<meta property=\"og:site_name\" content=\"Tornyos P\u00e9ks\u00e9g\" \/>\n<meta property=\"article:publisher\" content=\"https:\/\/www.facebook.com\/tornyos\" \/>\n<meta property=\"article:modified_time\" content=\"2025-03-13T11:20:05+00:00\" \/>\n<meta property=\"og:image\" content=\"https:\/\/tornyos.eu\/wp-content\/uploads\/2024\/10\/tornyos-megosztasi-kep-2.jpg\" \/>\n\t<meta property=\"og:image:width\" content=\"1245\" \/>\n\t<meta property=\"og:image:height\" content=\"719\" \/>\n\t<meta property=\"og:image:type\" content=\"image\/jpeg\" \/>\n<meta name=\"twitter:card\" content=\"summary_large_image\" \/>\n<meta name=\"twitter:label1\" content=\"Gesch\u00e4tzte Lesezeit\" \/>\n\t<meta name=\"twitter:data1\" content=\"3\u00a0Minuten\" \/>\n<script type=\"application\/ld+json\" class=\"yoast-schema-graph\">{\"@context\":\"https:\/\/schema.org\",\"@graph\":[{\"@type\":\"WebPage\",\"@id\":\"https:\/\/tornyos.eu\/de\/datenschutzerklaerung\/\",\"url\":\"https:\/\/tornyos.eu\/de\/datenschutzerklaerung\/\",\"name\":\"Datenschutzerkl\u00e4rung - Tornyos P\u00e9ks\u00e9g\",\"isPartOf\":{\"@id\":\"https:\/\/tornyos.eu\/de\/#website\"},\"datePublished\":\"2024-08-06T12:17:13+00:00\",\"dateModified\":\"2025-03-13T11:20:05+00:00\",\"breadcrumb\":{\"@id\":\"https:\/\/tornyos.eu\/de\/datenschutzerklaerung\/#breadcrumb\"},\"inLanguage\":\"de\",\"potentialAction\":[{\"@type\":\"ReadAction\",\"target\":[\"https:\/\/tornyos.eu\/de\/datenschutzerklaerung\/\"]}]},{\"@type\":\"BreadcrumbList\",\"@id\":\"https:\/\/tornyos.eu\/de\/datenschutzerklaerung\/#breadcrumb\",\"itemListElement\":[{\"@type\":\"ListItem\",\"position\":1,\"name\":\"Kezd\u0151lap\",\"item\":\"https:\/\/tornyos.eu\/de\/\"},{\"@type\":\"ListItem\",\"position\":2,\"name\":\"Datenschutzerkl\u00e4rung\"}]},{\"@type\":\"WebSite\",\"@id\":\"https:\/\/tornyos.eu\/de\/#website\",\"url\":\"https:\/\/tornyos.eu\/de\/\",\"name\":\"Tornyos P\u00e9ks\u00e9g\",\"description\":\"Tele pocak, boldog pocak!\",\"publisher\":{\"@id\":\"https:\/\/tornyos.eu\/de\/#organization\"},\"potentialAction\":[{\"@type\":\"SearchAction\",\"target\":{\"@type\":\"EntryPoint\",\"urlTemplate\":\"https:\/\/tornyos.eu\/de\/?s={search_term_string}\"},\"query-input\":{\"@type\":\"PropertyValueSpecification\",\"valueRequired\":true,\"valueName\":\"search_term_string\"}}],\"inLanguage\":\"de\"},{\"@type\":\"Organization\",\"@id\":\"https:\/\/tornyos.eu\/de\/#organization\",\"name\":\"Tornyos P\u00e9ks\u00e9g\",\"url\":\"https:\/\/tornyos.eu\/de\/\",\"logo\":{\"@type\":\"ImageObject\",\"inLanguage\":\"de\",\"@id\":\"https:\/\/tornyos.eu\/de\/#\/schema\/logo\/image\/\",\"url\":\"https:\/\/tornyos.eu\/wp-content\/uploads\/2024\/08\/tornyos-color1.svg\",\"contentUrl\":\"https:\/\/tornyos.eu\/wp-content\/uploads\/2024\/08\/tornyos-color1.svg\",\"width\":770,\"height\":134,\"caption\":\"Tornyos P\u00e9ks\u00e9g\"},\"image\":{\"@id\":\"https:\/\/tornyos.eu\/de\/#\/schema\/logo\/image\/\"},\"sameAs\":[\"https:\/\/www.facebook.com\/tornyos\",\"https:\/\/www.instagram.com\/tornyospekseg\/\",\"https:\/\/www.youtube.com\/@tornyospeksegcukraszda8788\"]}]}<\/script>\n<!-- \/ Yoast SEO plugin. -->","yoast_head_json":{"title":"Datenschutzerkl\u00e4rung - Tornyos P\u00e9ks\u00e9g","robots":{"index":"index","follow":"follow","max-snippet":"max-snippet:-1","max-image-preview":"max-image-preview:large","max-video-preview":"max-video-preview:-1"},"canonical":"https:\/\/tornyos.eu\/de\/datenschutzerklaerung\/","og_locale":"de_DE","og_type":"article","og_title":"Datenschutzerkl\u00e4rung - Tornyos P\u00e9ks\u00e9g","og_description":"Wer wir sind Die Adresse unserer Website lautet: https:\/\/tornyos.eu. Kommentare Beim Absenden eines Kommentars werden neben den in der Kommentarform angegebenen Daten auch die IP-Adresse des Kommentierenden sowie der Browser User-Agent-String gespeichert, um unerw\u00fcnschte Inhalte herauszufiltern. Eine anonymisierte Zeichenfolge (h\u00e4ufig als Hash bezeichnet), die aus der E-Mail-Adresse generiert wird, kann an den Gravatar-Dienst \u00fcbermittelt werden, [&hellip;]","og_url":"https:\/\/tornyos.eu\/de\/datenschutzerklaerung\/","og_site_name":"Tornyos P\u00e9ks\u00e9g","article_publisher":"https:\/\/www.facebook.com\/tornyos","article_modified_time":"2025-03-13T11:20:05+00:00","og_image":[{"width":1245,"height":719,"url":"https:\/\/tornyos.eu\/wp-content\/uploads\/2024\/10\/tornyos-megosztasi-kep-2.jpg","type":"image\/jpeg"}],"twitter_card":"summary_large_image","twitter_misc":{"Gesch\u00e4tzte Lesezeit":"3\u00a0Minuten"},"schema":{"@context":"https:\/\/schema.org","@graph":[{"@type":"WebPage","@id":"https:\/\/tornyos.eu\/de\/datenschutzerklaerung\/","url":"https:\/\/tornyos.eu\/de\/datenschutzerklaerung\/","name":"Datenschutzerkl\u00e4rung - Tornyos P\u00e9ks\u00e9g","isPartOf":{"@id":"https:\/\/tornyos.eu\/de\/#website"},"datePublished":"2024-08-06T12:17:13+00:00","dateModified":"2025-03-13T11:20:05+00:00","breadcrumb":{"@id":"https:\/\/tornyos.eu\/de\/datenschutzerklaerung\/#breadcrumb"},"inLanguage":"de","potentialAction":[{"@type":"ReadAction","target":["https:\/\/tornyos.eu\/de\/datenschutzerklaerung\/"]}]},{"@type":"BreadcrumbList","@id":"https:\/\/tornyos.eu\/de\/datenschutzerklaerung\/#breadcrumb","itemListElement":[{"@type":"ListItem","position":1,"name":"Kezd\u0151lap","item":"https:\/\/tornyos.eu\/de\/"},{"@type":"ListItem","position":2,"name":"Datenschutzerkl\u00e4rung"}]},{"@type":"WebSite","@id":"https:\/\/tornyos.eu\/de\/#website","url":"https:\/\/tornyos.eu\/de\/","name":"Tornyos P\u00e9ks\u00e9g","description":"Tele pocak, boldog pocak!","publisher":{"@id":"https:\/\/tornyos.eu\/de\/#organization"},"potentialAction":[{"@type":"SearchAction","target":{"@type":"EntryPoint","urlTemplate":"https:\/\/tornyos.eu\/de\/?s={search_term_string}"},"query-input":{"@type":"PropertyValueSpecification","valueRequired":true,"valueName":"search_term_string"}}],"inLanguage":"de"},{"@type":"Organization","@id":"https:\/\/tornyos.eu\/de\/#organization","name":"Tornyos P\u00e9ks\u00e9g","url":"https:\/\/tornyos.eu\/de\/","logo":{"@type":"ImageObject","inLanguage":"de","@id":"https:\/\/tornyos.eu\/de\/#\/schema\/logo\/image\/","url":"https:\/\/tornyos.eu\/wp-content\/uploads\/2024\/08\/tornyos-color1.svg","contentUrl":"https:\/\/tornyos.eu\/wp-content\/uploads\/2024\/08\/tornyos-color1.svg","width":770,"height":134,"caption":"Tornyos P\u00e9ks\u00e9g"},"image":{"@id":"https:\/\/tornyos.eu\/de\/#\/schema\/logo\/image\/"},"sameAs":["https:\/\/www.facebook.com\/tornyos","https:\/\/www.instagram.com\/tornyospekseg\/","https:\/\/www.youtube.com\/@tornyospeksegcukraszda8788"]}]}},"_links":{"self":[{"href":"https:\/\/tornyos.eu\/de\/wp-json\/wp\/v2\/pages\/3490","targetHints":{"allow":["GET"]}}],"collection":[{"href":"https:\/\/tornyos.eu\/de\/wp-json\/wp\/v2\/pages"}],"about":[{"href":"https:\/\/tornyos.eu\/de\/wp-json\/wp\/v2\/types\/page"}],"author":[{"embeddable":true,"href":"https:\/\/tornyos.eu\/de\/wp-json\/wp\/v2\/users\/2"}],"replies":[{"embeddable":true,"href":"https:\/\/tornyos.eu\/de\/wp-json\/wp\/v2\/comments?post=3490"}],"version-history":[{"count":4,"href":"https:\/\/tornyos.eu\/de\/wp-json\/wp\/v2\/pages\/3490\/revisions"}],"predecessor-version":[{"id":4460,"href":"https:\/\/tornyos.eu\/de\/wp-json\/wp\/v2\/pages\/3490\/revisions\/4460"}],"wp:attachment":[{"href":"https:\/\/tornyos.eu\/de\/wp-json\/wp\/v2\/media?parent=3490"}],"curies":[{"name":"wp","href":"https:\/\/api.w.org\/{rel}","templated":true}]}}